{"id":927,"date":"2023-03-22T15:14:07","date_gmt":"2023-03-22T14:14:07","guid":{"rendered":"https:\/\/agricampuslaroque.fr\/?page_id=927"},"modified":"2023-03-22T16:08:37","modified_gmt":"2023-03-22T15:08:37","slug":"agricampus","status":"publish","type":"page","link":"https:\/\/agricampuslaroque.fr\/index.php\/agricampus\/","title":{"rendered":"Agricampus"},"content":{"rendered":"\t\t<div data-elementor-type=\"wp-page\" data-elementor-id=\"927\" class=\"elementor elementor-927\">\n\t\t\t\t\t\t<section class=\"elementor-section elementor-top-section elementor-element elementor-element-ea6c51b elementor-section-boxed elementor-section-height-default elementor-section-height-default wpr-particle-no wpr-jarallax-no wpr-parallax-no wpr-sticky-section-no wpr-equal-height-no\" data-id=\"ea6c51b\" data-element_type=\"section\" data-e-type=\"section\">\n\t\t\t\t\t\t<div class=\"elementor-container elementor-column-gap-default\">\n\t\t\t\t\t<div class=\"elementor-column elementor-col-33 elementor-top-column elementor-element elementor-element-f7e3d57\" data-id=\"f7e3d57\" data-element_type=\"column\" data-e-type=\"column\">\n\t\t\t<div class=\"elementor-widget-wrap elementor-element-populated\">\n\t\t\t\t\t\t<div class=\"elementor-element elementor-element-1589f65 elementor-widget elementor-widget-heading\" data-id=\"1589f65\" data-element_type=\"widget\" data-e-type=\"widget\" data-widget_type=\"heading.default\">\n\t\t\t\t<div class=\"elementor-widget-container\">\n\t\t\t\t\t<h2 class=\"elementor-heading-title elementor-size-small\">Nos Domaines de formation<\/h2>\t\t\t\t<\/div>\n\t\t\t\t<\/div>\n\t\t\t\t<div class=\"elementor-element elementor-element-1f99496 wpr-page-list-vertical wpr-pl-badge-center wpr-pl-icon-center elementor-widget elementor-widget-wpr-page-list\" data-id=\"1f99496\" data-element_type=\"widget\" data-e-type=\"widget\" data-widget_type=\"wpr-page-list.default\">\n\t\t\t\t<div class=\"elementor-widget-container\">\n\t\t\t\t\t<div class=\"wpr-page-list-wrap\"><ul class=\"wpr-page-list\"><li class=\"wpr-page-list-item elementor-repeater-item-b4be4d7 wpr-pointer-none wpr-pointer-line-fx wpr-pointer-fx-fade\"><div><a   class=\"wpr-no-pointer wpr-pl-title\">Agriculture<\/a><\/div><\/li><li class=\"wpr-page-list-item elementor-repeater-item-683b139 wpr-pointer-none wpr-pointer-line-fx wpr-pointer-fx-fade\"><div><a   class=\"wpr-no-pointer wpr-pl-title\">Agroalimentaire<\/a><\/div><\/li><li class=\"wpr-page-list-item elementor-repeater-item-0d41efd wpr-pointer-none wpr-pointer-line-fx wpr-pointer-fx-fade\"><div><a   class=\"wpr-no-pointer wpr-pl-title\">Commerce & distribution<\/a><\/div><\/li><li class=\"wpr-page-list-item elementor-repeater-item-b4dcbd1 wpr-pointer-none wpr-pointer-line-fx wpr-pointer-fx-fade\"><div><a   class=\"wpr-no-pointer wpr-pl-title\">Laboratoire et analyses<\/a><\/div><\/li><\/ul><\/div>\t\t\t\t<\/div>\n\t\t\t\t<\/div>\n\t\t\t\t\t<\/div>\n\t\t<\/div>\n\t\t\t\t<div class=\"elementor-column elementor-col-33 elementor-top-column elementor-element elementor-element-ac7042f\" data-id=\"ac7042f\" data-element_type=\"column\" data-e-type=\"column\">\n\t\t\t<div class=\"elementor-widget-wrap elementor-element-populated\">\n\t\t\t\t\t\t<div class=\"elementor-element elementor-element-73b5f03 elementor-position-top elementor-widget elementor-widget-image-box\" data-id=\"73b5f03\" data-element_type=\"widget\" data-e-type=\"widget\" data-widget_type=\"image-box.default\">\n\t\t\t\t<div class=\"elementor-widget-container\">\n\t\t\t\t\t<div class=\"elementor-image-box-wrapper\"><figure class=\"elementor-image-box-img\"><img decoding=\"async\" src=\"https:\/\/agricampuslaroque.fr\/wp-content\/plugins\/elementor\/assets\/images\/placeholder.png\" title=\"\" alt=\"\" loading=\"lazy\" \/><\/figure><div class=\"elementor-image-box-content\"><h2 class=\"elementor-image-box-title\">Pr\u00e9sentation de l\u2019Agricampus La Roque<\/h2><p class=\"elementor-image-box-description\">Bienvenue sur l\u2019Agricampus La Roque.\n\nVenez d\u00e9couvrir cet \u00e9tablissement qui regroupe 5 centres dont le lyc\u00e9e, le CFA et le CFPPA o\u00f9 sont accueillis environ 600 \u00e9l\u00e8ves, 120 apprentis et stagiaires dans des domaines tr\u00e8s vari\u00e9s.\n\nL\u2019Exploitation Agricole et l\u2019Atelier Agroalimentaire sont l\u00e0 en appui pour assurer des formations de qualit\u00e9 mais aussi participer aux autres missions du Minist\u00e8re de l\u2019Agriculture comme l\u2019animation du territoire et des exp\u00e9rimentations.\n\nComme vous le verrez, l\u2019Agricampus de Rodez est tr\u00e8s ancr\u00e9 dans son territoire et participe activement \u00e0 son d\u00e9veloppement. Avec des taux de r\u00e9ussite aux examens autour de 95% toutes voies confondues, il attire un grand nombre de jeunes. Les effectifs sont en hausse depuis plusieurs ann\u00e9es.\n\nLa formation et l\u2019insertion professionnelle sont nos missions premi\u00e8res. Nous d\u00e9veloppons des partenariats avec l\u2019ensemble des acteurs du territoire afin de r\u00e9pondre au mieux aux attentes des professionnels. En parall\u00e8le, nous poursuivons notre travail aupr\u00e8s de la DRAAF et du Conseil R\u00e9gional pour que les infrastructures et les moyens p\u00e9dagogiques soient \u00e0 la hauteur pour accueillir tous les apprenants dans de bonnes conditions.\n\nL\u2019investissement et le professionnalisme des \u00e9quipes de l\u2019\u00e9tablissement nous permettent d\u2019adapter nos pratiques aux \u00e9volutions des secteurs sur lesquels nous intervenons.\n\n                                                                  Bonne visite sur notre site.\nLe Directeur\nThierry FORCE<\/p><\/div><\/div>\t\t\t\t<\/div>\n\t\t\t\t<\/div>\n\t\t\t\t<div class=\"elementor-element elementor-element-20bbbec wpr-promo-box-style-cover elementor-widget elementor-widget-wpr-promo-box\" data-id=\"20bbbec\" data-element_type=\"widget\" data-e-type=\"widget\" data-widget_type=\"wpr-promo-box.default\">\n\t\t\t\t<div class=\"elementor-widget-container\">\n\t\t\t\t\t\n\t\t<div class=\"wpr-promo-box wpr-animation-wrap\">\n\n\t\t\t\t\t\t\t\n\t\t\t\t\t\t\t<div class=\"wpr-promo-box-image\">\n\t\t\t\t\t<div class=\"wpr-promo-box-bg-image wpr-bg-anim-zoom-in wpr-anim-timing-ease-default\" style=\"background-image:url(https:\/\/agricampuslaroque.fr\/wp-content\/plugins\/elementor\/assets\/images\/placeholder.png);\"><\/div>\n\t\t\t\t\t<div class=\"wpr-promo-box-bg-overlay wpr-border-anim-oscar\"><\/div>\n\t\t\t\t<\/div>\n\t\t\t\t\t\t\n\t\t\t<div class=\"wpr-promo-box-content\">\n\n\t\t\t\t\t\t\t\t<div class=\"wpr-promo-box-icon\">\n\t\t\t\t\t\t\t\t\t<\/div>\n\t\t\t\t\n\t\t\t\t<h3 class=\"wpr-promo-box-title\"><span>Banner Title<\/span><\/h3>\n\t\t\t\t\t\t\t\t\t<div class=\"wpr-promo-box-description\">\n\t\t\t\t\t\t<p>Lorem Ipsum\u00a0is simply dumy text of the printing typesetting industry lorem ipsum.<\/p>\t\n\t\t\t\t\t<\/div>\t\t\t\t\t\t\n\t\t\t\t\n\t\t\t\t\t\t\t\t\t<div class=\"wpr-promo-box-btn-wrap\">\n\t\t\t\t\t\t<a class=\"wpr-promo-box-btn\" href=\"#\">\n\n\t\t\t\t\t\t\t\t\t\t\t\t\t\t<span class=\"wpr-promo-box-btn-text\">Click here<\/span>\t\t\n\t\t\t\t\t\t\t\n\t\t\t\t\t\t\t\t\t\t\t\t\t<\/a>\n\t\t\t\t\t<\/div>\t\n\t\t\t\t\t\t\t<\/div>\n\n\t\t\t\t\t<\/div>\n\n\t\t\t\t\t\t<\/div>\n\t\t\t\t<\/div>\n\t\t\t\t\t<\/div>\n\t\t<\/div>\n\t\t\t\t<div class=\"elementor-column elementor-col-33 elementor-top-column elementor-element elementor-element-5d9929f\" data-id=\"5d9929f\" data-element_type=\"column\" data-e-type=\"column\">\n\t\t\t<div class=\"elementor-widget-wrap elementor-element-populated\">\n\t\t\t\t\t\t<div class=\"elementor-element elementor-element-ea690e0 elementor-widget elementor-widget-heading\" data-id=\"ea690e0\" data-element_type=\"widget\" data-e-type=\"widget\" data-widget_type=\"heading.default\">\n\t\t\t\t<div class=\"elementor-widget-container\">\n\t\t\t\t\t<h2 class=\"elementor-heading-title elementor-size-small\">Vous \u00eates :<\/h2>\t\t\t\t<\/div>\n\t\t\t\t<\/div>\n\t\t\t\t<div class=\"elementor-element elementor-element-d5cc4ec wpr-page-list-vertical wpr-pl-badge-center wpr-pl-icon-center elementor-widget elementor-widget-wpr-page-list\" data-id=\"d5cc4ec\" data-element_type=\"widget\" data-e-type=\"widget\" data-widget_type=\"wpr-page-list.default\">\n\t\t\t\t<div class=\"elementor-widget-container\">\n\t\t\t\t\t<div class=\"wpr-page-list-wrap\"><ul class=\"wpr-page-list\"><li class=\"wpr-page-list-item elementor-repeater-item-b4be4d7 wpr-pointer-none wpr-pointer-line-fx wpr-pointer-fx-fade\"><div><a   class=\"wpr-no-pointer wpr-pl-title\">El\u00e8ve ou \u00e9tudiant(e)<\/a><\/div><\/li><li class=\"wpr-page-list-item elementor-repeater-item-683b139 wpr-pointer-none wpr-pointer-line-fx wpr-pointer-fx-fade\"><div><a   class=\"wpr-no-pointer wpr-pl-title\">Apprenti(e)<\/a><\/div><\/li><li class=\"wpr-page-list-item elementor-repeater-item-859d0e7 wpr-pointer-none wpr-pointer-line-fx wpr-pointer-fx-fade\"><div><a   class=\"wpr-no-pointer wpr-pl-title\">Demandeur d\u2019emploi<\/a><\/div><\/li><li class=\"wpr-page-list-item elementor-repeater-item-61294ea wpr-pointer-none wpr-pointer-line-fx wpr-pointer-fx-fade\"><div><a   class=\"wpr-no-pointer wpr-pl-title\">Salari\u00e9<\/a><\/div><\/li><li class=\"wpr-page-list-item elementor-repeater-item-9ae798f wpr-pointer-none wpr-pointer-line-fx wpr-pointer-fx-fade\"><div><a   class=\"wpr-no-pointer wpr-pl-title\">Professionnel<\/a><\/div><\/li><\/ul><\/div>\t\t\t\t<\/div>\n\t\t\t\t<\/div>\n\t\t\t\t\t<\/div>\n\t\t<\/div>\n\t\t\t\t\t<\/div>\n\t\t<\/section>\n\t\t\t\t<\/div>\n\t\t","protected":false},"excerpt":{"rendered":"<p>Nos Domaines de formation Agriculture Agroalimentaire Commerce &#038; distribution Laboratoire et analyses Pr\u00e9sentation de l\u2019Agricampus La Roque Bienvenue sur l\u2019Agricampus La Roque. Venez d\u00e9couvrir cet \u00e9tablissement qui regroupe 5 centres dont le lyc\u00e9e, le CFA et le CFPPA o\u00f9 sont accueillis environ 600 \u00e9l\u00e8ves, 120 apprentis et stagiaires dans des domaines tr\u00e8s vari\u00e9s. L\u2019Exploitation Agricole et l\u2019Atelier Agroalimentaire sont l\u00e0 en appui pour assurer des formations de qualit\u00e9 mais aussi participer aux autres missions du Minist\u00e8re de l\u2019Agriculture comme l\u2019animation du territoire et des exp\u00e9rimentations. Comme vous le verrez, l\u2019Agricampus de Rodez est tr\u00e8s ancr\u00e9 dans son territoire et participe activement \u00e0 son d\u00e9veloppement. Avec des taux de r\u00e9ussite aux examens autour de 95% toutes voies confondues, il attire un grand nombre de jeunes. Les effectifs sont en hausse depuis plusieurs ann\u00e9es. La formation et l\u2019insertion professionnelle sont nos missions premi\u00e8res. Nous d\u00e9veloppons des partenariats avec l\u2019ensemble des acteurs du territoire afin de r\u00e9pondre au mieux aux attentes des professionnels. En parall\u00e8le, nous poursuivons notre travail aupr\u00e8s de la DRAAF et du Conseil R\u00e9gional pour que les infrastructures et les moyens p\u00e9dagogiques soient \u00e0 la hauteur pour accueillir tous les apprenants dans de bonnes conditions. L\u2019investissement et le professionnalisme des \u00e9quipes de l\u2019\u00e9tablissement nous permettent d\u2019adapter nos pratiques aux \u00e9volutions des secteurs sur lesquels nous intervenons. Bonne visite sur notre site. Le Directeur Thierry FORCE Banner Title Lorem Ipsum\u00a0is simply dumy text of the printing typesetting industry lorem ipsum. Click here Vous \u00eates : El\u00e8ve ou \u00e9tudiant(e) Apprenti(e) Demandeur d\u2019emploi Salari\u00e9 Professionnel<\/p>\n","protected":false},"author":2,"featured_media":0,"parent":0,"menu_order":0,"comment_status":"closed","ping_status":"closed","template":"","meta":{"footnotes":""},"class_list":["post-927","page","type-page","status-publish","hentry"],"jetpack_sharing_enabled":true,"_links":{"self":[{"href":"https:\/\/agricampuslaroque.fr\/index.php\/wp-json\/wp\/v2\/pages\/927","targetHints":{"allow":["GET"]}}],"collection":[{"href":"https:\/\/agricampuslaroque.fr\/index.php\/wp-json\/wp\/v2\/pages"}],"about":[{"href":"https:\/\/agricampuslaroque.fr\/index.php\/wp-json\/wp\/v2\/types\/page"}],"author":[{"embeddable":true,"href":"https:\/\/agricampuslaroque.fr\/index.php\/wp-json\/wp\/v2\/users\/2"}],"replies":[{"embeddable":true,"href":"https:\/\/agricampuslaroque.fr\/index.php\/wp-json\/wp\/v2\/comments?post=927"}],"version-history":[{"count":17,"href":"https:\/\/agricampuslaroque.fr\/index.php\/wp-json\/wp\/v2\/pages\/927\/revisions"}],"predecessor-version":[{"id":977,"href":"https:\/\/agricampuslaroque.fr\/index.php\/wp-json\/wp\/v2\/pages\/927\/revisions\/977"}],"wp:attachment":[{"href":"https:\/\/agricampuslaroque.fr\/index.php\/wp-json\/wp\/v2\/media?parent=927"}],"curies":[{"name":"wp","href":"https:\/\/api.w.org\/{rel}","templated":true}]}}