{"id":2938,"date":"2023-11-02T10:54:50","date_gmt":"2023-11-02T09:54:50","guid":{"rendered":"https:\/\/agricampuslaroque.fr\/?page_id=2938"},"modified":"2026-02-02T13:11:49","modified_gmt":"2026-02-02T12:11:49","slug":"cfa-cfppa-infos-pratiques","status":"publish","type":"page","link":"https:\/\/agricampuslaroque.fr\/index.php\/cfa_cfppa\/cfa-cfppa-infos-pratiques\/","title":{"rendered":"CFA\/CFPPA Infos pratiques"},"content":{"rendered":"\t\t<div data-elementor-type=\"wp-page\" data-elementor-id=\"2938\" class=\"elementor elementor-2938\">\n\t\t\t\t\t\t<section class=\"elementor-section elementor-top-section elementor-element elementor-element-2d8e86f4 elementor-section-height-min-height elementor-section-items-stretch elementor-section-content-top elementor-section-full_width elementor-section-height-default wpr-particle-no wpr-jarallax-no wpr-parallax-no wpr-sticky-section-no\" data-id=\"2d8e86f4\" data-element_type=\"section\" data-e-type=\"section\" data-settings=\"{&quot;background_background&quot;:&quot;classic&quot;}\">\n\t\t\t\t\t\t<div class=\"elementor-container elementor-column-gap-default\">\n\t\t\t\t\t<div class=\"elementor-column elementor-col-100 elementor-top-column elementor-element elementor-element-5f210e38\" data-id=\"5f210e38\" data-element_type=\"column\" data-e-type=\"column\">\n\t\t\t<div class=\"elementor-widget-wrap elementor-element-populated\">\n\t\t\t\t\t\t<section class=\"elementor-section elementor-inner-section elementor-element elementor-element-73e19d12 elementor-section-boxed elementor-section-height-default elementor-section-height-default wpr-particle-no wpr-jarallax-no wpr-parallax-no wpr-sticky-section-no\" data-id=\"73e19d12\" data-element_type=\"section\" data-e-type=\"section\">\n\t\t\t\t\t\t<div class=\"elementor-container elementor-column-gap-no\">\n\t\t\t\t\t<div class=\"elementor-column elementor-col-100 elementor-inner-column elementor-element elementor-element-3f57a4df\" data-id=\"3f57a4df\" data-element_type=\"column\" data-e-type=\"column\">\n\t\t\t<div class=\"elementor-widget-wrap elementor-element-populated\">\n\t\t\t\t\t\t<div class=\"elementor-element elementor-element-6ccf4b95 elementor-widget elementor-widget-spacer\" data-id=\"6ccf4b95\" data-element_type=\"widget\" data-e-type=\"widget\" data-widget_type=\"spacer.default\">\n\t\t\t\t<div class=\"elementor-widget-container\">\n\t\t\t\t\t\t\t<div class=\"elementor-spacer\">\n\t\t\t<div class=\"elementor-spacer-inner\"><\/div>\n\t\t<\/div>\n\t\t\t\t\t\t<\/div>\n\t\t\t\t<\/div>\n\t\t\t\t<div class=\"elementor-element elementor-element-362b28a0 elementor-widget elementor-widget-heading\" data-id=\"362b28a0\" data-element_type=\"widget\" data-e-type=\"widget\" data-widget_type=\"heading.default\">\n\t\t\t\t<div class=\"elementor-widget-container\">\n\t\t\t\t\t<h2 class=\"elementor-heading-title elementor-size-default\">Infos Pratiques<\/h2>\t\t\t\t<\/div>\n\t\t\t\t<\/div>\n\t\t\t\t<div class=\"elementor-element elementor-element-3bf8509e elementor-widget-divider--view-line elementor-invisible elementor-widget elementor-widget-divider\" data-id=\"3bf8509e\" data-element_type=\"widget\" data-e-type=\"widget\" data-settings=\"{&quot;_animation&quot;:&quot;fadeIn&quot;,&quot;_animation_delay&quot;:&quot;200&quot;}\" data-widget_type=\"divider.default\">\n\t\t\t\t<div class=\"elementor-widget-container\">\n\t\t\t\t\t\t\t<div class=\"elementor-divider\">\n\t\t\t<span class=\"elementor-divider-separator\">\n\t\t\t\t\t\t<\/span>\n\t\t<\/div>\n\t\t\t\t\t\t<\/div>\n\t\t\t\t<\/div>\n\t\t\t\t<div class=\"elementor-element elementor-element-21dea52c elementor-widget__width-initial elementor-invisible elementor-widget elementor-widget-heading\" data-id=\"21dea52c\" data-element_type=\"widget\" data-e-type=\"widget\" data-settings=\"{&quot;_animation&quot;:&quot;fadeIn&quot;,&quot;_animation_delay&quot;:&quot;400&quot;}\" data-widget_type=\"heading.default\">\n\t\t\t\t<div class=\"elementor-widget-container\">\n\t\t\t\t\t<h2 class=\"elementor-heading-title elementor-size-default\">Retrouvez sur cette page les\ninformations suivantes : les horaires \nd'ouverture, les modalit\u00e9s \nd'h\u00e9bergement et restauration, \nle r\u00e8glement int\u00e9rieur...\n<\/h2>\t\t\t\t<\/div>\n\t\t\t\t<\/div>\n\t\t\t\t\t<\/div>\n\t\t<\/div>\n\t\t\t\t\t<\/div>\n\t\t<\/section>\n\t\t\t\t<div class=\"elementor-element elementor-element-7ef2f078 elementor-widget__width-initial elementor-widget-tablet__width-initial elementor-widget-mobile__width-inherit elementor-absolute elementor-invisible elementor-widget elementor-widget-image\" data-id=\"7ef2f078\" data-element_type=\"widget\" data-e-type=\"widget\" data-settings=\"{&quot;_animation&quot;:&quot;slideInRight&quot;,&quot;_position&quot;:&quot;absolute&quot;}\" data-widget_type=\"image.default\">\n\t\t\t\t<div class=\"elementor-widget-container\">\n\t\t\t\t\t\t\t\t\t\t\t\t\t\t\t<img fetchpriority=\"high\" decoding=\"async\" width=\"960\" height=\"720\" src=\"https:\/\/agricampuslaroque.fr\/wp-content\/uploads\/2023\/03\/IMG_0901-1024x768.jpg\" class=\"attachment-large size-large wp-image-1242\" alt=\"\" srcset=\"https:\/\/agricampuslaroque.fr\/wp-content\/uploads\/2023\/03\/IMG_0901-1024x768.jpg 1024w, https:\/\/agricampuslaroque.fr\/wp-content\/uploads\/2023\/03\/IMG_0901-300x225.jpg 300w, https:\/\/agricampuslaroque.fr\/wp-content\/uploads\/2023\/03\/IMG_0901-768x576.jpg 768w, https:\/\/agricampuslaroque.fr\/wp-content\/uploads\/2023\/03\/IMG_0901-1536x1152.jpg 1536w, https:\/\/agricampuslaroque.fr\/wp-content\/uploads\/2023\/03\/IMG_0901-2048x1536.jpg 2048w\" sizes=\"(max-width: 960px) 100vw, 960px\" \/>\t\t\t\t\t\t\t\t\t\t\t\t\t\t\t<\/div>\n\t\t\t\t<\/div>\n\t\t\t\t<div class=\"elementor-element elementor-element-6ca82ca3 elementor-widget elementor-widget-spacer\" data-id=\"6ca82ca3\" data-element_type=\"widget\" data-e-type=\"widget\" data-widget_type=\"spacer.default\">\n\t\t\t\t<div class=\"elementor-widget-container\">\n\t\t\t\t\t\t\t<div class=\"elementor-spacer\">\n\t\t\t<div class=\"elementor-spacer-inner\"><\/div>\n\t\t<\/div>\n\t\t\t\t\t\t<\/div>\n\t\t\t\t<\/div>\n\t\t\t\t\t<\/div>\n\t\t<\/div>\n\t\t\t\t\t<\/div>\n\t\t<\/section>\n\t\t\t\t<section class=\"elementor-section elementor-top-section elementor-element elementor-element-b51c563 elementor-section-boxed elementor-section-height-default elementor-section-height-default wpr-particle-no wpr-jarallax-no wpr-parallax-no wpr-sticky-section-no\" data-id=\"b51c563\" data-element_type=\"section\" data-e-type=\"section\">\n\t\t\t\t\t\t<div class=\"elementor-container elementor-column-gap-default\">\n\t\t\t\t\t<div class=\"elementor-column elementor-col-100 elementor-top-column elementor-element elementor-element-69fdc38\" data-id=\"69fdc38\" data-element_type=\"column\" data-e-type=\"column\">\n\t\t\t<div class=\"elementor-widget-wrap elementor-element-populated\">\n\t\t\t\t\t\t<div class=\"elementor-element elementor-element-7e83214 elementor-widget-divider--view-line elementor-invisible elementor-widget elementor-widget-divider\" data-id=\"7e83214\" data-element_type=\"widget\" data-e-type=\"widget\" data-settings=\"{&quot;_animation&quot;:&quot;slideInLeft&quot;}\" data-widget_type=\"divider.default\">\n\t\t\t\t<div class=\"elementor-widget-container\">\n\t\t\t\t\t\t\t<div class=\"elementor-divider\">\n\t\t\t<span class=\"elementor-divider-separator\">\n\t\t\t\t\t\t<\/span>\n\t\t<\/div>\n\t\t\t\t\t\t<\/div>\n\t\t\t\t<\/div>\n\t\t\t\t<div class=\"elementor-element elementor-element-261d8da elementor-view-default elementor-widget elementor-widget-icon\" data-id=\"261d8da\" data-element_type=\"widget\" data-e-type=\"widget\" data-widget_type=\"icon.default\">\n\t\t\t\t<div class=\"elementor-widget-container\">\n\t\t\t\t\t\t\t<div class=\"elementor-icon-wrapper\">\n\t\t\t<div class=\"elementor-icon\">\n\t\t\t<i aria-hidden=\"true\" class=\"fas fa-square-full\"><\/i>\t\t\t<\/div>\n\t\t<\/div>\n\t\t\t\t\t\t<\/div>\n\t\t\t\t<\/div>\n\t\t\t\t<div class=\"elementor-element elementor-element-46ec912 elementor-tabs-alignment-center elementor-widget-tablet__width-inherit elementor-tabs-view-horizontal elementor-widget elementor-widget-tabs\" data-id=\"46ec912\" data-element_type=\"widget\" data-e-type=\"widget\" data-widget_type=\"tabs.default\">\n\t\t\t\t<div class=\"elementor-widget-container\">\n\t\t\t\t\t\t\t<div class=\"elementor-tabs\">\n\t\t\t<div class=\"elementor-tabs-wrapper\" role=\"tablist\" >\n\t\t\t\t\t\t\t\t\t<div id=\"elementor-tab-title-7431\" class=\"elementor-tab-title elementor-tab-desktop-title\" aria-selected=\"true\" data-tab=\"1\" role=\"tab\" tabindex=\"0\" aria-controls=\"elementor-tab-content-7431\" aria-expanded=\"false\">Horaires<\/div>\n\t\t\t\t\t\t\t\t\t<div id=\"elementor-tab-title-7432\" class=\"elementor-tab-title elementor-tab-desktop-title\" aria-selected=\"false\" data-tab=\"2\" role=\"tab\" tabindex=\"-1\" aria-controls=\"elementor-tab-content-7432\" aria-expanded=\"false\">Restauration et h\u00e9bergement<\/div>\n\t\t\t\t\t\t\t\t\t<div id=\"elementor-tab-title-7433\" class=\"elementor-tab-title elementor-tab-desktop-title\" aria-selected=\"false\" data-tab=\"3\" role=\"tab\" tabindex=\"-1\" aria-controls=\"elementor-tab-content-7433\" aria-expanded=\"false\">R\u00e8glement Int\u00e9rieur<\/div>\n\t\t\t\t\t\t\t\t\t<div id=\"elementor-tab-title-7434\" class=\"elementor-tab-title elementor-tab-desktop-title\" aria-selected=\"false\" data-tab=\"4\" role=\"tab\" tabindex=\"-1\" aria-controls=\"elementor-tab-content-7434\" aria-expanded=\"false\">R\u00e9mun\u00e9ration<\/div>\n\t\t\t\t\t\t\t\t\t<div id=\"elementor-tab-title-7435\" class=\"elementor-tab-title elementor-tab-desktop-title\" aria-selected=\"false\" data-tab=\"5\" role=\"tab\" tabindex=\"-1\" aria-controls=\"elementor-tab-content-7435\" aria-expanded=\"false\">Accessibilit\u00e9 Handicap<\/div>\n\t\t\t\t\t\t\t<\/div>\n\t\t\t<div class=\"elementor-tabs-content-wrapper\" role=\"tablist\" aria-orientation=\"vertical\">\n\t\t\t\t\t\t\t\t\t<div class=\"elementor-tab-title elementor-tab-mobile-title\" aria-selected=\"true\" data-tab=\"1\" role=\"tab\" tabindex=\"0\" aria-controls=\"elementor-tab-content-7431\" aria-expanded=\"false\">Horaires<\/div>\n\t\t\t\t\t<div id=\"elementor-tab-content-7431\" class=\"elementor-tab-content elementor-clearfix\" data-tab=\"1\" role=\"tabpanel\" aria-labelledby=\"elementor-tab-title-7431\" tabindex=\"0\" hidden=\"false\"><p><strong>Les horaires de cours sont :&nbsp;<\/strong><\/p>\n<ul>\n<li>Lundi &nbsp;9h \u2013 12h \/ 13h30 \u2013 17h30<\/li>\n<li>Mardi : &nbsp;8h \u2013 12h \/ 13h30 \u2013 17h30<\/li>\n<li>Mercredi : &nbsp;8h \u2013 12h \/ 13h30 \u2013 17h30<\/li>\n<li>Jeudi : &nbsp;8h \u2013 12h \/ 13h30 \u2013 17h30<\/li>\n<li>Vendredi : &nbsp;8h \u2013 12h&nbsp;<\/li>\n<\/ul>\n<p><strong>Les horaires d\u2019accueil sont :&nbsp;<\/strong><\/p>\n<ul>\n<li>Lundi : 8h \u2013 12h \/ 13h \u2013 17h30<\/li>\n<li>Mardi : 8h \u2013 12h \/ 13h \u2013 17h30<\/li>\n<li>Mercredi : 8h \u2013 12h \/ 13h \u2013 17h30<\/li>\n<li>Jeudi : 8h \u2013 12h \/ 13h \u2013 17h30<\/li>\n<li>Vendredi : 8h \u2013 12h \/ 13h \u2013 16h30<\/li><\/ul><\/div>\n\t\t\t\t\t\t\t\t\t<div class=\"elementor-tab-title elementor-tab-mobile-title\" aria-selected=\"false\" data-tab=\"2\" role=\"tab\" tabindex=\"-1\" aria-controls=\"elementor-tab-content-7432\" aria-expanded=\"false\">Restauration et h\u00e9bergement<\/div>\n\t\t\t\t\t<div id=\"elementor-tab-content-7432\" class=\"elementor-tab-content elementor-clearfix\" data-tab=\"2\" role=\"tabpanel\" aria-labelledby=\"elementor-tab-title-7432\" tabindex=\"0\" hidden=\"hidden\"><p><strong>Restauration<\/strong><\/p><p>Les apprentis et stagiaires du CFA-CFPPA Rodez \u2013 La Roque peuvent se restaurer au self de l\u2019Agricampus.<\/p><p>Le prix du repas pour les apprentis est de 5\u20ac40, pour les stagiaires de la formation continue \u00a03.50\u20ac et de 10\u20ac pour les ext\u00e9rieurs.<\/p><p>Le repas comprend : entr\u00e9e, plat principal et dessert.<\/p><p>\u00a0<\/p><p><strong>H\u00e9bergement<\/strong><\/p><p>Les apprentis mineurs peuvent \u00eatre log\u00e9s \u00e0 l\u2019internat de l\u2019Agricampus Rodez \u2013 La Roque.<\/p><p>Les stagiaires de la formation professionnelle peuvent \u00eatre log\u00e9 sur site. Le CFA-CFPPA rodez \u2013 La Roque dispose de 12 chambres.\u00a0<\/p><p>Pour conna\u00eetre, tous nos tarifs n\u2019h\u00e9sitez pas \u00e0 nous contacter.\u00a0<\/p><\/div>\n\t\t\t\t\t\t\t\t\t<div class=\"elementor-tab-title elementor-tab-mobile-title\" aria-selected=\"false\" data-tab=\"3\" role=\"tab\" tabindex=\"-1\" aria-controls=\"elementor-tab-content-7433\" aria-expanded=\"false\">R\u00e8glement Int\u00e9rieur<\/div>\n\t\t\t\t\t<div id=\"elementor-tab-content-7433\" class=\"elementor-tab-content elementor-clearfix\" data-tab=\"3\" role=\"tabpanel\" aria-labelledby=\"elementor-tab-title-7433\" tabindex=\"0\" hidden=\"hidden\"><p>Vous pouvez consulter notre r\u00e8glement int\u00e9rieur en cliquant sur le lien suivant :\u00a0<\/p><p><a href=\"https:\/\/agricampuslaroque.fr\/wp-content\/uploads\/2023\/12\/RI-FPCA-2023-1.pdf\"><strong>REGLEMENT INTERIEUR<\/strong><\/a><\/p><\/div>\n\t\t\t\t\t\t\t\t\t<div class=\"elementor-tab-title elementor-tab-mobile-title\" aria-selected=\"false\" data-tab=\"4\" role=\"tab\" tabindex=\"-1\" aria-controls=\"elementor-tab-content-7434\" aria-expanded=\"false\">R\u00e9mun\u00e9ration<\/div>\n\t\t\t\t\t<div id=\"elementor-tab-content-7434\" class=\"elementor-tab-content elementor-clearfix\" data-tab=\"4\" role=\"tabpanel\" aria-labelledby=\"elementor-tab-title-7434\" tabindex=\"0\" hidden=\"hidden\"><p>Vous trouverez ci-dessous des liens pour conna\u00eetre vos r\u00e9mun\u00e9rations selon votre profil en entr\u00e9e en formation :\u00a0<\/p><ul><li><a href=\"https:\/\/www.laregion.fr\/Remuneration-des-stagiaires-de-la-formation-professionnelle\" target=\"_blank\" rel=\"noopener\">Stagiaire de la formation continue en Occitanie<\/a><\/li><li><a href=\"https:\/\/www.service-public.fr\/particuliers\/vosdroits\/F2918\" target=\"_blank\" rel=\"noopener\">Apprenti<\/a><\/li><\/ul><p>\u00a0<\/p><p>N\u2019h\u00e9sitez pas \u00e0 nous contacter pour avoir de plus d\u2019informations.\u00a0<\/p><\/div>\n\t\t\t\t\t\t\t\t\t<div class=\"elementor-tab-title elementor-tab-mobile-title\" aria-selected=\"false\" data-tab=\"5\" role=\"tab\" tabindex=\"-1\" aria-controls=\"elementor-tab-content-7435\" aria-expanded=\"false\">Accessibilit\u00e9 Handicap<\/div>\n\t\t\t\t\t<div id=\"elementor-tab-content-7435\" class=\"elementor-tab-content elementor-clearfix\" data-tab=\"5\" role=\"tabpanel\" aria-labelledby=\"elementor-tab-title-7435\" tabindex=\"0\" hidden=\"hidden\"><p>Si vous \u00eates en situation d\u2019handicap ou si vous avez des troubles de l\u2019apprentissage, n\u2019h\u00e9sitez pas \u00e0 prendre contact avec le centre pour \u00e9changer avec les r\u00e9f\u00e9rent(e)s handicap.<\/p><p><strong>Contact :\u00a0<\/strong><\/p><ul><li>T\u00e9l : 05 65 77 75 03<\/li><li>Mail : cfppa.rodez@educagri.fr \/ cfa.noa@educagri.fr<\/li><\/ul><\/div>\n\t\t\t\t\t\t\t<\/div>\n\t\t<\/div>\n\t\t\t\t\t\t<\/div>\n\t\t\t\t<\/div>\n\t\t\t\t\t<\/div>\n\t\t<\/div>\n\t\t\t\t\t<\/div>\n\t\t<\/section>\n\t\t\t\t<section class=\"elementor-section elementor-top-section elementor-element elementor-element-5c49d3c elementor-section-boxed elementor-section-height-default elementor-section-height-default wpr-particle-no wpr-jarallax-no wpr-parallax-no wpr-sticky-section-no\" data-id=\"5c49d3c\" data-element_type=\"section\" data-e-type=\"section\">\n\t\t\t\t\t\t<div class=\"elementor-container elementor-column-gap-default\">\n\t\t\t\t\t<div class=\"elementor-column elementor-col-50 elementor-top-column elementor-element elementor-element-d5e7e55\" data-id=\"d5e7e55\" data-element_type=\"column\" data-e-type=\"column\">\n\t\t\t<div class=\"elementor-widget-wrap elementor-element-populated\">\n\t\t\t\t\t\t<div class=\"elementor-element elementor-element-57c545b elementor-widget elementor-widget-text-editor\" data-id=\"57c545b\" data-element_type=\"widget\" data-e-type=\"widget\" data-widget_type=\"text-editor.default\">\n\t\t\t\t<div class=\"elementor-widget-container\">\n\t\t\t\t\t\t\t\t\t<ul><li>R\u00e9sultats\u00a0 <em>(Vous pouvez consulter nos chiffres en cliquant sur le lien suivant)<\/em><\/li><\/ul>\t\t\t\t\t\t\t\t<\/div>\n\t\t\t\t<\/div>\n\t\t\t\t<div class=\"elementor-element elementor-element-616709c wpr-button-icon-style-inline wpr-button-icon-position-right elementor-widget elementor-widget-wpr-button\" data-id=\"616709c\" data-element_type=\"widget\" data-e-type=\"widget\" data-widget_type=\"wpr-button.default\">\n\t\t\t\t<div class=\"elementor-widget-container\">\n\t\t\t\t\t\t\n\t\t\t\n\t\t\n\t\t<div class=\"wpr-button-wrap elementor-clearfix\">\n\t\t<a class=\"wpr-button wpr-button-effect wpr-button-sweep-to-left\" data-text=\"\" href=\"https:\/\/agricampuslaroque.fr\/wp-content\/uploads\/2026\/01\/INDICATEURS-2025.pdf\">\n\t\t\t\n\t\t\t<span class=\"wpr-button-content\">\n\t\t\t\t\t\t\t\t\t<span class=\"wpr-button-text\">R\u00e9sultat<\/span>\n\t\t\t\t\t\t\t\t\n\t\t\t\t\t\t\t\t\t<span class=\"wpr-button-icon\"><i class=\"far fa-file\"><\/i><\/span>\n\t\t\t\t\t\t\t<\/span>\n\t\t<\/a>\n\n\t\t\t\t<\/div>\n\t\n\t\n\t\t\t\t\t<\/div>\n\t\t\t\t<\/div>\n\t\t\t\t\t<\/div>\n\t\t<\/div>\n\t\t\t\t<div class=\"elementor-column elementor-col-50 elementor-top-column elementor-element elementor-element-a5eca52\" data-id=\"a5eca52\" data-element_type=\"column\" data-e-type=\"column\">\n\t\t\t<div class=\"elementor-widget-wrap elementor-element-populated\">\n\t\t\t\t\t\t<div class=\"elementor-element elementor-element-5df9e33 elementor-widget elementor-widget-text-editor\" data-id=\"5df9e33\" data-element_type=\"widget\" data-e-type=\"widget\" data-widget_type=\"text-editor.default\">\n\t\t\t\t<div class=\"elementor-widget-container\">\n\t\t\t\t\t\t\t\t\t<ul><li>Insertion <em>(Vous pouvez \u00e9galement consulter nos r\u00e9sultats pour le CFA sur le site suivant)<\/em><\/li><\/ul>\t\t\t\t\t\t\t\t<\/div>\n\t\t\t\t<\/div>\n\t\t\t\t<div class=\"elementor-element elementor-element-e14b401 wpr-button-icon-style-inline wpr-button-icon-position-right elementor-widget elementor-widget-wpr-button\" data-id=\"e14b401\" data-element_type=\"widget\" data-e-type=\"widget\" data-widget_type=\"wpr-button.default\">\n\t\t\t\t<div class=\"elementor-widget-container\">\n\t\t\t\t\t\t\n\t\t\t\n\t\t\n\t\t<div class=\"wpr-button-wrap elementor-clearfix\">\n\t\t<a class=\"wpr-button wpr-button-effect wpr-button-sweep-to-left\" data-text=\"\" href=\"https:\/\/www.inserjeunes.education.gouv.fr\/diffusion\/accueil\">\n\t\t\t\n\t\t\t<span class=\"wpr-button-content\">\n\t\t\t\t\t\t\t\t\t<span class=\"wpr-button-text\">Inserjeunes<\/span>\n\t\t\t\t\t\t\t\t\n\t\t\t\t\t\t\t\t\t<span class=\"wpr-button-icon\"><i class=\"fas fa-mouse-pointer\"><\/i><\/span>\n\t\t\t\t\t\t\t<\/span>\n\t\t<\/a>\n\n\t\t\t\t<\/div>\n\t\n\t\n\t\t\t\t\t<\/div>\n\t\t\t\t<\/div>\n\t\t\t\t\t<\/div>\n\t\t<\/div>\n\t\t\t\t\t<\/div>\n\t\t<\/section>\n\t\t\t\t<section class=\"elementor-section elementor-top-section elementor-element elementor-element-76ab145 elementor-section-boxed elementor-section-height-default elementor-section-height-default wpr-particle-no wpr-jarallax-no wpr-parallax-no wpr-sticky-section-no\" data-id=\"76ab145\" data-element_type=\"section\" data-e-type=\"section\">\n\t\t\t\t\t\t<div class=\"elementor-container elementor-column-gap-default\">\n\t\t\t\t\t<div class=\"elementor-column elementor-col-100 elementor-top-column elementor-element elementor-element-38fc174\" data-id=\"38fc174\" data-element_type=\"column\" data-e-type=\"column\">\n\t\t\t<div class=\"elementor-widget-wrap elementor-element-populated\">\n\t\t\t\t\t\t<section class=\"elementor-section elementor-inner-section elementor-element elementor-element-25ad2fe elementor-section-boxed elementor-section-height-default elementor-section-height-default wpr-particle-no wpr-jarallax-no wpr-parallax-no wpr-sticky-section-no\" data-id=\"25ad2fe\" data-element_type=\"section\" data-e-type=\"section\">\n\t\t\t\t\t\t<div class=\"elementor-container elementor-column-gap-default\">\n\t\t\t\t\t<div class=\"elementor-column elementor-col-50 elementor-inner-column elementor-element elementor-element-5625d8b\" data-id=\"5625d8b\" data-element_type=\"column\" data-e-type=\"column\">\n\t\t\t<div class=\"elementor-widget-wrap elementor-element-populated\">\n\t\t\t\t\t\t<div class=\"elementor-element elementor-element-b4d5059 elementor-widget elementor-widget-text-editor\" data-id=\"b4d5059\" data-element_type=\"widget\" data-e-type=\"widget\" data-widget_type=\"text-editor.default\">\n\t\t\t\t<div class=\"elementor-widget-container\">\n\t\t\t\t\t\t\t\t\t<ul><li>R\u00e9clamation (vous pouvez effectuer une r\u00e9clamation en cliquant sur le lien ci-dessous) :\u00a0<\/li><\/ul>\t\t\t\t\t\t\t\t<\/div>\n\t\t\t\t<\/div>\n\t\t\t\t<div class=\"elementor-element elementor-element-49c78fb wpr-button-icon-style-inline wpr-button-icon-position-right elementor-widget elementor-widget-wpr-button\" data-id=\"49c78fb\" data-element_type=\"widget\" data-e-type=\"widget\" data-widget_type=\"wpr-button.default\">\n\t\t\t\t<div class=\"elementor-widget-container\">\n\t\t\t\t\t\t\n\t\t\t\n\t\t\n\t\t<div class=\"wpr-button-wrap elementor-clearfix\">\n\t\t<a class=\"wpr-button wpr-button-effect wpr-button-sweep-to-left\" data-text=\"\" href=\"https:\/\/docs.google.com\/forms\/d\/e\/1FAIpQLSfSlkvo-ySHtPugGjPGWCm550ckDD1CiaeaK_3wR0T_Wr3IZg\/viewform?usp=sf_link\">\n\t\t\t\n\t\t\t<span class=\"wpr-button-content\">\n\t\t\t\t\t\t\t\t\t<span class=\"wpr-button-text\">R\u00e9clamation<\/span>\n\t\t\t\t\t\t\t\t\n\t\t\t\t\t\t\t\t\t<span class=\"wpr-button-icon\"><i class=\"fas fa-mouse-pointer\"><\/i><\/span>\n\t\t\t\t\t\t\t<\/span>\n\t\t<\/a>\n\n\t\t\t\t<\/div>\n\t\n\t\n\t\t\t\t\t<\/div>\n\t\t\t\t<\/div>\n\t\t\t\t\t<\/div>\n\t\t<\/div>\n\t\t\t\t<div class=\"elementor-column elementor-col-50 elementor-inner-column elementor-element elementor-element-14fd087\" data-id=\"14fd087\" data-element_type=\"column\" data-e-type=\"column\">\n\t\t\t<div class=\"elementor-widget-wrap\">\n\t\t\t\t\t\t\t<\/div>\n\t\t<\/div>\n\t\t\t\t\t<\/div>\n\t\t<\/section>\n\t\t\t\t\t<\/div>\n\t\t<\/div>\n\t\t\t\t\t<\/div>\n\t\t<\/section>\n\t\t\t\t<\/div>\n\t\t","protected":false},"excerpt":{"rendered":"<p>Infos Pratiques Retrouvez sur cette page les informations suivantes : les horaires d&rsquo;ouverture, les modalit\u00e9s d&rsquo;h\u00e9bergement et restauration, le r\u00e8glement int\u00e9rieur&#8230; Horaires Restauration et h\u00e9bergement R\u00e8glement Int\u00e9rieur R\u00e9mun\u00e9ration Accessibilit\u00e9 Handicap Horaires Les horaires de cours sont :&nbsp; Lundi &nbsp;9h \u2013 12h \/ 13h30 \u2013 17h30 Mardi : &nbsp;8h \u2013 12h \/ 13h30 \u2013 17h30 Mercredi : &nbsp;8h \u2013 12h \/ 13h30 \u2013 17h30 Jeudi : &nbsp;8h \u2013 12h \/ 13h30 \u2013 17h30 Vendredi : &nbsp;8h \u2013 12h&nbsp; Les horaires d\u2019accueil sont :&nbsp; Lundi : 8h \u2013 12h \/ 13h \u2013 17h30 Mardi : 8h \u2013 12h \/ 13h \u2013 17h30 Mercredi : 8h \u2013 12h \/ 13h \u2013 17h30 Jeudi : 8h \u2013 12h \/ 13h \u2013 17h30 Vendredi : 8h \u2013 12h \/ 13h \u2013 16h30 Restauration et h\u00e9bergement Restauration Les apprentis et stagiaires du CFA-CFPPA Rodez \u2013 La Roque peuvent se restaurer au self de l\u2019Agricampus. Le prix du repas pour les apprentis est de 5\u20ac40, pour les stagiaires de la formation continue \u00a03.50\u20ac et de 10\u20ac pour les ext\u00e9rieurs. Le repas comprend : entr\u00e9e, plat principal et dessert. \u00a0 H\u00e9bergement Les apprentis mineurs peuvent \u00eatre log\u00e9s \u00e0 l\u2019internat de l\u2019Agricampus Rodez \u2013 La Roque. Les stagiaires de la formation professionnelle peuvent \u00eatre log\u00e9 sur site. Le CFA-CFPPA rodez \u2013 La Roque dispose de 12 chambres.\u00a0 Pour conna\u00eetre, tous nos tarifs n\u2019h\u00e9sitez pas \u00e0 nous contacter.\u00a0 R\u00e8glement Int\u00e9rieur Vous pouvez consulter notre r\u00e8glement int\u00e9rieur en cliquant sur le lien suivant :\u00a0 REGLEMENT INTERIEUR R\u00e9mun\u00e9ration Vous trouverez ci-dessous des liens pour conna\u00eetre vos r\u00e9mun\u00e9rations selon votre profil en entr\u00e9e en formation :\u00a0 Stagiaire de la formation continue en Occitanie Apprenti \u00a0 N\u2019h\u00e9sitez pas \u00e0 nous contacter pour avoir de plus d\u2019informations.\u00a0 Accessibilit\u00e9 Handicap Si vous \u00eates en situation d\u2019handicap ou si vous avez des troubles de l\u2019apprentissage, n\u2019h\u00e9sitez pas \u00e0 prendre contact avec le centre pour \u00e9changer avec les r\u00e9f\u00e9rent(e)s handicap. Contact :\u00a0 T\u00e9l : 05 65 77 75 03 Mail : cfppa.rodez@educagri.fr \/ cfa.noa@educagri.fr R\u00e9sultats\u00a0 (Vous pouvez consulter nos chiffres en cliquant sur le lien suivant) R\u00e9sultat Insertion (Vous pouvez \u00e9galement consulter nos r\u00e9sultats pour le CFA sur le site suivant) Inserjeunes R\u00e9clamation (vous pouvez effectuer une r\u00e9clamation en cliquant sur le lien ci-dessous) :\u00a0 R\u00e9clamation<\/p>\n","protected":false},"author":2,"featured_media":0,"parent":954,"menu_order":0,"comment_status":"closed","ping_status":"closed","template":"","meta":{"footnotes":""},"class_list":["post-2938","page","type-page","status-publish","hentry"],"jetpack_sharing_enabled":true,"_links":{"self":[{"href":"https:\/\/agricampuslaroque.fr\/index.php\/wp-json\/wp\/v2\/pages\/2938","targetHints":{"allow":["GET"]}}],"collection":[{"href":"https:\/\/agricampuslaroque.fr\/index.php\/wp-json\/wp\/v2\/pages"}],"about":[{"href":"https:\/\/agricampuslaroque.fr\/index.php\/wp-json\/wp\/v2\/types\/page"}],"author":[{"embeddable":true,"href":"https:\/\/agricampuslaroque.fr\/index.php\/wp-json\/wp\/v2\/users\/2"}],"replies":[{"embeddable":true,"href":"https:\/\/agricampuslaroque.fr\/index.php\/wp-json\/wp\/v2\/comments?post=2938"}],"version-history":[{"count":64,"href":"https:\/\/agricampuslaroque.fr\/index.php\/wp-json\/wp\/v2\/pages\/2938\/revisions"}],"predecessor-version":[{"id":9144,"href":"https:\/\/agricampuslaroque.fr\/index.php\/wp-json\/wp\/v2\/pages\/2938\/revisions\/9144"}],"up":[{"embeddable":true,"href":"https:\/\/agricampuslaroque.fr\/index.php\/wp-json\/wp\/v2\/pages\/954"}],"wp:attachment":[{"href":"https:\/\/agricampuslaroque.fr\/index.php\/wp-json\/wp\/v2\/media?parent=2938"}],"curies":[{"name":"wp","href":"https:\/\/api.w.org\/{rel}","templated":true}]}}