{"id":2789,"date":"2023-10-30T14:24:01","date_gmt":"2023-10-30T13:24:01","guid":{"rendered":"https:\/\/agricampuslaroque.fr\/?page_id=2789"},"modified":"2023-11-08T15:21:29","modified_gmt":"2023-11-08T14:21:29","slug":"actualite-lycee","status":"publish","type":"page","link":"https:\/\/agricampuslaroque.fr\/index.php\/lycee\/actualite-lycee\/","title":{"rendered":"Actualit\u00e9 Lyc\u00e9e"},"content":{"rendered":"\t\t<div data-elementor-type=\"wp-page\" data-elementor-id=\"2789\" class=\"elementor elementor-2789\">\n\t\t\t\t\t\t<section class=\"elementor-section elementor-top-section elementor-element elementor-element-30dbc3d1 elementor-section-height-min-height elementor-section-items-stretch elementor-section-content-top elementor-section-full_width elementor-section-height-default wpr-particle-no wpr-jarallax-no wpr-parallax-no wpr-sticky-section-no wpr-equal-height-no\" data-id=\"30dbc3d1\" data-element_type=\"section\" data-e-type=\"section\" data-settings=\"{&quot;background_background&quot;:&quot;classic&quot;}\">\n\t\t\t\t\t\t<div class=\"elementor-container elementor-column-gap-default\">\n\t\t\t\t\t<div class=\"elementor-column elementor-col-100 elementor-top-column elementor-element elementor-element-446d9bce\" data-id=\"446d9bce\" data-element_type=\"column\" data-e-type=\"column\">\n\t\t\t<div class=\"elementor-widget-wrap elementor-element-populated\">\n\t\t\t\t\t\t<section class=\"elementor-section elementor-inner-section elementor-element elementor-element-d8c683f elementor-section-boxed elementor-section-height-default elementor-section-height-default wpr-particle-no wpr-jarallax-no wpr-parallax-no wpr-sticky-section-no wpr-equal-height-no\" data-id=\"d8c683f\" data-element_type=\"section\" data-e-type=\"section\" data-settings=\"{&quot;shape_divider_top&quot;:&quot;mountains&quot;}\">\n\t\t\t\t\t<div class=\"elementor-shape elementor-shape-top\" aria-hidden=\"true\" data-negative=\"false\">\n\t\t\t<svg xmlns=\"http:\/\/www.w3.org\/2000\/svg\" viewBox=\"0 0 1000 100\" preserveAspectRatio=\"none\">\n\t<path class=\"elementor-shape-fill\" opacity=\"0.33\" d=\"M473,67.3c-203.9,88.3-263.1-34-320.3,0C66,119.1,0,59.7,0,59.7V0h1000v59.7 c0,0-62.1,26.1-94.9,29.3c-32.8,3.3-62.8-12.3-75.8-22.1C806,49.6,745.3,8.7,694.9,4.7S492.4,59,473,67.3z\"\/>\n\t<path class=\"elementor-shape-fill\" opacity=\"0.66\" d=\"M734,67.3c-45.5,0-77.2-23.2-129.1-39.1c-28.6-8.7-150.3-10.1-254,39.1 s-91.7-34.4-149.2,0C115.7,118.3,0,39.8,0,39.8V0h1000v36.5c0,0-28.2-18.5-92.1-18.5C810.2,18.1,775.7,67.3,734,67.3z\"\/>\n\t<path class=\"elementor-shape-fill\" d=\"M766.1,28.9c-200-57.5-266,65.5-395.1,19.5C242,1.8,242,5.4,184.8,20.6C128,35.8,132.3,44.9,89.9,52.5C28.6,63.7,0,0,0,0 h1000c0,0-9.9,40.9-83.6,48.1S829.6,47,766.1,28.9z\"\/>\n<\/svg>\t\t<\/div>\n\t\t\t\t\t<div class=\"elementor-container elementor-column-gap-no\">\n\t\t\t\t\t<div class=\"elementor-column elementor-col-100 elementor-inner-column elementor-element elementor-element-fe64584\" data-id=\"fe64584\" data-element_type=\"column\" data-e-type=\"column\">\n\t\t\t<div class=\"elementor-widget-wrap elementor-element-populated\">\n\t\t\t\t\t\t<div class=\"elementor-element elementor-element-12071b2b elementor-widget elementor-widget-spacer\" data-id=\"12071b2b\" data-element_type=\"widget\" data-e-type=\"widget\" data-widget_type=\"spacer.default\">\n\t\t\t\t<div class=\"elementor-widget-container\">\n\t\t\t\t\t\t\t<div class=\"elementor-spacer\">\n\t\t\t<div class=\"elementor-spacer-inner\"><\/div>\n\t\t<\/div>\n\t\t\t\t\t\t<\/div>\n\t\t\t\t<\/div>\n\t\t\t\t<div class=\"elementor-element elementor-element-2befc043 elementor-widget elementor-widget-heading\" data-id=\"2befc043\" data-element_type=\"widget\" data-e-type=\"widget\" data-widget_type=\"heading.default\">\n\t\t\t\t<div class=\"elementor-widget-container\">\n\t\t\t\t\t<h2 class=\"elementor-heading-title elementor-size-default\">Actualit\u00e9s Lyc\u00e9e<\/h2>\t\t\t\t<\/div>\n\t\t\t\t<\/div>\n\t\t\t\t<div class=\"elementor-element elementor-element-5daf57be elementor-widget-divider--view-line elementor-invisible elementor-widget elementor-widget-divider\" data-id=\"5daf57be\" data-element_type=\"widget\" data-e-type=\"widget\" data-settings=\"{&quot;_animation&quot;:&quot;fadeIn&quot;,&quot;_animation_delay&quot;:&quot;200&quot;}\" data-widget_type=\"divider.default\">\n\t\t\t\t<div class=\"elementor-widget-container\">\n\t\t\t\t\t\t\t<div class=\"elementor-divider\">\n\t\t\t<span class=\"elementor-divider-separator\">\n\t\t\t\t\t\t<\/span>\n\t\t<\/div>\n\t\t\t\t\t\t<\/div>\n\t\t\t\t<\/div>\n\t\t\t\t\t<\/div>\n\t\t<\/div>\n\t\t\t\t\t<\/div>\n\t\t<\/section>\n\t\t\t\t\t<\/div>\n\t\t<\/div>\n\t\t\t\t\t<\/div>\n\t\t<\/section>\n\t\t\t\t<section class=\"elementor-section elementor-top-section elementor-element elementor-element-362d8e24 elementor-section-boxed elementor-section-height-default elementor-section-height-default wpr-particle-no wpr-jarallax-no wpr-parallax-no wpr-sticky-section-no wpr-equal-height-no\" data-id=\"362d8e24\" data-element_type=\"section\" data-e-type=\"section\">\n\t\t\t\t\t\t<div class=\"elementor-container elementor-column-gap-no\">\n\t\t\t\t\t<div class=\"elementor-column elementor-col-100 elementor-top-column elementor-element elementor-element-75ee94d\" data-id=\"75ee94d\" data-element_type=\"column\" data-e-type=\"column\">\n\t\t\t<div class=\"elementor-widget-wrap elementor-element-populated\">\n\t\t\t\t\t\t<div class=\"elementor-element elementor-element-396420cb wpr-grid-columns-3 wpr-grid-columns--tablet2 wpr-grid-columns--mobile1 wpr-grid-pagination-center wpr-item-styles-inner elementor-widget elementor-widget-wpr-grid\" data-id=\"396420cb\" data-element_type=\"widget\" data-e-type=\"widget\" data-widget_type=\"wpr-grid.default\">\n\t\t\t\t<div class=\"elementor-widget-container\">\n\t\t\t\t\t<ul class=\"wpr-grid-filters elementor-clearfix wpr-grid-filters-sep-right\"><li class=\" wpr-pointer-none wpr-pointer-line-fx wpr-pointer-fx-none\"><span  data-filter=\"*\" class=\"wpr-grid-filters-item wpr-active-filter \">All Posts<\/span><em class=\"wpr-grid-filters-sep\"><\/em><\/li><li class=\" wpr-pointer-none wpr-pointer-line-fx wpr-pointer-fx-none\"><span   data-ajax-filter=[\"category\",\"lycee\"]  data-filter=\".category-lycee\">Lyc\u00e9e<\/span><em class=\"wpr-grid-filters-sep\"><\/em><\/li><\/ul><section class=\"wpr-grid elementor-clearfix\" data-settings=\"{&quot;layout&quot;:&quot;fitRows&quot;,&quot;stick_last_element_to_bottom&quot;:&quot;&quot;,&quot;columns_desktop&quot;:3,&quot;gutter_hr&quot;:15,&quot;gutter_hr_mobile&quot;:15,&quot;gutter_hr_mobile_extra&quot;:15,&quot;gutter_hr_tablet&quot;:15,&quot;gutter_hr_tablet_extra&quot;:15,&quot;gutter_hr_laptop&quot;:15,&quot;gutter_hr_widescreen&quot;:15,&quot;gutter_vr&quot;:15,&quot;gutter_vr_mobile&quot;:15,&quot;gutter_vr_mobile_extra&quot;:15,&quot;gutter_vr_tablet&quot;:15,&quot;gutter_vr_tablet_extra&quot;:15,&quot;gutter_vr_laptop&quot;:15,&quot;gutter_vr_widescreen&quot;:15,&quot;animation&quot;:&quot;default&quot;,&quot;animation_duration&quot;:0.3,&quot;animation_delay&quot;:0.1,&quot;deeplinking&quot;:&quot;&quot;,&quot;filters_linkable&quot;:&quot;no&quot;,&quot;filters_default_filter&quot;:&quot;&quot;,&quot;filters_count&quot;:&quot;&quot;,&quot;filters_hide_empty&quot;:&quot;no&quot;,&quot;filters_animation&quot;:&quot;default&quot;,&quot;filters_animation_duration&quot;:0.3,&quot;filters_animation_delay&quot;:0.1,&quot;pagination_type&quot;:&quot;load-more&quot;,&quot;pagination_max_pages&quot;:9,&quot;lightbox&quot;:{&quot;selector&quot;:&quot;.wpr-grid-image-wrap&quot;,&quot;iframeMaxWidth&quot;:&quot;60%&quot;,&quot;hash&quot;:false,&quot;autoplay&quot;:&quot;true&quot;,&quot;pause&quot;:5000,&quot;progressBar&quot;:&quot;true&quot;,&quot;counter&quot;:&quot;true&quot;,&quot;controls&quot;:&quot;true&quot;,&quot;getCaptionFromTitleOrAlt&quot;:&quot;true&quot;,&quot;thumbnail&quot;:&quot;&quot;,&quot;showThumbByDefault&quot;:&quot;&quot;,&quot;share&quot;:&quot;&quot;,&quot;zoom&quot;:&quot;true&quot;,&quot;fullScreen&quot;:&quot;true&quot;,&quot;download&quot;:&quot;true&quot;}}\" data-advanced-filters=\"no\"><article class=\"wpr-grid-item elementor-clearfix post-9490 post type-post status-publish format-standard hentry category-agricampus category-cfa-cfppa category-lycee\"><div class=\"wpr-grid-item-inner\"><div class=\"wpr-grid-item-below-content elementor-clearfix\"><h2 class=\"wpr-grid-item-title elementor-repeater-item-f502cbb wpr-grid-item-display-block wpr-grid-item-align-left wpr-pointer-none wpr-pointer-line-fx wpr-pointer-fx-fade\"><div class=\"inner-block\"><a target=\"_self\"  href=\"https:\/\/agricampuslaroque.fr\/index.php\/2026\/04\/09\/tiea-2026\/\">TIEA 2026<\/a><\/div><\/h2><div class=\"wpr-grid-item-date elementor-repeater-item-0980480 wpr-grid-item-display-inline wpr-grid-item-align-left\"><div class=\"inner-block\"><span>9 avril 2026<span class=\"wpr-grid-extra-text-right\">\/<\/span><\/span><\/div><\/div><div class=\"wpr-grid-item-excerpt elementor-repeater-item-94581e5 wpr-grid-item-display-block wpr-grid-item-align-left\"><div class=\"inner-block\"><p>TIEA au SAlon de l&rsquo;agriculture 2026 Quelle fiert\u00e9 pour notre Agricampus Rodez la Roque, notre \u00e9quipe du TIEA La Roque...<\/p><\/div><\/div><div class=\"wpr-grid-item-read-more elementor-repeater-item-41e4b8c wpr-grid-item-display-block wpr-grid-item-align-left\"><div class=\"inner-block\"><a target=\"_self\" href=\"https:\/\/agricampuslaroque.fr\/index.php\/2026\/04\/09\/tiea-2026\/\" class=\"wpr-button-effect wpr-button-none\"><span>Lire<\/span><\/a><\/div><\/div><\/div><\/div><\/article><article class=\"wpr-grid-item elementor-clearfix post-8719 post type-post status-publish format-standard hentry category-agricampus category-lycee\"><div class=\"wpr-grid-item-inner\"><div class=\"wpr-grid-item-below-content elementor-clearfix\"><h2 class=\"wpr-grid-item-title elementor-repeater-item-f502cbb wpr-grid-item-display-block wpr-grid-item-align-left wpr-pointer-none wpr-pointer-line-fx wpr-pointer-fx-fade\"><div class=\"inner-block\"><a target=\"_self\"  href=\"https:\/\/agricampuslaroque.fr\/index.php\/2025\/10\/16\/invitation-journee-des-anciens\/\">Invitation Journ\u00e9e des Anciens<\/a><\/div><\/h2><div class=\"wpr-grid-item-date elementor-repeater-item-0980480 wpr-grid-item-display-inline wpr-grid-item-align-left\"><div class=\"inner-block\"><span>16 octobre 2025<span class=\"wpr-grid-extra-text-right\">\/<\/span><\/span><\/div><\/div><div class=\"wpr-grid-item-excerpt elementor-repeater-item-94581e5 wpr-grid-item-display-block wpr-grid-item-align-left\"><div class=\"inner-block\"><p>Invitation journ\u00e9e des anciens samedi 29 novembre 9h 14h au lyc\u00e9e Ch\u00e8res anciennes, chers anciens, Nous avons le grand plaisir...<\/p><\/div><\/div><div class=\"wpr-grid-item-read-more elementor-repeater-item-41e4b8c wpr-grid-item-display-block wpr-grid-item-align-left\"><div class=\"inner-block\"><a target=\"_self\" href=\"https:\/\/agricampuslaroque.fr\/index.php\/2025\/10\/16\/invitation-journee-des-anciens\/\" class=\"wpr-button-effect wpr-button-none\"><span>Lire<\/span><\/a><\/div><\/div><\/div><\/div><\/article><article class=\"wpr-grid-item elementor-clearfix post-8629 post type-post status-publish format-standard hentry category-agricampus category-lycee\"><div class=\"wpr-grid-item-inner\"><div class=\"wpr-grid-item-below-content elementor-clearfix\"><h2 class=\"wpr-grid-item-title elementor-repeater-item-f502cbb wpr-grid-item-display-block wpr-grid-item-align-left wpr-pointer-none wpr-pointer-line-fx wpr-pointer-fx-fade\"><div class=\"inner-block\"><a target=\"_self\"  href=\"https:\/\/agricampuslaroque.fr\/index.php\/2025\/09\/30\/les-terminales-stav-du-domaine-technologique-vae-contribuent-a-un-amenagement-peri-urbain\/\">Les terminales STAV du Domaine Technologique \u00ab\u00a0VAE\u00a0\u00bb contribuent \u00e0 un am\u00e9nagement p\u00e9ri-urbain\u00a0\u00bb<\/a><\/div><\/h2><div class=\"wpr-grid-item-date elementor-repeater-item-0980480 wpr-grid-item-display-inline wpr-grid-item-align-left\"><div class=\"inner-block\"><span>30 septembre 2025<span class=\"wpr-grid-extra-text-right\">\/<\/span><\/span><\/div><\/div><div class=\"wpr-grid-item-excerpt elementor-repeater-item-94581e5 wpr-grid-item-display-block wpr-grid-item-align-left\"><div class=\"inner-block\"><p>VISITE des BTS ANABIO 1 \u00e0 l&rsquo;\u00e9cole v\u00e9t\u00e9rinaire de Toulouse Les terminales STAV du Domaine Technologique \u00ab\u00a0VAE\u00a0\u00bb contribuent \u00e0 un...<\/p><\/div><\/div><div class=\"wpr-grid-item-read-more elementor-repeater-item-41e4b8c wpr-grid-item-display-block wpr-grid-item-align-left\"><div class=\"inner-block\"><a target=\"_self\" href=\"https:\/\/agricampuslaroque.fr\/index.php\/2025\/09\/30\/les-terminales-stav-du-domaine-technologique-vae-contribuent-a-un-amenagement-peri-urbain\/\" class=\"wpr-button-effect wpr-button-none\"><span>Lire<\/span><\/a><\/div><\/div><\/div><\/div><\/article><article class=\"wpr-grid-item elementor-clearfix post-8619 post type-post status-publish format-standard hentry category-agricampus category-exploitation-agricole category-lycee\"><div class=\"wpr-grid-item-inner\"><div class=\"wpr-grid-item-below-content elementor-clearfix\"><h2 class=\"wpr-grid-item-title elementor-repeater-item-f502cbb wpr-grid-item-display-block wpr-grid-item-align-left wpr-pointer-none wpr-pointer-line-fx wpr-pointer-fx-fade\"><div class=\"inner-block\"><a target=\"_self\"  href=\"https:\/\/agricampuslaroque.fr\/index.php\/2025\/09\/17\/concours-national-limousin\/\">Concours National Limousin<\/a><\/div><\/h2><div class=\"wpr-grid-item-date elementor-repeater-item-0980480 wpr-grid-item-display-inline wpr-grid-item-align-left\"><div class=\"inner-block\"><span>17 septembre 2025<span class=\"wpr-grid-extra-text-right\">\/<\/span><\/span><\/div><\/div><div class=\"wpr-grid-item-excerpt elementor-repeater-item-94581e5 wpr-grid-item-display-block wpr-grid-item-align-left\"><div class=\"inner-block\"><p>Les BTS Productions Animales 2ieme ann\u00e9e mobilis\u00e9s pour le concours National Limousin Du jeudi 11 au lundi 15 septembre les...<\/p><\/div><\/div><div class=\"wpr-grid-item-read-more elementor-repeater-item-41e4b8c wpr-grid-item-display-block wpr-grid-item-align-left\"><div class=\"inner-block\"><a target=\"_self\" href=\"https:\/\/agricampuslaroque.fr\/index.php\/2025\/09\/17\/concours-national-limousin\/\" class=\"wpr-button-effect wpr-button-none\"><span>Lire<\/span><\/a><\/div><\/div><\/div><\/div><\/article><article class=\"wpr-grid-item elementor-clearfix post-8610 post type-post status-publish format-standard hentry category-agricampus category-lycee\"><div class=\"wpr-grid-item-inner\"><div class=\"wpr-grid-item-below-content elementor-clearfix\"><h2 class=\"wpr-grid-item-title elementor-repeater-item-f502cbb wpr-grid-item-display-block wpr-grid-item-align-left wpr-pointer-none wpr-pointer-line-fx wpr-pointer-fx-fade\"><div class=\"inner-block\"><a target=\"_self\"  href=\"https:\/\/agricampuslaroque.fr\/index.php\/2025\/09\/17\/journee-dintegration-btsa-ana1-et-2\/\">Journ\u00e9e d&rsquo;int\u00e9gration BTSA ANA1 et 2<\/a><\/div><\/h2><div class=\"wpr-grid-item-date elementor-repeater-item-0980480 wpr-grid-item-display-inline wpr-grid-item-align-left\"><div class=\"inner-block\"><span>17 septembre 2025<span class=\"wpr-grid-extra-text-right\">\/<\/span><\/span><\/div><\/div><div class=\"wpr-grid-item-excerpt elementor-repeater-item-94581e5 wpr-grid-item-display-block wpr-grid-item-align-left\"><div class=\"inner-block\"><p>Ce vendredi 12 septembre, les deux classes BTSA ANABIOTEC de 1\u00e8re ann\u00e9e et 2\u00e8me ann\u00e9e ont \u00e9t\u00e9 sur l&rsquo; Aubrac...<\/p><\/div><\/div><div class=\"wpr-grid-item-read-more elementor-repeater-item-41e4b8c wpr-grid-item-display-block wpr-grid-item-align-left\"><div class=\"inner-block\"><a target=\"_self\" href=\"https:\/\/agricampuslaroque.fr\/index.php\/2025\/09\/17\/journee-dintegration-btsa-ana1-et-2\/\" class=\"wpr-button-effect wpr-button-none\"><span>Lire<\/span><\/a><\/div><\/div><\/div><\/div><\/article><article class=\"wpr-grid-item elementor-clearfix post-8605 post type-post status-publish format-standard hentry category-agricampus category-lycee\"><div class=\"wpr-grid-item-inner\"><div class=\"wpr-grid-item-below-content elementor-clearfix\"><h2 class=\"wpr-grid-item-title elementor-repeater-item-f502cbb wpr-grid-item-display-block wpr-grid-item-align-left wpr-pointer-none wpr-pointer-line-fx wpr-pointer-fx-fade\"><div class=\"inner-block\"><a target=\"_self\"  href=\"https:\/\/agricampuslaroque.fr\/index.php\/2025\/09\/17\/bts-pa-me-duels-au-sommet-pour-bien-sintegrer\/\">BTS PA &amp; ME : \u00ab DUELS au sommet \u00bb pour bien s\u2019int\u00e9grer !<\/a><\/div><\/h2><div class=\"wpr-grid-item-date elementor-repeater-item-0980480 wpr-grid-item-display-inline wpr-grid-item-align-left\"><div class=\"inner-block\"><span>17 septembre 2025<span class=\"wpr-grid-extra-text-right\">\/<\/span><\/span><\/div><\/div><div class=\"wpr-grid-item-excerpt elementor-repeater-item-94581e5 wpr-grid-item-display-block wpr-grid-item-align-left\"><div class=\"inner-block\"><p>Course en sac, photo-mimes, tours d\u2019\u00e9crous, pyramide de gobelets, cerceaux-time\u2026 plus de 100\u00a0\u00e9tudiants en formation BTS PA et ME se...<\/p><\/div><\/div><div class=\"wpr-grid-item-read-more elementor-repeater-item-41e4b8c wpr-grid-item-display-block wpr-grid-item-align-left\"><div class=\"inner-block\"><a target=\"_self\" href=\"https:\/\/agricampuslaroque.fr\/index.php\/2025\/09\/17\/bts-pa-me-duels-au-sommet-pour-bien-sintegrer\/\" class=\"wpr-button-effect wpr-button-none\"><span>Lire<\/span><\/a><\/div><\/div><\/div><\/div><\/article><article class=\"wpr-grid-item elementor-clearfix post-8581 post type-post status-publish format-standard hentry category-agricampus category-cfa-cfppa category-exploitation-agricole category-lycee category-pole-transformation tag-agricampus tag-agriculture tag-agroalimentaire tag-atelier tag-aveyron tag-cfa tag-cfppa tag-chateau tag-education tag-exploitation tag-laroque tag-le tag-lycee tag-onet tag-prefet tag-rodez\"><div class=\"wpr-grid-item-inner\"><div class=\"wpr-grid-item-below-content elementor-clearfix\"><h2 class=\"wpr-grid-item-title elementor-repeater-item-f502cbb wpr-grid-item-display-block wpr-grid-item-align-left wpr-pointer-none wpr-pointer-line-fx wpr-pointer-fx-fade\"><div class=\"inner-block\"><a target=\"_self\"  href=\"https:\/\/agricampuslaroque.fr\/index.php\/2025\/09\/15\/visite-de-la-prefete-a-la-roque\/\">Visite de la pr\u00e9f\u00e8te \u00e0 La Roque<\/a><\/div><\/h2><div class=\"wpr-grid-item-date elementor-repeater-item-0980480 wpr-grid-item-display-inline wpr-grid-item-align-left\"><div class=\"inner-block\"><span>15 septembre 2025<span class=\"wpr-grid-extra-text-right\">\/<\/span><\/span><\/div><\/div><div class=\"wpr-grid-item-excerpt elementor-repeater-item-94581e5 wpr-grid-item-display-block wpr-grid-item-align-left\"><div class=\"inner-block\"><p>La pr\u00e9f\u00e8te Claire Chauffour-Rouillard, en visite \u00e0 l\u2019Agricampus La Roque Lors de la visite de la Pr\u00e9f\u00e8te, accompagn\u00e9e du DRAAF...<\/p><\/div><\/div><div class=\"wpr-grid-item-read-more elementor-repeater-item-41e4b8c wpr-grid-item-display-block wpr-grid-item-align-left\"><div class=\"inner-block\"><a target=\"_self\" href=\"https:\/\/agricampuslaroque.fr\/index.php\/2025\/09\/15\/visite-de-la-prefete-a-la-roque\/\" class=\"wpr-button-effect wpr-button-none\"><span>Lire<\/span><\/a><\/div><\/div><\/div><\/div><\/article><article class=\"wpr-grid-item elementor-clearfix post-8561 post type-post status-publish format-standard hentry category-agricampus category-lycee\"><div class=\"wpr-grid-item-inner\"><div class=\"wpr-grid-item-below-content elementor-clearfix\"><h2 class=\"wpr-grid-item-title elementor-repeater-item-f502cbb wpr-grid-item-display-block wpr-grid-item-align-left wpr-pointer-none wpr-pointer-line-fx wpr-pointer-fx-fade\"><div class=\"inner-block\"><a target=\"_self\"  href=\"https:\/\/agricampuslaroque.fr\/index.php\/2025\/09\/08\/les-seconde-4-en-rando\/\">Les Seconde 4 en rando !<\/a><\/div><\/h2><div class=\"wpr-grid-item-date elementor-repeater-item-0980480 wpr-grid-item-display-inline wpr-grid-item-align-left\"><div class=\"inner-block\"><span>8 septembre 2025<span class=\"wpr-grid-extra-text-right\">\/<\/span><\/span><\/div><\/div><div class=\"wpr-grid-item-excerpt elementor-repeater-item-94581e5 wpr-grid-item-display-block wpr-grid-item-align-left\"><div class=\"inner-block\"><p>\ud83d\udc5f Pour bien commencer l\u2019ann\u00e9e scolaire, les \u00e9l\u00e8ves de Seconde 4 ont pris le d\u00e9part d\u2019une randonn\u00e9e de 16km autour...<\/p><\/div><\/div><div class=\"wpr-grid-item-read-more elementor-repeater-item-41e4b8c wpr-grid-item-display-block wpr-grid-item-align-left\"><div class=\"inner-block\"><a target=\"_self\" href=\"https:\/\/agricampuslaroque.fr\/index.php\/2025\/09\/08\/les-seconde-4-en-rando\/\" class=\"wpr-button-effect wpr-button-none\"><span>Lire<\/span><\/a><\/div><\/div><\/div><\/div><\/article><article class=\"wpr-grid-item elementor-clearfix post-8484 post type-post status-publish format-standard hentry category-agricampus category-lycee\"><div class=\"wpr-grid-item-inner\"><div class=\"wpr-grid-item-below-content elementor-clearfix\"><h2 class=\"wpr-grid-item-title elementor-repeater-item-f502cbb wpr-grid-item-display-block wpr-grid-item-align-left wpr-pointer-none wpr-pointer-line-fx wpr-pointer-fx-fade\"><div class=\"inner-block\"><a target=\"_self\"  href=\"https:\/\/agricampuslaroque.fr\/index.php\/2025\/06\/17\/sortie-seconde-1-et-3\/\">Sortie Seconde 1 et 3<\/a><\/div><\/h2><div class=\"wpr-grid-item-date elementor-repeater-item-0980480 wpr-grid-item-display-inline wpr-grid-item-align-left\"><div class=\"inner-block\"><span>17 juin 2025<span class=\"wpr-grid-extra-text-right\">\/<\/span><\/span><\/div><\/div><div class=\"wpr-grid-item-excerpt elementor-repeater-item-94581e5 wpr-grid-item-display-block wpr-grid-item-align-left\"><div class=\"inner-block\"><p>\ud83d\udcf8 Retour en images sur la sortie du 27 mai \u00e0 Albi ! Les \u00e9l\u00e8ves de Secondes 1 et 3...<\/p><\/div><\/div><div class=\"wpr-grid-item-read-more elementor-repeater-item-41e4b8c wpr-grid-item-display-block wpr-grid-item-align-left\"><div class=\"inner-block\"><a target=\"_self\" href=\"https:\/\/agricampuslaroque.fr\/index.php\/2025\/06\/17\/sortie-seconde-1-et-3\/\" class=\"wpr-button-effect wpr-button-none\"><span>Lire<\/span><\/a><\/div><\/div><\/div><\/div><\/article><\/section><div class=\"wpr-grid-pagination elementor-clearfix wpr-grid-pagination-load-more\" data-pages=\"9\"><a href=\"https:\/\/agricampuslaroque.fr\/index.php\/wp-json\/wp\/v2\/pages\/2789\/page\/2\/\" class=\"wpr-load-more-btn\" data-e-disable-page-transition >Load More<\/a><div class=\"wpr-pagination-loading\"><div class=\"wpr-double-bounce\"><div class=\"wpr-child wpr-double-bounce1\"><\/div><div class=\"wpr-child wpr-double-bounce2\"><\/div><\/div><\/div><p class=\"wpr-pagination-finish\">End of Content.<\/p><\/div>\t\t\t\t<\/div>\n\t\t\t\t<\/div>\n\t\t\t\t\t<\/div>\n\t\t<\/div>\n\t\t\t\t\t<\/div>\n\t\t<\/section>\n\t\t\t\t<\/div>\n\t\t","protected":false},"excerpt":{"rendered":"<p>Actualit\u00e9s Lyc\u00e9e All Posts Lyc\u00e9e VISITE des BTS ANABIO 1 \u00e0 l&#8217;\u00e9cole v\u00e9t\u00e9rinaire de Toulouse 8 November 2023\/ VISITE des BTS ANABIO 1 \u00e0 l&#8217;\u00e9cole v\u00e9t\u00e9rinaire de Toulouse Le mercredi 11 octobre 2023 les \u00e9tudiants de BTSA ANABIOTEC&hellip; Lire<\/p>\n","protected":false},"author":2,"featured_media":0,"parent":945,"menu_order":0,"comment_status":"closed","ping_status":"closed","template":"","meta":{"footnotes":""},"class_list":["post-2789","page","type-page","status-publish","hentry"],"jetpack_sharing_enabled":true,"_links":{"self":[{"href":"https:\/\/agricampuslaroque.fr\/index.php\/wp-json\/wp\/v2\/pages\/2789","targetHints":{"allow":["GET"]}}],"collection":[{"href":"https:\/\/agricampuslaroque.fr\/index.php\/wp-json\/wp\/v2\/pages"}],"about":[{"href":"https:\/\/agricampuslaroque.fr\/index.php\/wp-json\/wp\/v2\/types\/page"}],"author":[{"embeddable":true,"href":"https:\/\/agricampuslaroque.fr\/index.php\/wp-json\/wp\/v2\/users\/2"}],"replies":[{"embeddable":true,"href":"https:\/\/agricampuslaroque.fr\/index.php\/wp-json\/wp\/v2\/comments?post=2789"}],"version-history":[{"count":10,"href":"https:\/\/agricampuslaroque.fr\/index.php\/wp-json\/wp\/v2\/pages\/2789\/revisions"}],"predecessor-version":[{"id":3373,"href":"https:\/\/agricampuslaroque.fr\/index.php\/wp-json\/wp\/v2\/pages\/2789\/revisions\/3373"}],"up":[{"embeddable":true,"href":"https:\/\/agricampuslaroque.fr\/index.php\/wp-json\/wp\/v2\/pages\/945"}],"wp:attachment":[{"href":"https:\/\/agricampuslaroque.fr\/index.php\/wp-json\/wp\/v2\/media?parent=2789"}],"curies":[{"name":"wp","href":"https:\/\/api.w.org\/{rel}","templated":true}]}}