{"id":2200,"date":"2023-07-20T15:42:23","date_gmt":"2023-07-20T13:42:23","guid":{"rendered":"https:\/\/agricampuslaroque.fr\/?page_id=2200"},"modified":"2023-08-22T09:27:48","modified_gmt":"2023-08-22T07:27:48","slug":"pole-transformation-boutique","status":"publish","type":"page","link":"https:\/\/agricampuslaroque.fr\/index.php\/pole-transformation\/pole-transformation-boutique\/","title":{"rendered":"P\u00f4le Transformation Boutique"},"content":{"rendered":"\t\t<div data-elementor-type=\"wp-page\" data-elementor-id=\"2200\" class=\"elementor elementor-2200\">\n\t\t\t\t\t\t<section class=\"elementor-section elementor-top-section elementor-element elementor-element-255b13b8 elementor-section-height-min-height elementor-section-items-stretch elementor-section-content-top elementor-section-full_width elementor-section-height-default wpr-particle-no wpr-jarallax-no wpr-parallax-no wpr-sticky-section-no\" data-id=\"255b13b8\" data-element_type=\"section\" data-e-type=\"section\" data-settings=\"{&quot;background_background&quot;:&quot;classic&quot;}\">\n\t\t\t\t\t\t<div class=\"elementor-container elementor-column-gap-default\">\n\t\t\t\t\t<div class=\"elementor-column elementor-col-100 elementor-top-column elementor-element elementor-element-4ad9ff28\" data-id=\"4ad9ff28\" data-element_type=\"column\" data-e-type=\"column\">\n\t\t\t<div class=\"elementor-widget-wrap elementor-element-populated\">\n\t\t\t\t\t\t<section class=\"elementor-section elementor-inner-section elementor-element elementor-element-41a46b4e elementor-section-boxed elementor-section-height-default elementor-section-height-default wpr-particle-no wpr-jarallax-no wpr-parallax-no wpr-sticky-section-no\" data-id=\"41a46b4e\" data-element_type=\"section\" data-e-type=\"section\">\n\t\t\t\t\t\t<div class=\"elementor-container elementor-column-gap-no\">\n\t\t\t\t\t<div class=\"elementor-column elementor-col-100 elementor-inner-column elementor-element elementor-element-73152a8e\" data-id=\"73152a8e\" data-element_type=\"column\" data-e-type=\"column\">\n\t\t\t<div class=\"elementor-widget-wrap elementor-element-populated\">\n\t\t\t\t\t\t<div class=\"elementor-element elementor-element-517f8eb7 elementor-widget elementor-widget-spacer\" data-id=\"517f8eb7\" data-element_type=\"widget\" data-e-type=\"widget\" data-widget_type=\"spacer.default\">\n\t\t\t\t<div class=\"elementor-widget-container\">\n\t\t\t\t\t\t\t<div class=\"elementor-spacer\">\n\t\t\t<div class=\"elementor-spacer-inner\"><\/div>\n\t\t<\/div>\n\t\t\t\t\t\t<\/div>\n\t\t\t\t<\/div>\n\t\t\t\t<div class=\"elementor-element elementor-element-af2b2d8 elementor-widget elementor-widget-heading\" data-id=\"af2b2d8\" data-element_type=\"widget\" data-e-type=\"widget\" data-widget_type=\"heading.default\">\n\t\t\t\t<div class=\"elementor-widget-container\">\n\t\t\t\t\t<h2 class=\"elementor-heading-title elementor-size-default\">La boutique gourmande<\/h2>\t\t\t\t<\/div>\n\t\t\t\t<\/div>\n\t\t\t\t<div class=\"elementor-element elementor-element-79e136d8 elementor-widget-divider--view-line elementor-invisible elementor-widget elementor-widget-divider\" data-id=\"79e136d8\" data-element_type=\"widget\" data-e-type=\"widget\" data-settings=\"{&quot;_animation&quot;:&quot;fadeIn&quot;,&quot;_animation_delay&quot;:&quot;200&quot;}\" data-widget_type=\"divider.default\">\n\t\t\t\t<div class=\"elementor-widget-container\">\n\t\t\t\t\t\t\t<div class=\"elementor-divider\">\n\t\t\t<span class=\"elementor-divider-separator\">\n\t\t\t\t\t\t<\/span>\n\t\t<\/div>\n\t\t\t\t\t\t<\/div>\n\t\t\t\t<\/div>\n\t\t\t\t\t<\/div>\n\t\t<\/div>\n\t\t\t\t\t<\/div>\n\t\t<\/section>\n\t\t\t\t<div class=\"elementor-element elementor-element-1884cba5 elementor-widget__width-initial elementor-widget-tablet__width-initial elementor-widget-mobile__width-inherit elementor-absolute elementor-invisible elementor-widget elementor-widget-image\" data-id=\"1884cba5\" data-element_type=\"widget\" data-e-type=\"widget\" data-settings=\"{&quot;_animation&quot;:&quot;slideInRight&quot;,&quot;_position&quot;:&quot;absolute&quot;}\" data-widget_type=\"image.default\">\n\t\t\t\t<div class=\"elementor-widget-container\">\n\t\t\t\t\t\t\t\t\t\t\t\t\t\t\t<img fetchpriority=\"high\" decoding=\"async\" width=\"960\" height=\"720\" src=\"https:\/\/agricampuslaroque.fr\/wp-content\/uploads\/2023\/03\/IMGP0082-1024x768.jpg\" class=\"attachment-large size-large wp-image-1275\" alt=\"\" srcset=\"https:\/\/agricampuslaroque.fr\/wp-content\/uploads\/2023\/03\/IMGP0082-1024x768.jpg 1024w, https:\/\/agricampuslaroque.fr\/wp-content\/uploads\/2023\/03\/IMGP0082-300x225.jpg 300w, https:\/\/agricampuslaroque.fr\/wp-content\/uploads\/2023\/03\/IMGP0082-768x576.jpg 768w, https:\/\/agricampuslaroque.fr\/wp-content\/uploads\/2023\/03\/IMGP0082-1536x1152.jpg 1536w, https:\/\/agricampuslaroque.fr\/wp-content\/uploads\/2023\/03\/IMGP0082-2048x1536.jpg 2048w\" sizes=\"(max-width: 960px) 100vw, 960px\" \/>\t\t\t\t\t\t\t\t\t\t\t\t\t\t\t<\/div>\n\t\t\t\t<\/div>\n\t\t\t\t\t<\/div>\n\t\t<\/div>\n\t\t\t\t\t<\/div>\n\t\t<\/section>\n\t\t\t\t<section class=\"elementor-section elementor-top-section elementor-element elementor-element-ec644dc elementor-section-content-middle elementor-section-boxed elementor-section-height-default elementor-section-height-default wpr-particle-no wpr-jarallax-no wpr-parallax-no wpr-sticky-section-no\" data-id=\"ec644dc\" data-element_type=\"section\" data-e-type=\"section\">\n\t\t\t\t\t\t<div class=\"elementor-container elementor-column-gap-no\">\n\t\t\t\t\t<div class=\"elementor-column elementor-col-100 elementor-top-column elementor-element elementor-element-411c0ef4\" data-id=\"411c0ef4\" data-element_type=\"column\" data-e-type=\"column\">\n\t\t\t<div class=\"elementor-widget-wrap elementor-element-populated\">\n\t\t\t\t\t\t<div class=\"elementor-element elementor-element-248b5c7e elementor-widget-divider--view-line elementor-invisible elementor-widget elementor-widget-divider\" data-id=\"248b5c7e\" data-element_type=\"widget\" data-e-type=\"widget\" data-settings=\"{&quot;_animation&quot;:&quot;slideInLeft&quot;}\" data-widget_type=\"divider.default\">\n\t\t\t\t<div class=\"elementor-widget-container\">\n\t\t\t\t\t\t\t<div class=\"elementor-divider\">\n\t\t\t<span class=\"elementor-divider-separator\">\n\t\t\t\t\t\t<\/span>\n\t\t<\/div>\n\t\t\t\t\t\t<\/div>\n\t\t\t\t<\/div>\n\t\t\t\t<div class=\"elementor-element elementor-element-4dc34ef elementor-view-default elementor-widget elementor-widget-icon\" data-id=\"4dc34ef\" data-element_type=\"widget\" data-e-type=\"widget\" data-widget_type=\"icon.default\">\n\t\t\t\t<div class=\"elementor-widget-container\">\n\t\t\t\t\t\t\t<div class=\"elementor-icon-wrapper\">\n\t\t\t<div class=\"elementor-icon\">\n\t\t\t<i aria-hidden=\"true\" class=\"fas fa-square-full\"><\/i>\t\t\t<\/div>\n\t\t<\/div>\n\t\t\t\t\t\t<\/div>\n\t\t\t\t<\/div>\n\t\t\t\t<div class=\"elementor-element elementor-element-4cf7882b elementor-widget elementor-widget-heading\" data-id=\"4cf7882b\" data-element_type=\"widget\" data-e-type=\"widget\" data-widget_type=\"heading.default\">\n\t\t\t\t<div class=\"elementor-widget-container\">\n\t\t\t\t\t<h4 class=\"elementor-heading-title elementor-size-default\">LES ENGAGEMENTS :<\/h4>\t\t\t\t<\/div>\n\t\t\t\t<\/div>\n\t\t\t\t<div class=\"elementor-element elementor-element-3d98857 elementor-widget elementor-widget-spacer\" data-id=\"3d98857\" data-element_type=\"widget\" data-e-type=\"widget\" data-widget_type=\"spacer.default\">\n\t\t\t\t<div class=\"elementor-widget-container\">\n\t\t\t\t\t\t\t<div class=\"elementor-spacer\">\n\t\t\t<div class=\"elementor-spacer-inner\"><\/div>\n\t\t<\/div>\n\t\t\t\t\t\t<\/div>\n\t\t\t\t<\/div>\n\t\t\t\t<div class=\"elementor-element elementor-element-44837c0 elementor-tabs-alignment-center elementor-tabs-view-horizontal elementor-widget elementor-widget-tabs\" data-id=\"44837c0\" data-element_type=\"widget\" data-e-type=\"widget\" data-widget_type=\"tabs.default\">\n\t\t\t\t<div class=\"elementor-widget-container\">\n\t\t\t\t\t\t\t<div class=\"elementor-tabs\">\n\t\t\t<div class=\"elementor-tabs-wrapper\" role=\"tablist\" >\n\t\t\t\t\t\t\t\t\t<div id=\"elementor-tab-title-7181\" class=\"elementor-tab-title elementor-tab-desktop-title\" aria-selected=\"true\" data-tab=\"1\" role=\"tab\" tabindex=\"0\" aria-controls=\"elementor-tab-content-7181\" aria-expanded=\"false\">B\u0153ufs<\/div>\n\t\t\t\t\t\t\t\t\t<div id=\"elementor-tab-title-7182\" class=\"elementor-tab-title elementor-tab-desktop-title\" aria-selected=\"false\" data-tab=\"2\" role=\"tab\" tabindex=\"-1\" aria-controls=\"elementor-tab-content-7182\" aria-expanded=\"false\">Brebis<\/div>\n\t\t\t\t\t\t\t\t\t<div id=\"elementor-tab-title-7183\" class=\"elementor-tab-title elementor-tab-desktop-title\" aria-selected=\"false\" data-tab=\"3\" role=\"tab\" tabindex=\"-1\" aria-controls=\"elementor-tab-content-7183\" aria-expanded=\"false\">Porcs<\/div>\n\t\t\t\t\t\t\t\t\t<div id=\"elementor-tab-title-7184\" class=\"elementor-tab-title elementor-tab-desktop-title\" aria-selected=\"false\" data-tab=\"4\" role=\"tab\" tabindex=\"-1\" aria-controls=\"elementor-tab-content-7184\" aria-expanded=\"false\">Canards<\/div>\n\t\t\t\t\t\t\t<\/div>\n\t\t\t<div class=\"elementor-tabs-content-wrapper\" role=\"tablist\" aria-orientation=\"vertical\">\n\t\t\t\t\t\t\t\t\t<div class=\"elementor-tab-title elementor-tab-mobile-title\" aria-selected=\"true\" data-tab=\"1\" role=\"tab\" tabindex=\"0\" aria-controls=\"elementor-tab-content-7181\" aria-expanded=\"false\">B\u0153ufs<\/div>\n\t\t\t\t\t<div id=\"elementor-tab-content-7181\" class=\"elementor-tab-content elementor-clearfix\" data-tab=\"1\" role=\"tabpanel\" aria-labelledby=\"elementor-tab-title-7181\" tabindex=\"0\" hidden=\"false\"><p><img decoding=\"async\" class=\"alignnone size-medium wp-image-2242\" src=\"https:\/\/agricampuslaroque.fr\/wp-content\/uploads\/2023\/08\/tfj-300x226.jpg\" alt=\"\" width=\"300\" height=\"226\" srcset=\"https:\/\/agricampuslaroque.fr\/wp-content\/uploads\/2023\/08\/tfj-300x226.jpg 300w, https:\/\/agricampuslaroque.fr\/wp-content\/uploads\/2023\/08\/tfj.jpg 506w\" sizes=\"(max-width: 300px) 100vw, 300px\" \/><\/p><p>Le<strong> b\u0153uf de race Aubrac<\/strong> est \u00e9lev\u00e9 sur les prairies herbag\u00e9es de La Roque selon le cahier des charges \u00ab\u00a0Bleu Blanc C\u0153ur\u00a0\u00bb.<\/p><p><img decoding=\"async\" class=\"alignnone wp-image-2243 size-full\" src=\"https:\/\/agricampuslaroque.fr\/wp-content\/uploads\/2023\/08\/bleublancoeur.png\" alt=\"\" width=\"235\" height=\"214\" \/><\/p><p>\u00a0<\/p><p><strong><em>Qu\u2019est ce que la d\u00e9marche Bleu Blanc C\u0153ur ?<\/em><\/strong><\/p><p>C\u2019est un ensemble de modes de production agricole, de transformation et de distribution <strong>durables<\/strong> permettant d\u2019obtenir une <strong>qualit\u00e9 gustative et nutritionnelle<\/strong> reconnue des produits finis.<\/p><p>Des indicateurs <strong>d\u2019impacts nutritionnels positifs<\/strong> et <strong>d\u2019am\u00e9lioration environnementale<\/strong> sont r\u00e9guli\u00e8rement mesur\u00e9s.<\/p><p>\u00a0<\/p><\/div>\n\t\t\t\t\t\t\t\t\t<div class=\"elementor-tab-title elementor-tab-mobile-title\" aria-selected=\"false\" data-tab=\"2\" role=\"tab\" tabindex=\"-1\" aria-controls=\"elementor-tab-content-7182\" aria-expanded=\"false\">Brebis<\/div>\n\t\t\t\t\t<div id=\"elementor-tab-content-7182\" class=\"elementor-tab-content elementor-clearfix\" data-tab=\"2\" role=\"tabpanel\" aria-labelledby=\"elementor-tab-title-7182\" tabindex=\"0\" hidden=\"hidden\"><p><img loading=\"lazy\" decoding=\"async\" class=\"alignnone size-medium wp-image-2241\" src=\"https:\/\/agricampuslaroque.fr\/wp-content\/uploads\/2023\/08\/AGNEAU-BREBIS-LACAUNE-300x203.jpg\" alt=\"\" width=\"300\" height=\"203\" srcset=\"https:\/\/agricampuslaroque.fr\/wp-content\/uploads\/2023\/08\/AGNEAU-BREBIS-LACAUNE-300x203.jpg 300w, https:\/\/agricampuslaroque.fr\/wp-content\/uploads\/2023\/08\/AGNEAU-BREBIS-LACAUNE.jpg 480w\" sizes=\"(max-width: 300px) 100vw, 300px\" \/><\/p><p>En compl\u00e9ment des vaches Aubrac, le troupeau de <strong>brebis de race Lacaune<\/strong>, p\u00e2ture sur les terres autour de La Roque. Le mode d\u2019\u00e9levage des agneaux respecte le cahier des charges \u00ab\u00a0Agneau fermier des Pays d\u2019Oc Label Rouge\u00a0\u00bb.<\/p><p><img loading=\"lazy\" decoding=\"async\" class=\"alignnone size-full wp-image-2249\" src=\"https:\/\/agricampuslaroque.fr\/wp-content\/uploads\/2023\/08\/agneaufermier.png\" alt=\"\" width=\"180\" height=\"180\" srcset=\"https:\/\/agricampuslaroque.fr\/wp-content\/uploads\/2023\/08\/agneaufermier.png 180w, https:\/\/agricampuslaroque.fr\/wp-content\/uploads\/2023\/08\/agneaufermier-150x150.png 150w\" sizes=\"(max-width: 180px) 100vw, 180px\" \/><\/p><p><strong><em>Que garantit le label rouge, Agneau Fermier des Pays d\u2019Oc\u00a0? <\/em><\/strong><\/p><p>Les brebis Lacaune, allaitent leurs agneaux le plus longtemps possible. Puis, <strong>les c\u00e9r\u00e9ales, le foin et les min\u00e9raux <\/strong>remplacent petit \u00e0 petit le <strong>lait maternel<\/strong> dans l\u2019alimentation des jeunes, pour une croissance optimale.<\/p><\/div>\n\t\t\t\t\t\t\t\t\t<div class=\"elementor-tab-title elementor-tab-mobile-title\" aria-selected=\"false\" data-tab=\"3\" role=\"tab\" tabindex=\"-1\" aria-controls=\"elementor-tab-content-7183\" aria-expanded=\"false\">Porcs<\/div>\n\t\t\t\t\t<div id=\"elementor-tab-content-7183\" class=\"elementor-tab-content elementor-clearfix\" data-tab=\"3\" role=\"tabpanel\" aria-labelledby=\"elementor-tab-title-7183\" tabindex=\"0\" hidden=\"hidden\"><p>L\u2019approvisionnement en <strong>viande de porc<\/strong> se fait directement depuis un \u00e9levage partenaire, situ\u00e9 \u00e0 28 kilom\u00e8tres de l\u2019Agricampus La Roque. L\u2019\u2019exploitation agricole d\u2019origine a obtenu la mention \u00ab\u00a0<strong>haute valeur environnementale<\/strong>\u00a0\u00bb. L\u2019alimentation des porcs se fait principalement \u00e0 partir des c\u00e9r\u00e9ales produites sur la ferme.<\/p><p><img loading=\"lazy\" decoding=\"async\" class=\"alignnone size-full wp-image-2248\" src=\"https:\/\/agricampuslaroque.fr\/wp-content\/uploads\/2023\/08\/hautevaleurenviro.png\" alt=\"\" width=\"162\" height=\"163\" srcset=\"https:\/\/agricampuslaroque.fr\/wp-content\/uploads\/2023\/08\/hautevaleurenviro.png 162w, https:\/\/agricampuslaroque.fr\/wp-content\/uploads\/2023\/08\/hautevaleurenviro-150x150.png 150w\" sizes=\"(max-width: 162px) 100vw, 162px\" \/><\/p><p><strong><em>Pourquoi ce certificat \u00ab\u00a0Exploitation de Haute Valeur Environnementale\u00a0\u00bb est-il important\u00a0?<\/em><\/strong><\/p><p>Cette mention atteste que l\u2019agriculteur met en \u0153uvre des pratiques agricoles qui reposent sur les principes de <strong>l\u2019agro\u00e9cologie.<\/strong> Il favorise les ressources et les m\u00e9canismes de la nature, il fait le n\u00e9cessaire pour <strong>r\u00e9duire les produits phytosanitaires<\/strong>, il <strong>limite les transports<\/strong> et ma\u00eetrise les rations en int\u00e9grant <strong>un maximum de c\u00e9r\u00e9ales produites sur la ferme dans l\u2019alimentation des porcs<\/strong>.<\/p><\/div>\n\t\t\t\t\t\t\t\t\t<div class=\"elementor-tab-title elementor-tab-mobile-title\" aria-selected=\"false\" data-tab=\"4\" role=\"tab\" tabindex=\"-1\" aria-controls=\"elementor-tab-content-7184\" aria-expanded=\"false\">Canards<\/div>\n\t\t\t\t\t<div id=\"elementor-tab-content-7184\" class=\"elementor-tab-content elementor-clearfix\" data-tab=\"4\" role=\"tabpanel\" aria-labelledby=\"elementor-tab-title-7184\" tabindex=\"0\" hidden=\"hidden\"><p>Les <strong>canards gras<\/strong> qui servent \u00e0 la r\u00e9alisation des foies-gras, p\u00e2t\u00e9s au foie-gras, confits, cassoulets,\u2026 sont issus des \u00e9levages fermiers locaux<\/p><\/div>\n\t\t\t\t\t\t\t<\/div>\n\t\t<\/div>\n\t\t\t\t\t\t<\/div>\n\t\t\t\t<\/div>\n\t\t\t\t\t<\/div>\n\t\t<\/div>\n\t\t\t\t\t<\/div>\n\t\t<\/section>\n\t\t\t\t<section class=\"elementor-section elementor-top-section elementor-element elementor-element-914e504 elementor-section-boxed elementor-section-height-default elementor-section-height-default wpr-particle-no wpr-jarallax-no wpr-parallax-no wpr-sticky-section-no\" data-id=\"914e504\" data-element_type=\"section\" data-e-type=\"section\">\n\t\t\t\t\t\t<div class=\"elementor-container elementor-column-gap-default\">\n\t\t\t\t\t<div class=\"elementor-column elementor-col-33 elementor-top-column elementor-element elementor-element-d57cf56\" data-id=\"d57cf56\" data-element_type=\"column\" data-e-type=\"column\">\n\t\t\t<div class=\"elementor-widget-wrap elementor-element-populated\">\n\t\t\t\t\t\t<div class=\"elementor-element elementor-element-1c5619d elementor-widget elementor-widget-heading\" data-id=\"1c5619d\" data-element_type=\"widget\" data-e-type=\"widget\" data-widget_type=\"heading.default\">\n\t\t\t\t<div class=\"elementor-widget-container\">\n\t\t\t\t\t<h2 class=\"elementor-heading-title elementor-size-default\">LES VIANDES<\/h2>\t\t\t\t<\/div>\n\t\t\t\t<\/div>\n\t\t\t\t<div class=\"elementor-element elementor-element-ad46004 elementor-widget elementor-widget-image\" data-id=\"ad46004\" data-element_type=\"widget\" data-e-type=\"widget\" data-widget_type=\"image.default\">\n\t\t\t\t<div class=\"elementor-widget-container\">\n\t\t\t\t\t\t\t\t\t\t\t\t\t\t\t<img loading=\"lazy\" decoding=\"async\" width=\"960\" height=\"540\" src=\"https:\/\/agricampuslaroque.fr\/wp-content\/uploads\/2023\/07\/GAMME-VIANDES-FRAICHES-1024x576.jpg\" class=\"elementor-animation-grow attachment-large size-large wp-image-2211\" alt=\"\" srcset=\"https:\/\/agricampuslaroque.fr\/wp-content\/uploads\/2023\/07\/GAMME-VIANDES-FRAICHES-1024x576.jpg 1024w, https:\/\/agricampuslaroque.fr\/wp-content\/uploads\/2023\/07\/GAMME-VIANDES-FRAICHES-300x169.jpg 300w, https:\/\/agricampuslaroque.fr\/wp-content\/uploads\/2023\/07\/GAMME-VIANDES-FRAICHES-768x432.jpg 768w, https:\/\/agricampuslaroque.fr\/wp-content\/uploads\/2023\/07\/GAMME-VIANDES-FRAICHES-1536x864.jpg 1536w, https:\/\/agricampuslaroque.fr\/wp-content\/uploads\/2023\/07\/GAMME-VIANDES-FRAICHES.jpg 1920w\" sizes=\"(max-width: 960px) 100vw, 960px\" \/>\t\t\t\t\t\t\t\t\t\t\t\t\t\t\t<\/div>\n\t\t\t\t<\/div>\n\t\t\t\t\t<\/div>\n\t\t<\/div>\n\t\t\t\t<div class=\"elementor-column elementor-col-33 elementor-top-column elementor-element elementor-element-99ff1e8\" data-id=\"99ff1e8\" data-element_type=\"column\" data-e-type=\"column\">\n\t\t\t<div class=\"elementor-widget-wrap elementor-element-populated\">\n\t\t\t\t\t\t<div class=\"elementor-element elementor-element-f3a4671 elementor-widget elementor-widget-heading\" data-id=\"f3a4671\" data-element_type=\"widget\" data-e-type=\"widget\" data-widget_type=\"heading.default\">\n\t\t\t\t<div class=\"elementor-widget-container\">\n\t\t\t\t\t<h2 class=\"elementor-heading-title elementor-size-default\">LES CONSERVES<\/h2>\t\t\t\t<\/div>\n\t\t\t\t<\/div>\n\t\t\t\t<div class=\"elementor-element elementor-element-623db21 elementor-widget elementor-widget-image\" data-id=\"623db21\" data-element_type=\"widget\" data-e-type=\"widget\" data-widget_type=\"image.default\">\n\t\t\t\t<div class=\"elementor-widget-container\">\n\t\t\t\t\t\t\t\t\t\t\t\t\t\t\t<img loading=\"lazy\" decoding=\"async\" width=\"960\" height=\"540\" src=\"https:\/\/agricampuslaroque.fr\/wp-content\/uploads\/2023\/07\/GAMME-CONSERVES-1024x576.jpg\" class=\"elementor-animation-grow attachment-large size-large wp-image-2210\" alt=\"\" srcset=\"https:\/\/agricampuslaroque.fr\/wp-content\/uploads\/2023\/07\/GAMME-CONSERVES-1024x576.jpg 1024w, https:\/\/agricampuslaroque.fr\/wp-content\/uploads\/2023\/07\/GAMME-CONSERVES-300x169.jpg 300w, https:\/\/agricampuslaroque.fr\/wp-content\/uploads\/2023\/07\/GAMME-CONSERVES-768x432.jpg 768w, https:\/\/agricampuslaroque.fr\/wp-content\/uploads\/2023\/07\/GAMME-CONSERVES-1536x864.jpg 1536w, https:\/\/agricampuslaroque.fr\/wp-content\/uploads\/2023\/07\/GAMME-CONSERVES.jpg 1920w\" sizes=\"(max-width: 960px) 100vw, 960px\" \/>\t\t\t\t\t\t\t\t\t\t\t\t\t\t\t<\/div>\n\t\t\t\t<\/div>\n\t\t\t\t\t<\/div>\n\t\t<\/div>\n\t\t\t\t<div class=\"elementor-column elementor-col-33 elementor-top-column elementor-element elementor-element-961eb32\" data-id=\"961eb32\" data-element_type=\"column\" data-e-type=\"column\">\n\t\t\t<div class=\"elementor-widget-wrap elementor-element-populated\">\n\t\t\t\t\t\t<div class=\"elementor-element elementor-element-f37c080 elementor-widget elementor-widget-heading\" data-id=\"f37c080\" data-element_type=\"widget\" data-e-type=\"widget\" data-widget_type=\"heading.default\">\n\t\t\t\t<div class=\"elementor-widget-container\">\n\t\t\t\t\t<h2 class=\"elementor-heading-title elementor-size-default\">LES SALAISONS<\/h2>\t\t\t\t<\/div>\n\t\t\t\t<\/div>\n\t\t\t\t<div class=\"elementor-element elementor-element-cac1235 elementor-widget elementor-widget-image\" data-id=\"cac1235\" data-element_type=\"widget\" data-e-type=\"widget\" data-widget_type=\"image.default\">\n\t\t\t\t<div class=\"elementor-widget-container\">\n\t\t\t\t\t\t\t\t\t\t\t\t\t\t\t<img loading=\"lazy\" decoding=\"async\" width=\"960\" height=\"611\" src=\"https:\/\/agricampuslaroque.fr\/wp-content\/uploads\/2023\/07\/PLATEAU-CHARCUTERIE-1024x652.jpg\" class=\"elementor-animation-grow attachment-large size-large wp-image-2145\" alt=\"\" srcset=\"https:\/\/agricampuslaroque.fr\/wp-content\/uploads\/2023\/07\/PLATEAU-CHARCUTERIE-1024x652.jpg 1024w, https:\/\/agricampuslaroque.fr\/wp-content\/uploads\/2023\/07\/PLATEAU-CHARCUTERIE-300x191.jpg 300w, https:\/\/agricampuslaroque.fr\/wp-content\/uploads\/2023\/07\/PLATEAU-CHARCUTERIE-768x489.jpg 768w, https:\/\/agricampuslaroque.fr\/wp-content\/uploads\/2023\/07\/PLATEAU-CHARCUTERIE.jpg 1500w\" sizes=\"(max-width: 960px) 100vw, 960px\" \/>\t\t\t\t\t\t\t\t\t\t\t\t\t\t\t<\/div>\n\t\t\t\t<\/div>\n\t\t\t\t\t<\/div>\n\t\t<\/div>\n\t\t\t\t\t<\/div>\n\t\t<\/section>\n\t\t\t\t<\/div>\n\t\t","protected":false},"excerpt":{"rendered":"<p>La boutique gourmande LES ENGAGEMENTS : B\u0153ufs Brebis Porcs Canards B\u0153ufs Le b\u0153uf de race Aubrac est \u00e9lev\u00e9 sur les prairies herbag\u00e9es de La Roque selon le cahier des charges \u00ab\u00a0Bleu Blanc C\u0153ur\u00a0\u00bb. \u00a0 Qu\u2019est ce que la d\u00e9marche Bleu Blanc C\u0153ur ? C\u2019est un ensemble de modes de production agricole, de transformation et de distribution durables permettant d\u2019obtenir une qualit\u00e9 gustative et nutritionnelle reconnue des produits finis. Des indicateurs d\u2019impacts nutritionnels positifs et d\u2019am\u00e9lioration environnementale sont r\u00e9guli\u00e8rement mesur\u00e9s. \u00a0 Brebis En compl\u00e9ment des vaches Aubrac, le troupeau de brebis de race Lacaune, p\u00e2ture sur les terres autour de La Roque. Le mode d\u2019\u00e9levage des agneaux respecte le cahier des charges \u00ab\u00a0Agneau fermier des Pays d\u2019Oc Label Rouge\u00a0\u00bb. Que garantit le label rouge, Agneau Fermier des Pays d\u2019Oc\u00a0? Les brebis Lacaune, allaitent leurs agneaux le plus longtemps possible. Puis, les c\u00e9r\u00e9ales, le foin et les min\u00e9raux remplacent petit \u00e0 petit le lait maternel dans l\u2019alimentation des jeunes, pour une croissance optimale. Porcs L\u2019approvisionnement en viande de porc se fait directement depuis un \u00e9levage partenaire, situ\u00e9 \u00e0 28 kilom\u00e8tres de l\u2019Agricampus La Roque. L\u2019\u2019exploitation agricole d\u2019origine a obtenu la mention \u00ab\u00a0haute valeur environnementale\u00a0\u00bb. L\u2019alimentation des porcs se fait principalement \u00e0 partir des c\u00e9r\u00e9ales produites sur la ferme. Pourquoi ce certificat \u00ab\u00a0Exploitation de Haute Valeur Environnementale\u00a0\u00bb est-il important\u00a0? Cette mention atteste que l\u2019agriculteur met en \u0153uvre des pratiques agricoles qui reposent sur les principes de l\u2019agro\u00e9cologie. Il favorise les ressources et les m\u00e9canismes de la nature, il fait le n\u00e9cessaire pour r\u00e9duire les produits phytosanitaires, il limite les transports et ma\u00eetrise les rations en int\u00e9grant un maximum de c\u00e9r\u00e9ales produites sur la ferme dans l\u2019alimentation des porcs. Canards Les canards gras qui servent \u00e0 la r\u00e9alisation des foies-gras, p\u00e2t\u00e9s au foie-gras, confits, cassoulets,\u2026 sont issus des \u00e9levages fermiers locaux LES VIANDES LES CONSERVES LES SALAISONS<\/p>\n","protected":false},"author":2,"featured_media":0,"parent":952,"menu_order":0,"comment_status":"closed","ping_status":"closed","template":"","meta":{"footnotes":""},"class_list":["post-2200","page","type-page","status-publish","hentry"],"jetpack_sharing_enabled":true,"_links":{"self":[{"href":"https:\/\/agricampuslaroque.fr\/index.php\/wp-json\/wp\/v2\/pages\/2200","targetHints":{"allow":["GET"]}}],"collection":[{"href":"https:\/\/agricampuslaroque.fr\/index.php\/wp-json\/wp\/v2\/pages"}],"about":[{"href":"https:\/\/agricampuslaroque.fr\/index.php\/wp-json\/wp\/v2\/types\/page"}],"author":[{"embeddable":true,"href":"https:\/\/agricampuslaroque.fr\/index.php\/wp-json\/wp\/v2\/users\/2"}],"replies":[{"embeddable":true,"href":"https:\/\/agricampuslaroque.fr\/index.php\/wp-json\/wp\/v2\/comments?post=2200"}],"version-history":[{"count":22,"href":"https:\/\/agricampuslaroque.fr\/index.php\/wp-json\/wp\/v2\/pages\/2200\/revisions"}],"predecessor-version":[{"id":2258,"href":"https:\/\/agricampuslaroque.fr\/index.php\/wp-json\/wp\/v2\/pages\/2200\/revisions\/2258"}],"up":[{"embeddable":true,"href":"https:\/\/agricampuslaroque.fr\/index.php\/wp-json\/wp\/v2\/pages\/952"}],"wp:attachment":[{"href":"https:\/\/agricampuslaroque.fr\/index.php\/wp-json\/wp\/v2\/media?parent=2200"}],"curies":[{"name":"wp","href":"https:\/\/api.w.org\/{rel}","templated":true}]}}