{"id":2181,"date":"2023-07-20T15:25:24","date_gmt":"2023-07-20T13:25:24","guid":{"rendered":"https:\/\/agricampuslaroque.fr\/?page_id=2181"},"modified":"2023-08-22T09:55:33","modified_gmt":"2023-08-22T07:55:33","slug":"poletransformation-pedagogie","status":"publish","type":"page","link":"https:\/\/agricampuslaroque.fr\/index.php\/pole-transformation\/poletransformation-pedagogie\/","title":{"rendered":"P\u00f4leTransformation P\u00e9dagogie"},"content":{"rendered":"\t\t<div data-elementor-type=\"wp-page\" data-elementor-id=\"2181\" class=\"elementor elementor-2181\">\n\t\t\t\t\t\t<section class=\"elementor-section elementor-top-section elementor-element elementor-element-62ee3e3f elementor-section-height-min-height elementor-section-items-stretch elementor-section-content-top elementor-section-full_width elementor-section-height-default wpr-particle-no wpr-jarallax-no wpr-parallax-no wpr-sticky-section-no wpr-equal-height-no\" data-id=\"62ee3e3f\" data-element_type=\"section\" data-e-type=\"section\" data-settings=\"{&quot;background_background&quot;:&quot;classic&quot;}\">\n\t\t\t\t\t\t<div class=\"elementor-container elementor-column-gap-default\">\n\t\t\t\t\t<div class=\"elementor-column elementor-col-100 elementor-top-column elementor-element elementor-element-467f05a0\" data-id=\"467f05a0\" data-element_type=\"column\" data-e-type=\"column\">\n\t\t\t<div class=\"elementor-widget-wrap elementor-element-populated\">\n\t\t\t\t\t\t<section class=\"elementor-section elementor-inner-section elementor-element elementor-element-5aba80f elementor-section-boxed elementor-section-height-default elementor-section-height-default wpr-particle-no wpr-jarallax-no wpr-parallax-no wpr-sticky-section-no wpr-equal-height-no\" data-id=\"5aba80f\" data-element_type=\"section\" data-e-type=\"section\">\n\t\t\t\t\t\t<div class=\"elementor-container elementor-column-gap-no\">\n\t\t\t\t\t<div class=\"elementor-column elementor-col-100 elementor-inner-column elementor-element elementor-element-61baaa7f\" data-id=\"61baaa7f\" data-element_type=\"column\" data-e-type=\"column\">\n\t\t\t<div class=\"elementor-widget-wrap elementor-element-populated\">\n\t\t\t\t\t\t<div class=\"elementor-element elementor-element-202e5a73 elementor-widget elementor-widget-spacer\" data-id=\"202e5a73\" data-element_type=\"widget\" data-e-type=\"widget\" data-widget_type=\"spacer.default\">\n\t\t\t\t<div class=\"elementor-widget-container\">\n\t\t\t\t\t\t\t<div class=\"elementor-spacer\">\n\t\t\t<div class=\"elementor-spacer-inner\"><\/div>\n\t\t<\/div>\n\t\t\t\t\t\t<\/div>\n\t\t\t\t<\/div>\n\t\t\t\t<div class=\"elementor-element elementor-element-415d6e50 elementor-widget elementor-widget-heading\" data-id=\"415d6e50\" data-element_type=\"widget\" data-e-type=\"widget\" data-widget_type=\"heading.default\">\n\t\t\t\t<div class=\"elementor-widget-container\">\n\t\t\t\t\t<h2 class=\"elementor-heading-title elementor-size-default\">Espace P\u00e9dagogique<\/h2>\t\t\t\t<\/div>\n\t\t\t\t<\/div>\n\t\t\t\t<div class=\"elementor-element elementor-element-27709f2b elementor-widget-divider--view-line elementor-invisible elementor-widget elementor-widget-divider\" data-id=\"27709f2b\" data-element_type=\"widget\" data-e-type=\"widget\" data-settings=\"{&quot;_animation&quot;:&quot;fadeIn&quot;,&quot;_animation_delay&quot;:&quot;200&quot;}\" data-widget_type=\"divider.default\">\n\t\t\t\t<div class=\"elementor-widget-container\">\n\t\t\t\t\t\t\t<div class=\"elementor-divider\">\n\t\t\t<span class=\"elementor-divider-separator\">\n\t\t\t\t\t\t<\/span>\n\t\t<\/div>\n\t\t\t\t\t\t<\/div>\n\t\t\t\t<\/div>\n\t\t\t\t<div class=\"elementor-element elementor-element-27e132df elementor-widget__width-initial elementor-invisible elementor-widget elementor-widget-heading\" data-id=\"27e132df\" data-element_type=\"widget\" data-e-type=\"widget\" data-settings=\"{&quot;_animation&quot;:&quot;fadeIn&quot;,&quot;_animation_delay&quot;:&quot;400&quot;}\" data-widget_type=\"heading.default\">\n\t\t\t\t<div class=\"elementor-widget-container\">\n\t\t\t\t\t<h2 class=\"elementor-heading-title elementor-size-default\">LE P\u00d4LE TRANSFORMATION d\u2019AGRICAMPUS LA ROQUE est une unit\u00e9 de production qui sert de plateau technique aux formations du lyc\u00e9e et du CFA\/CFPPA <\/h2>\t\t\t\t<\/div>\n\t\t\t\t<\/div>\n\t\t\t\t<div class=\"elementor-element elementor-element-10e0935e elementor-align-left elementor-widget elementor-widget-button\" data-id=\"10e0935e\" data-element_type=\"widget\" data-e-type=\"widget\" data-widget_type=\"button.default\">\n\t\t\t\t<div class=\"elementor-widget-container\">\n\t\t\t\t\t\t\t\t\t<div class=\"elementor-button-wrapper\">\n\t\t\t\t\t<a class=\"elementor-button elementor-button-link elementor-size-md elementor-animation-grow\" href=\"#\">\n\t\t\t\t\t\t<span class=\"elementor-button-content-wrapper\">\n\t\t\t\t\t\t<span class=\"elementor-button-icon\">\n\t\t\t\t<i aria-hidden=\"true\" class=\"fas fa-shopping-basket\"><\/i>\t\t\t<\/span>\n\t\t\t\t\t\t\t\t\t<span class=\"elementor-button-text\">La Boutique Gourmande<\/span>\n\t\t\t\t\t<\/span>\n\t\t\t\t\t<\/a>\n\t\t\t\t<\/div>\n\t\t\t\t\t\t\t\t<\/div>\n\t\t\t\t<\/div>\n\t\t\t\t\t<\/div>\n\t\t<\/div>\n\t\t\t\t\t<\/div>\n\t\t<\/section>\n\t\t\t\t<div class=\"elementor-element elementor-element-1ceb4cac elementor-widget__width-initial elementor-widget-tablet__width-initial elementor-widget-mobile__width-inherit elementor-absolute elementor-invisible elementor-widget elementor-widget-image\" data-id=\"1ceb4cac\" data-element_type=\"widget\" data-e-type=\"widget\" data-settings=\"{&quot;_animation&quot;:&quot;slideInRight&quot;,&quot;_position&quot;:&quot;absolute&quot;}\" data-widget_type=\"image.default\">\n\t\t\t\t<div class=\"elementor-widget-container\">\n\t\t\t\t\t\t\t\t\t\t\t\t\t\t\t<img fetchpriority=\"high\" decoding=\"async\" width=\"769\" height=\"1024\" src=\"https:\/\/agricampuslaroque.fr\/wp-content\/uploads\/2023\/07\/PRODUCTION_SAUCE_TOMATE_BTSA_STA_SEPT_2021-transformed-769x1024.jpeg\" class=\"attachment-large size-large wp-image-2177\" alt=\"\" srcset=\"https:\/\/agricampuslaroque.fr\/wp-content\/uploads\/2023\/07\/PRODUCTION_SAUCE_TOMATE_BTSA_STA_SEPT_2021-transformed-769x1024.jpeg 769w, https:\/\/agricampuslaroque.fr\/wp-content\/uploads\/2023\/07\/PRODUCTION_SAUCE_TOMATE_BTSA_STA_SEPT_2021-transformed-225x300.jpeg 225w, https:\/\/agricampuslaroque.fr\/wp-content\/uploads\/2023\/07\/PRODUCTION_SAUCE_TOMATE_BTSA_STA_SEPT_2021-transformed-768x1023.jpeg 768w, https:\/\/agricampuslaroque.fr\/wp-content\/uploads\/2023\/07\/PRODUCTION_SAUCE_TOMATE_BTSA_STA_SEPT_2021-transformed.jpeg 1036w\" sizes=\"(max-width: 769px) 100vw, 769px\" \/>\t\t\t\t\t\t\t\t\t\t\t\t\t\t\t<\/div>\n\t\t\t\t<\/div>\n\t\t\t\t\t<\/div>\n\t\t<\/div>\n\t\t\t\t\t<\/div>\n\t\t<\/section>\n\t\t\t\t<section class=\"elementor-section elementor-top-section elementor-element elementor-element-58037f93 elementor-section-content-middle elementor-section-boxed elementor-section-height-default elementor-section-height-default wpr-particle-no wpr-jarallax-no wpr-parallax-no wpr-sticky-section-no wpr-equal-height-no\" data-id=\"58037f93\" data-element_type=\"section\" data-e-type=\"section\">\n\t\t\t\t\t\t<div class=\"elementor-container elementor-column-gap-no\">\n\t\t\t\t\t<div class=\"elementor-column elementor-col-100 elementor-top-column elementor-element elementor-element-73baf77b\" data-id=\"73baf77b\" data-element_type=\"column\" data-e-type=\"column\">\n\t\t\t<div class=\"elementor-widget-wrap elementor-element-populated\">\n\t\t\t\t\t\t<div class=\"elementor-element elementor-element-49a19f79 elementor-widget-divider--view-line elementor-invisible elementor-widget elementor-widget-divider\" data-id=\"49a19f79\" data-element_type=\"widget\" data-e-type=\"widget\" data-settings=\"{&quot;_animation&quot;:&quot;slideInLeft&quot;}\" data-widget_type=\"divider.default\">\n\t\t\t\t<div class=\"elementor-widget-container\">\n\t\t\t\t\t\t\t<div class=\"elementor-divider\">\n\t\t\t<span class=\"elementor-divider-separator\">\n\t\t\t\t\t\t<\/span>\n\t\t<\/div>\n\t\t\t\t\t\t<\/div>\n\t\t\t\t<\/div>\n\t\t\t\t<div class=\"elementor-element elementor-element-675f50f6 elementor-view-default elementor-widget elementor-widget-icon\" data-id=\"675f50f6\" data-element_type=\"widget\" data-e-type=\"widget\" data-widget_type=\"icon.default\">\n\t\t\t\t<div class=\"elementor-widget-container\">\n\t\t\t\t\t\t\t<div class=\"elementor-icon-wrapper\">\n\t\t\t<div class=\"elementor-icon\">\n\t\t\t<i aria-hidden=\"true\" class=\"fas fa-square-full\"><\/i>\t\t\t<\/div>\n\t\t<\/div>\n\t\t\t\t\t\t<\/div>\n\t\t\t\t<\/div>\n\t\t\t\t<div class=\"elementor-element elementor-element-76bff6ca elementor-widget elementor-widget-text-editor\" data-id=\"76bff6ca\" data-element_type=\"widget\" data-e-type=\"widget\" data-widget_type=\"text-editor.default\">\n\t\t\t\t<div class=\"elementor-widget-container\">\n\t\t\t\t\t\t\t\t\t<p>Plus qu\u2019un laboratoire p\u00e9dagogique, la structure fonctionne comme une entreprise du secteur alimentaire, qui transforme et commercialise des produits et des services. Ainsi, <strong>les apprenants participent aux fabrications et aux d\u00e9marches commerciales<\/strong>, soit pendant les <strong>travaux pratiques, les projets p\u00e9dagogiques<\/strong> (Projet Individuel de Communication, Mise au point de produits, projet \u00e0 th\u00e9matique qualit\u00e9,\u2026.), <strong>les stages ou les mini-stages<\/strong><\/p>\t\t\t\t\t\t\t\t<\/div>\n\t\t\t\t<\/div>\n\t\t\t\t\t<\/div>\n\t\t<\/div>\n\t\t\t\t\t<\/div>\n\t\t<\/section>\n\t\t\t\t<section class=\"elementor-section elementor-top-section elementor-element elementor-element-354a95f4 elementor-section-boxed elementor-section-height-default elementor-section-height-default wpr-particle-no wpr-jarallax-no wpr-parallax-no wpr-sticky-section-no wpr-equal-height-no\" data-id=\"354a95f4\" data-element_type=\"section\" data-e-type=\"section\">\n\t\t\t\t\t\t<div class=\"elementor-container elementor-column-gap-default\">\n\t\t\t\t\t<div class=\"elementor-column elementor-col-50 elementor-top-column elementor-element elementor-element-7cdfc698\" data-id=\"7cdfc698\" data-element_type=\"column\" data-e-type=\"column\">\n\t\t\t<div class=\"elementor-widget-wrap elementor-element-populated\">\n\t\t\t\t\t\t<div class=\"elementor-element elementor-element-7d89f6b3 elementor-widget elementor-widget-text-editor\" data-id=\"7d89f6b3\" data-element_type=\"widget\" data-e-type=\"widget\" data-widget_type=\"text-editor.default\">\n\t\t\t\t<div class=\"elementor-widget-container\">\n\t\t\t\t\t\t\t\t\t<p>De septembre \u00e0 fin juin, les activit\u00e9s p\u00e9dagogiques pratiques, initi\u00e9es par les professeurs et formateurs, sont r\u00e9alis\u00e9es dans l\u2019atelier de transformation afin de mettre en pratique des notions vues en cours. Afin d\u2019acqu\u00e9rir un certain professionnalisme, l<strong>es \u00e9l\u00e8ves des classes de Seconde, Premi\u00e8re STAV, Terminale STAV<\/strong>,\u2026 <strong>les \u00e9tudiants BTSA BIOQUALIM, les apprentis et adultes de Bac professionnel CGEA, BTSA TC<\/strong>,\u2026 viennent r\u00e9guli\u00e8rement effectuer des travaux pratiques ou projets dans l\u2019atelier de transformation.<\/p>\t\t\t\t\t\t\t\t<\/div>\n\t\t\t\t<\/div>\n\t\t\t\t\t<\/div>\n\t\t<\/div>\n\t\t\t\t<div class=\"elementor-column elementor-col-50 elementor-top-column elementor-element elementor-element-9780658\" data-id=\"9780658\" data-element_type=\"column\" data-e-type=\"column\">\n\t\t\t<div class=\"elementor-widget-wrap elementor-element-populated\">\n\t\t\t\t\t\t<div class=\"elementor-element elementor-element-23291fba elementor-widget elementor-widget-image\" data-id=\"23291fba\" data-element_type=\"widget\" data-e-type=\"widget\" data-widget_type=\"image.default\">\n\t\t\t\t<div class=\"elementor-widget-container\">\n\t\t\t\t\t\t\t\t\t\t\t\t\t\t\t<img decoding=\"async\" width=\"960\" height=\"636\" src=\"https:\/\/agricampuslaroque.fr\/wp-content\/uploads\/2023\/08\/PUREE-DE-POMME-2016-1024x678.jpg\" class=\"attachment-large size-large wp-image-2272\" alt=\"\" srcset=\"https:\/\/agricampuslaroque.fr\/wp-content\/uploads\/2023\/08\/PUREE-DE-POMME-2016-1024x678.jpg 1024w, https:\/\/agricampuslaroque.fr\/wp-content\/uploads\/2023\/08\/PUREE-DE-POMME-2016-300x199.jpg 300w, https:\/\/agricampuslaroque.fr\/wp-content\/uploads\/2023\/08\/PUREE-DE-POMME-2016-768x509.jpg 768w, https:\/\/agricampuslaroque.fr\/wp-content\/uploads\/2023\/08\/PUREE-DE-POMME-2016-1536x1017.jpg 1536w, https:\/\/agricampuslaroque.fr\/wp-content\/uploads\/2023\/08\/PUREE-DE-POMME-2016-2048x1356.jpg 2048w\" sizes=\"(max-width: 960px) 100vw, 960px\" \/>\t\t\t\t\t\t\t\t\t\t\t\t\t\t\t<\/div>\n\t\t\t\t<\/div>\n\t\t\t\t\t<\/div>\n\t\t<\/div>\n\t\t\t\t\t<\/div>\n\t\t<\/section>\n\t\t\t\t<section class=\"elementor-section elementor-top-section elementor-element elementor-element-90376ab elementor-section-boxed elementor-section-height-default elementor-section-height-default wpr-particle-no wpr-jarallax-no wpr-parallax-no wpr-sticky-section-no wpr-equal-height-no\" data-id=\"90376ab\" data-element_type=\"section\" data-e-type=\"section\">\n\t\t\t\t\t\t<div class=\"elementor-container elementor-column-gap-default\">\n\t\t\t\t\t<div class=\"elementor-column elementor-col-50 elementor-top-column elementor-element elementor-element-374cfb0\" data-id=\"374cfb0\" data-element_type=\"column\" data-e-type=\"column\">\n\t\t\t<div class=\"elementor-widget-wrap elementor-element-populated\">\n\t\t\t\t\t\t<div class=\"elementor-element elementor-element-c82da4e elementor-widget elementor-widget-image\" data-id=\"c82da4e\" data-element_type=\"widget\" data-e-type=\"widget\" data-widget_type=\"image.default\">\n\t\t\t\t<div class=\"elementor-widget-container\">\n\t\t\t\t\t\t\t\t\t\t\t\t\t\t\t<img decoding=\"async\" width=\"960\" height=\"636\" src=\"https:\/\/agricampuslaroque.fr\/wp-content\/uploads\/2023\/08\/CAPSULAGE-1024x678.jpg\" class=\"attachment-large size-large wp-image-2268\" alt=\"\" srcset=\"https:\/\/agricampuslaroque.fr\/wp-content\/uploads\/2023\/08\/CAPSULAGE-1024x678.jpg 1024w, https:\/\/agricampuslaroque.fr\/wp-content\/uploads\/2023\/08\/CAPSULAGE-300x199.jpg 300w, https:\/\/agricampuslaroque.fr\/wp-content\/uploads\/2023\/08\/CAPSULAGE-768x509.jpg 768w, https:\/\/agricampuslaroque.fr\/wp-content\/uploads\/2023\/08\/CAPSULAGE-1536x1017.jpg 1536w, https:\/\/agricampuslaroque.fr\/wp-content\/uploads\/2023\/08\/CAPSULAGE-2048x1356.jpg 2048w\" sizes=\"(max-width: 960px) 100vw, 960px\" \/>\t\t\t\t\t\t\t\t\t\t\t\t\t\t\t<\/div>\n\t\t\t\t<\/div>\n\t\t\t\t\t<\/div>\n\t\t<\/div>\n\t\t\t\t<div class=\"elementor-column elementor-col-50 elementor-top-column elementor-element elementor-element-3d009f6\" data-id=\"3d009f6\" data-element_type=\"column\" data-e-type=\"column\">\n\t\t\t<div class=\"elementor-widget-wrap elementor-element-populated\">\n\t\t\t\t\t\t<div class=\"elementor-element elementor-element-8a1df84 elementor-widget elementor-widget-text-editor\" data-id=\"8a1df84\" data-element_type=\"widget\" data-e-type=\"widget\" data-widget_type=\"text-editor.default\">\n\t\t\t\t<div class=\"elementor-widget-container\">\n\t\t\t\t\t\t\t\t\t<p>Le p\u00f4le de transformation est utilis\u00e9, principalement, par le CFPPA de La Roque, comme support pratique des formations agroalimentaires \u00e0 destination des agriculteurs, artisans, cr\u00e9ateurs d\u2019entreprise.<\/p>\t\t\t\t\t\t\t\t<\/div>\n\t\t\t\t<\/div>\n\t\t\t\t\t<\/div>\n\t\t<\/div>\n\t\t\t\t\t<\/div>\n\t\t<\/section>\n\t\t\t\t<section class=\"elementor-section elementor-top-section elementor-element elementor-element-754ceb7 elementor-section-boxed elementor-section-height-default elementor-section-height-default wpr-particle-no wpr-jarallax-no wpr-parallax-no wpr-sticky-section-no wpr-equal-height-no\" data-id=\"754ceb7\" data-element_type=\"section\" data-e-type=\"section\">\n\t\t\t\t\t\t<div class=\"elementor-container elementor-column-gap-default\">\n\t\t\t\t\t<div class=\"elementor-column elementor-col-50 elementor-top-column elementor-element elementor-element-bfa70cd\" data-id=\"bfa70cd\" data-element_type=\"column\" data-e-type=\"column\">\n\t\t\t<div class=\"elementor-widget-wrap elementor-element-populated\">\n\t\t\t\t\t\t<div class=\"elementor-element elementor-element-7a4c145 elementor-widget elementor-widget-text-editor\" data-id=\"7a4c145\" data-element_type=\"widget\" data-e-type=\"widget\" data-widget_type=\"text-editor.default\">\n\t\t\t\t<div class=\"elementor-widget-container\">\n\t\t\t\t\t\t\t\t\t<p>Les diff\u00e9rentes salles de fabrication sont \u00e9quip\u00e9es de mat\u00e9riels permettant la transformation des viandes, c\u00e9r\u00e9ales, fruits et l\u00e9gumes et quelques produits laitiers\u00a0: hachoir, cutter, m\u00e9langeur, poussoir, formeuse \u00e0 steack, cloches sous-vide, rapeur\/\u00e9minceur, raffineuse, doseuse, capsuleuse, sertisseuse, marqueuse \u00e0 jet d\u2019encre, enregistreurs des param\u00e8tres de traitement thermique, autoclaves, thermoscelleuse, p\u00e9trin, fours, cellules de refroidissement et surg\u00e9lation, appareils de cuisson, \u00e9tuves,\u2026<\/p>\t\t\t\t\t\t\t\t<\/div>\n\t\t\t\t<\/div>\n\t\t\t\t\t<\/div>\n\t\t<\/div>\n\t\t\t\t<div class=\"elementor-column elementor-col-50 elementor-top-column elementor-element elementor-element-3b32d8e\" data-id=\"3b32d8e\" data-element_type=\"column\" data-e-type=\"column\">\n\t\t\t<div class=\"elementor-widget-wrap elementor-element-populated\">\n\t\t\t\t\t\t<div class=\"elementor-element elementor-element-ec57eb4 elementor-widget elementor-widget-image\" data-id=\"ec57eb4\" data-element_type=\"widget\" data-e-type=\"widget\" data-widget_type=\"image.default\">\n\t\t\t\t<div class=\"elementor-widget-container\">\n\t\t\t\t\t\t\t\t\t\t\t\t\t\t\t<img loading=\"lazy\" decoding=\"async\" width=\"960\" height=\"636\" src=\"https:\/\/agricampuslaroque.fr\/wp-content\/uploads\/2023\/08\/YAOURTS-1024x678.jpg\" class=\"attachment-large size-large wp-image-2267\" alt=\"\" srcset=\"https:\/\/agricampuslaroque.fr\/wp-content\/uploads\/2023\/08\/YAOURTS-1024x678.jpg 1024w, https:\/\/agricampuslaroque.fr\/wp-content\/uploads\/2023\/08\/YAOURTS-300x199.jpg 300w, https:\/\/agricampuslaroque.fr\/wp-content\/uploads\/2023\/08\/YAOURTS-768x509.jpg 768w, https:\/\/agricampuslaroque.fr\/wp-content\/uploads\/2023\/08\/YAOURTS-1536x1017.jpg 1536w, https:\/\/agricampuslaroque.fr\/wp-content\/uploads\/2023\/08\/YAOURTS-2048x1356.jpg 2048w\" sizes=\"(max-width: 960px) 100vw, 960px\" \/>\t\t\t\t\t\t\t\t\t\t\t\t\t\t\t<\/div>\n\t\t\t\t<\/div>\n\t\t\t\t\t<\/div>\n\t\t<\/div>\n\t\t\t\t\t<\/div>\n\t\t<\/section>\n\t\t\t\t<section class=\"elementor-section elementor-top-section elementor-element elementor-element-b79784a elementor-section-boxed elementor-section-height-default elementor-section-height-default wpr-particle-no wpr-jarallax-no wpr-parallax-no wpr-sticky-section-no wpr-equal-height-no\" data-id=\"b79784a\" data-element_type=\"section\" data-e-type=\"section\">\n\t\t\t\t\t\t<div class=\"elementor-container elementor-column-gap-default\">\n\t\t\t\t\t<div class=\"elementor-column elementor-col-50 elementor-top-column elementor-element elementor-element-c67ca40\" data-id=\"c67ca40\" data-element_type=\"column\" data-e-type=\"column\">\n\t\t\t<div class=\"elementor-widget-wrap elementor-element-populated\">\n\t\t\t\t\t\t<div class=\"elementor-element elementor-element-7c37d9b elementor-widget elementor-widget-image\" data-id=\"7c37d9b\" data-element_type=\"widget\" data-e-type=\"widget\" data-widget_type=\"image.default\">\n\t\t\t\t<div class=\"elementor-widget-container\">\n\t\t\t\t\t\t\t\t\t\t\t\t\t\t\t<img loading=\"lazy\" decoding=\"async\" width=\"480\" height=\"324\" src=\"https:\/\/agricampuslaroque.fr\/wp-content\/uploads\/2023\/08\/AGNEAU-BREBIS-LACAUNE.jpg\" class=\"attachment-large size-large wp-image-2241\" alt=\"\" srcset=\"https:\/\/agricampuslaroque.fr\/wp-content\/uploads\/2023\/08\/AGNEAU-BREBIS-LACAUNE.jpg 480w, https:\/\/agricampuslaroque.fr\/wp-content\/uploads\/2023\/08\/AGNEAU-BREBIS-LACAUNE-300x203.jpg 300w\" sizes=\"(max-width: 480px) 100vw, 480px\" \/>\t\t\t\t\t\t\t\t\t\t\t\t\t\t\t<\/div>\n\t\t\t\t<\/div>\n\t\t\t\t\t<\/div>\n\t\t<\/div>\n\t\t\t\t<div class=\"elementor-column elementor-col-50 elementor-top-column elementor-element elementor-element-a3499cd\" data-id=\"a3499cd\" data-element_type=\"column\" data-e-type=\"column\">\n\t\t\t<div class=\"elementor-widget-wrap elementor-element-populated\">\n\t\t\t\t\t\t<div class=\"elementor-element elementor-element-65843ae elementor-widget elementor-widget-text-editor\" data-id=\"65843ae\" data-element_type=\"widget\" data-e-type=\"widget\" data-widget_type=\"text-editor.default\">\n\t\t\t\t<div class=\"elementor-widget-container\">\n\t\t\t\t\t\t\t\t\t<p>Un laboratoire d\u2019autocontr\u00f4les permet de v\u00e9rifier des param\u00e8tres en cours de fabrication gr\u00e2ce au mat\u00e9riel suivant\u00a0: pHm\u00e8tre, Awm\u00e8tre, refractom\u00e8tre, \u00e9tuves,\u2026<\/p>\t\t\t\t\t\t\t\t<\/div>\n\t\t\t\t<\/div>\n\t\t\t\t\t<\/div>\n\t\t<\/div>\n\t\t\t\t\t<\/div>\n\t\t<\/section>\n\t\t\t\t<\/div>\n\t\t","protected":false},"excerpt":{"rendered":"<p>Espace P\u00e9dagogique LE P\u00d4LE TRANSFORMATION d\u2019AGRICAMPUS LA ROQUE est une unit\u00e9 de production qui sert de plateau technique aux formations du lyc\u00e9e et du CFA\/CFPPA La Boutique Gourmande Plus qu\u2019un laboratoire p\u00e9dagogique, la structure fonctionne comme une entreprise du secteur alimentaire, qui transforme et commercialise des produits et des services. Ainsi, les apprenants participent aux fabrications et aux d\u00e9marches commerciales, soit pendant les travaux pratiques, les projets p\u00e9dagogiques (Projet Individuel de Communication, Mise au point de produits, projet \u00e0 th\u00e9matique qualit\u00e9,\u2026.), les stages ou les mini-stages De septembre \u00e0 fin juin, les activit\u00e9s p\u00e9dagogiques pratiques, initi\u00e9es par les professeurs et formateurs, sont r\u00e9alis\u00e9es dans l\u2019atelier de transformation afin de mettre en pratique des notions vues en cours. Afin d\u2019acqu\u00e9rir un certain professionnalisme, les \u00e9l\u00e8ves des classes de Seconde, Premi\u00e8re STAV, Terminale STAV,\u2026 les \u00e9tudiants BTSA BIOQUALIM, les apprentis et adultes de Bac professionnel CGEA, BTSA TC,\u2026 viennent r\u00e9guli\u00e8rement effectuer des travaux pratiques ou projets dans l\u2019atelier de transformation. Le p\u00f4le de transformation est utilis\u00e9, principalement, par le CFPPA de La Roque, comme support pratique des formations agroalimentaires \u00e0 destination des agriculteurs, artisans, cr\u00e9ateurs d\u2019entreprise. Les diff\u00e9rentes salles de fabrication sont \u00e9quip\u00e9es de mat\u00e9riels permettant la transformation des viandes, c\u00e9r\u00e9ales, fruits et l\u00e9gumes et quelques produits laitiers\u00a0: hachoir, cutter, m\u00e9langeur, poussoir, formeuse \u00e0 steack, cloches sous-vide, rapeur\/\u00e9minceur, raffineuse, doseuse, capsuleuse, sertisseuse, marqueuse \u00e0 jet d\u2019encre, enregistreurs des param\u00e8tres de traitement thermique, autoclaves, thermoscelleuse, p\u00e9trin, fours, cellules de refroidissement et surg\u00e9lation, appareils de cuisson, \u00e9tuves,\u2026 Un laboratoire d\u2019autocontr\u00f4les permet de v\u00e9rifier des param\u00e8tres en cours de fabrication gr\u00e2ce au mat\u00e9riel suivant\u00a0: pHm\u00e8tre, Awm\u00e8tre, refractom\u00e8tre, \u00e9tuves,\u2026<\/p>\n","protected":false},"author":2,"featured_media":0,"parent":952,"menu_order":0,"comment_status":"closed","ping_status":"closed","template":"","meta":{"footnotes":""},"class_list":["post-2181","page","type-page","status-publish","hentry"],"jetpack_sharing_enabled":true,"_links":{"self":[{"href":"https:\/\/agricampuslaroque.fr\/index.php\/wp-json\/wp\/v2\/pages\/2181","targetHints":{"allow":["GET"]}}],"collection":[{"href":"https:\/\/agricampuslaroque.fr\/index.php\/wp-json\/wp\/v2\/pages"}],"about":[{"href":"https:\/\/agricampuslaroque.fr\/index.php\/wp-json\/wp\/v2\/types\/page"}],"author":[{"embeddable":true,"href":"https:\/\/agricampuslaroque.fr\/index.php\/wp-json\/wp\/v2\/users\/2"}],"replies":[{"embeddable":true,"href":"https:\/\/agricampuslaroque.fr\/index.php\/wp-json\/wp\/v2\/comments?post=2181"}],"version-history":[{"count":10,"href":"https:\/\/agricampuslaroque.fr\/index.php\/wp-json\/wp\/v2\/pages\/2181\/revisions"}],"predecessor-version":[{"id":2275,"href":"https:\/\/agricampuslaroque.fr\/index.php\/wp-json\/wp\/v2\/pages\/2181\/revisions\/2275"}],"up":[{"embeddable":true,"href":"https:\/\/agricampuslaroque.fr\/index.php\/wp-json\/wp\/v2\/pages\/952"}],"wp:attachment":[{"href":"https:\/\/agricampuslaroque.fr\/index.php\/wp-json\/wp\/v2\/media?parent=2181"}],"curies":[{"name":"wp","href":"https:\/\/api.w.org\/{rel}","templated":true}]}}