{"id":1726,"date":"2023-06-16T08:50:32","date_gmt":"2023-06-16T06:50:32","guid":{"rendered":"https:\/\/agricampuslaroque.fr\/?page_id=1726"},"modified":"2024-07-09T15:33:03","modified_gmt":"2024-07-09T13:33:03","slug":"irlande-irland","status":"publish","type":"page","link":"https:\/\/agricampuslaroque.fr\/index.php\/coop-internationale\/irlande-irland\/","title":{"rendered":"Irlande \/ Ireland"},"content":{"rendered":"\t\t<div data-elementor-type=\"wp-page\" data-elementor-id=\"1726\" class=\"elementor elementor-1726\">\n\t\t\t\t\t\t<section class=\"elementor-section elementor-top-section elementor-element elementor-element-5fa1b94e elementor-section-height-min-height elementor-section-items-stretch elementor-section-content-top elementor-section-full_width elementor-section-height-default wpr-particle-no wpr-jarallax-no wpr-parallax-no wpr-sticky-section-no wpr-equal-height-no\" data-id=\"5fa1b94e\" data-element_type=\"section\" data-e-type=\"section\" data-settings=\"{&quot;background_background&quot;:&quot;classic&quot;}\">\n\t\t\t\t\t\t<div class=\"elementor-container elementor-column-gap-default\">\n\t\t\t\t\t<div class=\"elementor-column elementor-col-100 elementor-top-column elementor-element elementor-element-37a424b7\" data-id=\"37a424b7\" data-element_type=\"column\" data-e-type=\"column\">\n\t\t\t<div class=\"elementor-widget-wrap elementor-element-populated\">\n\t\t\t\t\t\t<section class=\"elementor-section elementor-inner-section elementor-element elementor-element-6b7e2edb elementor-section-boxed elementor-section-height-default elementor-section-height-default wpr-particle-no wpr-jarallax-no wpr-parallax-no wpr-sticky-section-no wpr-equal-height-no\" data-id=\"6b7e2edb\" data-element_type=\"section\" data-e-type=\"section\">\n\t\t\t\t\t\t<div class=\"elementor-container elementor-column-gap-no\">\n\t\t\t\t\t<div class=\"elementor-column elementor-col-100 elementor-inner-column elementor-element elementor-element-76b826c\" data-id=\"76b826c\" data-element_type=\"column\" data-e-type=\"column\">\n\t\t\t<div class=\"elementor-widget-wrap elementor-element-populated\">\n\t\t\t\t\t\t<div class=\"elementor-element elementor-element-608f5288 elementor-widget elementor-widget-spacer\" data-id=\"608f5288\" data-element_type=\"widget\" data-e-type=\"widget\" data-widget_type=\"spacer.default\">\n\t\t\t\t<div class=\"elementor-widget-container\">\n\t\t\t\t\t\t\t<div class=\"elementor-spacer\">\n\t\t\t<div class=\"elementor-spacer-inner\"><\/div>\n\t\t<\/div>\n\t\t\t\t\t\t<\/div>\n\t\t\t\t<\/div>\n\t\t\t\t<div class=\"elementor-element elementor-element-3bac463e elementor-widget elementor-widget-heading\" data-id=\"3bac463e\" data-element_type=\"widget\" data-e-type=\"widget\" data-widget_type=\"heading.default\">\n\t\t\t\t<div class=\"elementor-widget-container\">\n\t\t\t\t\t<h2 class=\"elementor-heading-title elementor-size-default\">Irlande<\/h2>\t\t\t\t<\/div>\n\t\t\t\t<\/div>\n\t\t\t\t<div class=\"elementor-element elementor-element-5a4377a6 elementor-widget-divider--view-line elementor-invisible elementor-widget elementor-widget-divider\" data-id=\"5a4377a6\" data-element_type=\"widget\" data-e-type=\"widget\" data-settings=\"{&quot;_animation&quot;:&quot;fadeIn&quot;,&quot;_animation_delay&quot;:&quot;200&quot;}\" data-widget_type=\"divider.default\">\n\t\t\t\t<div class=\"elementor-widget-container\">\n\t\t\t\t\t\t\t<div class=\"elementor-divider\">\n\t\t\t<span class=\"elementor-divider-separator\">\n\t\t\t\t\t\t<\/span>\n\t\t<\/div>\n\t\t\t\t\t\t<\/div>\n\t\t\t\t<\/div>\n\t\t\t\t<div class=\"elementor-element elementor-element-61346c0e elementor-widget__width-initial elementor-invisible elementor-widget elementor-widget-heading\" data-id=\"61346c0e\" data-element_type=\"widget\" data-e-type=\"widget\" data-settings=\"{&quot;_animation&quot;:&quot;fadeIn&quot;,&quot;_animation_delay&quot;:&quot;400&quot;}\" data-widget_type=\"heading.default\">\n\t\t\t\t<div class=\"elementor-widget-container\">\n\t\t\t\t\t<h2 class=\"elementor-heading-title elementor-size-default\">Ireland<\/h2>\t\t\t\t<\/div>\n\t\t\t\t<\/div>\n\t\t\t\t\t<\/div>\n\t\t<\/div>\n\t\t\t\t\t<\/div>\n\t\t<\/section>\n\t\t\t\t<div class=\"elementor-element elementor-element-3cb2b80f elementor-widget__width-initial elementor-widget-tablet__width-initial elementor-widget-mobile__width-inherit elementor-absolute elementor-invisible elementor-widget elementor-widget-image\" data-id=\"3cb2b80f\" data-element_type=\"widget\" data-e-type=\"widget\" data-settings=\"{&quot;_animation&quot;:&quot;slideInRight&quot;,&quot;_position&quot;:&quot;absolute&quot;}\" data-widget_type=\"image.default\">\n\t\t\t\t<div class=\"elementor-widget-container\">\n\t\t\t\t\t\t\t\t\t\t\t\t\t\t\t<img fetchpriority=\"high\" decoding=\"async\" width=\"960\" height=\"640\" src=\"https:\/\/agricampuslaroque.fr\/wp-content\/uploads\/2023\/06\/IRELAND.jpg\" class=\"attachment-large size-large wp-image-1789\" alt=\"\" srcset=\"https:\/\/agricampuslaroque.fr\/wp-content\/uploads\/2023\/06\/IRELAND.jpg 1000w, https:\/\/agricampuslaroque.fr\/wp-content\/uploads\/2023\/06\/IRELAND-300x200.jpg 300w, https:\/\/agricampuslaroque.fr\/wp-content\/uploads\/2023\/06\/IRELAND-768x512.jpg 768w\" sizes=\"(max-width: 960px) 100vw, 960px\" \/>\t\t\t\t\t\t\t\t\t\t\t\t\t\t\t<\/div>\n\t\t\t\t<\/div>\n\t\t\t\t\t<\/div>\n\t\t<\/div>\n\t\t\t\t\t<\/div>\n\t\t<\/section>\n\t\t\t\t<section class=\"elementor-section elementor-top-section elementor-element elementor-element-6c8dfcb4 elementor-section-boxed elementor-section-height-default elementor-section-height-default wpr-particle-no wpr-jarallax-no wpr-parallax-no wpr-sticky-section-no wpr-equal-height-no\" data-id=\"6c8dfcb4\" data-element_type=\"section\" data-e-type=\"section\">\n\t\t\t\t\t\t<div class=\"elementor-container elementor-column-gap-no\">\n\t\t\t\t\t<div class=\"elementor-column elementor-col-100 elementor-top-column elementor-element elementor-element-1d28373e\" data-id=\"1d28373e\" data-element_type=\"column\" data-e-type=\"column\">\n\t\t\t<div class=\"elementor-widget-wrap elementor-element-populated\">\n\t\t\t\t\t\t<div class=\"elementor-element elementor-element-a205ac3 elementor-widget elementor-widget-image\" data-id=\"a205ac3\" data-element_type=\"widget\" data-e-type=\"widget\" data-widget_type=\"image.default\">\n\t\t\t\t<div class=\"elementor-widget-container\">\n\t\t\t\t\t\t\t\t\t\t\t\t\t\t\t<img decoding=\"async\" width=\"1280\" height=\"960\" src=\"https:\/\/agricampuslaroque.fr\/wp-content\/uploads\/2023\/11\/IRLANDE-MOUTONS.jpg\" class=\"attachment-full size-full wp-image-3393\" alt=\"\" srcset=\"https:\/\/agricampuslaroque.fr\/wp-content\/uploads\/2023\/11\/IRLANDE-MOUTONS.jpg 1280w, https:\/\/agricampuslaroque.fr\/wp-content\/uploads\/2023\/11\/IRLANDE-MOUTONS-300x225.jpg 300w, https:\/\/agricampuslaroque.fr\/wp-content\/uploads\/2023\/11\/IRLANDE-MOUTONS-1024x768.jpg 1024w, https:\/\/agricampuslaroque.fr\/wp-content\/uploads\/2023\/11\/IRLANDE-MOUTONS-768x576.jpg 768w\" sizes=\"(max-width: 1280px) 100vw, 1280px\" \/>\t\t\t\t\t\t\t\t\t\t\t\t\t\t\t<\/div>\n\t\t\t\t<\/div>\n\t\t\t\t<section class=\"elementor-section elementor-inner-section elementor-element elementor-element-27c1a81a elementor-section-boxed elementor-section-height-default elementor-section-height-default wpr-particle-no wpr-jarallax-no wpr-parallax-no wpr-sticky-section-no wpr-equal-height-no\" data-id=\"27c1a81a\" data-element_type=\"section\" data-e-type=\"section\">\n\t\t\t\t\t\t<div class=\"elementor-container elementor-column-gap-default\">\n\t\t\t\t\t<div class=\"elementor-column elementor-col-50 elementor-inner-column elementor-element elementor-element-44b4cc17\" data-id=\"44b4cc17\" data-element_type=\"column\" data-e-type=\"column\">\n\t\t\t<div class=\"elementor-widget-wrap elementor-element-populated\">\n\t\t\t\t\t\t<div class=\"elementor-element elementor-element-3d647eb4 elementor-widget-divider--view-line elementor-invisible elementor-widget elementor-widget-divider\" data-id=\"3d647eb4\" data-element_type=\"widget\" data-e-type=\"widget\" data-settings=\"{&quot;_animation&quot;:&quot;slideInLeft&quot;}\" data-widget_type=\"divider.default\">\n\t\t\t\t<div class=\"elementor-widget-container\">\n\t\t\t\t\t\t\t<div class=\"elementor-divider\">\n\t\t\t<span class=\"elementor-divider-separator\">\n\t\t\t\t\t\t<\/span>\n\t\t<\/div>\n\t\t\t\t\t\t<\/div>\n\t\t\t\t<\/div>\n\t\t\t\t<div class=\"elementor-element elementor-element-13ea4a09 elementor-view-default elementor-widget elementor-widget-icon\" data-id=\"13ea4a09\" data-element_type=\"widget\" data-e-type=\"widget\" data-widget_type=\"icon.default\">\n\t\t\t\t<div class=\"elementor-widget-container\">\n\t\t\t\t\t\t\t<div class=\"elementor-icon-wrapper\">\n\t\t\t<div class=\"elementor-icon\">\n\t\t\t<i aria-hidden=\"true\" class=\"fas fa-square-full\"><\/i>\t\t\t<\/div>\n\t\t<\/div>\n\t\t\t\t\t\t<\/div>\n\t\t\t\t<\/div>\n\t\t\t\t<div class=\"elementor-element elementor-element-59877635 elementor-widget elementor-widget-heading\" data-id=\"59877635\" data-element_type=\"widget\" data-e-type=\"widget\" data-widget_type=\"heading.default\">\n\t\t\t\t<div class=\"elementor-widget-container\">\n\t\t\t\t\t<h3 class=\"elementor-heading-title elementor-size-default\">l'irlande: une destination importante<\/h3>\t\t\t\t<\/div>\n\t\t\t\t<\/div>\n\t\t\t\t<div class=\"elementor-element elementor-element-27954321 elementor-widget__width-initial elementor-widget elementor-widget-text-editor\" data-id=\"27954321\" data-element_type=\"widget\" data-e-type=\"widget\" data-widget_type=\"text-editor.default\">\n\t\t\t\t<div class=\"elementor-widget-container\">\n\t\t\t\t\t\t\t\t\t<div id=\"magicdomid148\" class=\"ace-line\" spellcheck=\"true\" aria-live=\"assertive\"><span class=\"\">L&rsquo;Irlande a toujours \u00e9t\u00e9 une forte destination pour les \u00e9tudiants de l&rsquo;AGRICAMPUS LA ROQUE.\u00a0\u00a0 De nombreux \u00e9tudiant.e.s sont partis en stage, en exploitation agricole, en laboratoire ou dans des centres de recherche.\u00a0<\/span><\/div><div id=\"magicdomid149\" class=\"ace-line\" spellcheck=\"true\" aria-live=\"assertive\">\u00a0<\/div><div id=\"magicdomid150\" class=\"ace-line\" spellcheck=\"true\" aria-live=\"assertive\"><span class=\"\">Une mission ERASMUS + juste avant le COVID et un voyage d&rsquo;\u00e9tudes avec la classe de BTS ANABIOTEC avaient permis de finaliser des stages pour une dizaine d&rsquo;\u00e9tudiants de BTS pour l&rsquo;\u00e9t\u00e9 2019.<\/span><\/div><div id=\"magicdomid151\" class=\"ace-line\" spellcheck=\"true\" aria-live=\"assertive\">\u00a0<\/div><div id=\"magicdomid152\" class=\"ace-line\" spellcheck=\"true\" aria-live=\"assertive\"><span class=\"\">Malheureusement, la pand\u00e9mie a frein\u00e9 toute mobilit\u00e9 pendant cette p\u00e9riode mais la dynamique est repartie<\/span><span class=\"author-a-cz65zz69zz88zvz122znz89zfz81zz83zw6z70zkz73z\">.<\/span><span class=\"\">\u00a0Une mission Erasmus + ERASMIP en Novembre 2022 a permis de finaliser de nombreux stages pour les \u00e9tudiants de 1\u00e8re et 2 \u00e8me ann\u00e9e (notamment en BTS Anabiotec).\u00a0\u00a0 Les \u00e9tudiants de 1\u00e8re STAV, de BTS P.A et de BTS ANA\/STA peuvent postuler pour des stages bien encadr\u00e9s.\u00a0 2023 constitue un tournant avec l&rsquo;envoi de 33 stagiaires en Irlande (17 BTS ANABIOTEC, 1 BTS STA, 10 1\u00e8re STAV, 5 BTS PA)<\/span><span class=\"author-a-cz65zz69zz88zvz122znz89zfz81zz83zw6z70zkz73z\">.<\/span><\/div><div id=\"magicdomid153\" class=\"ace-line\" spellcheck=\"true\" aria-live=\"assertive\">\u00a0<\/div><div id=\"magicdomid154\" class=\"ace-line\" spellcheck=\"true\" aria-live=\"assertive\"><span class=\"\">En ce qui concerne les BTS Anabiotec , des partenariats bien encadr\u00e9s dans des laboratoires environementaux\/sant\u00e9 animale vont permettre \u00e0 10 \u00e9tudiants de partir en 1\u00e8re ann\u00e9e et en 2\u00e8me ann\u00e9e.\u00a0 Cela permettra aux \u00e9tudiant(e)s d&rsquo;\u00eatre plus pr\u00e9par\u00e9(e) pour la poursuite d&rsquo;\u00e9tude, notamment pour tout ceux et celles qui veulent devenir ing\u00e9nieur ou v\u00e9t\u00e9rinaire.\u00a0<\/span><\/div><div id=\"magicdomid155\" class=\"ace-line\" spellcheck=\"true\" aria-live=\"assertive\">\u00a0<\/div><div id=\"magicdomid156\" class=\"ace-line\" spellcheck=\"true\" aria-live=\"assertive\"><span class=\"\">Les \u00e9l\u00e8ves de 1\u00e8re STAV b\u00e9n\u00e9ficient d&rsquo;une bourse ERASMUS+ EFP (aucun frais \u00e0 pr\u00e9voir) et sont accompagn\u00e9s sur place par un\/des membres de l&rsquo;\u00e9quipe \u00e9ducative.\u00a0\u00a0 L&rsquo;id\u00e9e est de travailler sur le long terme et d&rsquo;envoyer les apprenants dans des lieux s\u00e9lectionn\u00e9s avec un gros travail pr\u00e9paratoire de l&rsquo;\u00e9quipe enseignante.<\/span><\/div><div id=\"magicdomid157\" class=\"ace-line\" spellcheck=\"true\" aria-live=\"assertive\"><span class=\"\">Une mission pr\u00e9paratoire Fin Sept 2023 (EFP) permettra de pr\u00e9parer la mise en place d&rsquo;une petite vingtaine de stages pour Juin 2024.<\/span><\/div>\t\t\t\t\t\t\t\t<\/div>\n\t\t\t\t<\/div>\n\t\t\t\t\t<\/div>\n\t\t<\/div>\n\t\t\t\t<div class=\"elementor-column elementor-col-50 elementor-inner-column elementor-element elementor-element-43c92ab5\" data-id=\"43c92ab5\" data-element_type=\"column\" data-e-type=\"column\">\n\t\t\t<div class=\"elementor-widget-wrap elementor-element-populated\">\n\t\t\t\t\t\t<div class=\"elementor-element elementor-element-615c714d elementor-widget elementor-widget-google_maps\" data-id=\"615c714d\" data-element_type=\"widget\" data-e-type=\"widget\" data-widget_type=\"google_maps.default\">\n\t\t\t\t<div class=\"elementor-widget-container\">\n\t\t\t\t\t\t\t<div class=\"elementor-custom-embed\">\n\t\t\t<iframe loading=\"lazy\"\n\t\t\t\t\tsrc=\"https:\/\/maps.google.com\/maps?q=Irland&#038;t=m&#038;z=3&#038;output=embed&#038;iwloc=near\"\n\t\t\t\t\ttitle=\"Irland\"\n\t\t\t\t\taria-label=\"Irland\"\n\t\t\t><\/iframe>\n\t\t<\/div>\n\t\t\t\t\t\t<\/div>\n\t\t\t\t<\/div>\n\t\t\t\t\t<\/div>\n\t\t<\/div>\n\t\t\t\t\t<\/div>\n\t\t<\/section>\n\t\t\t\t\t<\/div>\n\t\t<\/div>\n\t\t\t\t\t<\/div>\n\t\t<\/section>\n\t\t\t\t<section class=\"elementor-section elementor-top-section elementor-element elementor-element-37c7e9d elementor-section-boxed elementor-section-height-default elementor-section-height-default wpr-particle-no wpr-jarallax-no wpr-parallax-no wpr-sticky-section-no wpr-equal-height-no\" data-id=\"37c7e9d\" data-element_type=\"section\" data-e-type=\"section\">\n\t\t\t\t\t\t<div class=\"elementor-container elementor-column-gap-default\">\n\t\t\t\t\t<div class=\"elementor-column elementor-col-100 elementor-top-column elementor-element elementor-element-dea07ed\" data-id=\"dea07ed\" data-element_type=\"column\" data-e-type=\"column\">\n\t\t\t<div class=\"elementor-widget-wrap elementor-element-populated\">\n\t\t\t\t\t\t<div class=\"elementor-element elementor-element-8fad633 elementor-widget elementor-widget-image-gallery\" data-id=\"8fad633\" data-element_type=\"widget\" data-e-type=\"widget\" data-widget_type=\"image-gallery.default\">\n\t\t\t\t<div class=\"elementor-widget-container\">\n\t\t\t\t\t\t\t<div class=\"elementor-image-gallery\">\n\t\t\t<div id='gallery-1' class='gallery galleryid-1726 gallery-columns-5 gallery-size-medium'><figure class='gallery-item'>\n\t\t\t<div class='gallery-icon portrait'>\n\t\t\t\t<a data-elementor-open-lightbox=\"yes\" data-elementor-lightbox-slideshow=\"8fad633\" data-elementor-lightbox-title=\"LEA-ET-LOUNA-IRLANDE-7\" data-e-action-hash=\"#elementor-action%3Aaction%3Dlightbox%26settings%3DeyJpZCI6NjA5OCwidXJsIjoiaHR0cHM6XC9cL2FncmljYW1wdXNsYXJvcXVlLmZyXC93cC1jb250ZW50XC91cGxvYWRzXC8yMDI0XC8wN1wvTEVBLUVULUxPVU5BLUlSTEFOREUtNy5wbmciLCJzbGlkZXNob3ciOiI4ZmFkNjMzIn0%3D\" href='https:\/\/agricampuslaroque.fr\/wp-content\/uploads\/2024\/07\/LEA-ET-LOUNA-IRLANDE-7.png'><img decoding=\"async\" width=\"225\" height=\"300\" src=\"https:\/\/agricampuslaroque.fr\/wp-content\/uploads\/2024\/07\/LEA-ET-LOUNA-IRLANDE-7-225x300.png\" class=\"attachment-medium size-medium\" alt=\"\" aria-describedby=\"gallery-1-6098\" srcset=\"https:\/\/agricampuslaroque.fr\/wp-content\/uploads\/2024\/07\/LEA-ET-LOUNA-IRLANDE-7-225x300.png 225w, https:\/\/agricampuslaroque.fr\/wp-content\/uploads\/2024\/07\/LEA-ET-LOUNA-IRLANDE-7-768x1024.png 768w, https:\/\/agricampuslaroque.fr\/wp-content\/uploads\/2024\/07\/LEA-ET-LOUNA-IRLANDE-7-1152x1536.png 1152w, https:\/\/agricampuslaroque.fr\/wp-content\/uploads\/2024\/07\/LEA-ET-LOUNA-IRLANDE-7.png 1200w\" sizes=\"(max-width: 225px) 100vw, 225px\" \/><\/a>\n\t\t\t<\/div>\n\t\t\t\t<figcaption class='wp-caption-text gallery-caption' id='gallery-1-6098'>\n\t\t\t\tLEA-ET-LOUNA-IRLANDE-7\n\t\t\t\t<\/figcaption><\/figure><figure class='gallery-item'>\n\t\t\t<div class='gallery-icon landscape'>\n\t\t\t\t<a data-elementor-open-lightbox=\"yes\" data-elementor-lightbox-slideshow=\"8fad633\" data-elementor-lightbox-title=\"ROMEO-ET-SOHAN-AVEC-MARTIN-JUIN-2024-IRLANDE-6\" data-e-action-hash=\"#elementor-action%3Aaction%3Dlightbox%26settings%3DeyJpZCI6NjA5OSwidXJsIjoiaHR0cHM6XC9cL2FncmljYW1wdXNsYXJvcXVlLmZyXC93cC1jb250ZW50XC91cGxvYWRzXC8yMDI0XC8wN1wvUk9NRU8tRVQtU09IQU4tQVZFQy1NQVJUSU4tSlVJTi0yMDI0LUlSTEFOREUtNi5wbmciLCJzbGlkZXNob3ciOiI4ZmFkNjMzIn0%3D\" href='https:\/\/agricampuslaroque.fr\/wp-content\/uploads\/2024\/07\/ROMEO-ET-SOHAN-AVEC-MARTIN-JUIN-2024-IRLANDE-6.png'><img loading=\"lazy\" decoding=\"async\" width=\"300\" height=\"225\" src=\"https:\/\/agricampuslaroque.fr\/wp-content\/uploads\/2024\/07\/ROMEO-ET-SOHAN-AVEC-MARTIN-JUIN-2024-IRLANDE-6-300x225.png\" class=\"attachment-medium size-medium\" alt=\"\" aria-describedby=\"gallery-1-6099\" srcset=\"https:\/\/agricampuslaroque.fr\/wp-content\/uploads\/2024\/07\/ROMEO-ET-SOHAN-AVEC-MARTIN-JUIN-2024-IRLANDE-6-300x225.png 300w, https:\/\/agricampuslaroque.fr\/wp-content\/uploads\/2024\/07\/ROMEO-ET-SOHAN-AVEC-MARTIN-JUIN-2024-IRLANDE-6-1024x768.png 1024w, https:\/\/agricampuslaroque.fr\/wp-content\/uploads\/2024\/07\/ROMEO-ET-SOHAN-AVEC-MARTIN-JUIN-2024-IRLANDE-6-768x576.png 768w, https:\/\/agricampuslaroque.fr\/wp-content\/uploads\/2024\/07\/ROMEO-ET-SOHAN-AVEC-MARTIN-JUIN-2024-IRLANDE-6-1536x1152.png 1536w, https:\/\/agricampuslaroque.fr\/wp-content\/uploads\/2024\/07\/ROMEO-ET-SOHAN-AVEC-MARTIN-JUIN-2024-IRLANDE-6.png 2040w\" sizes=\"(max-width: 300px) 100vw, 300px\" \/><\/a>\n\t\t\t<\/div>\n\t\t\t\t<figcaption class='wp-caption-text gallery-caption' id='gallery-1-6099'>\n\t\t\t\tROMEO-ET-SOHAN-AVEC-MARTIN-JUIN-2024-IRLANDE-6\n\t\t\t\t<\/figcaption><\/figure><figure class='gallery-item'>\n\t\t\t<div class='gallery-icon landscape'>\n\t\t\t\t<a data-elementor-open-lightbox=\"yes\" data-elementor-lightbox-slideshow=\"8fad633\" data-elementor-lightbox-title=\"ARRIVEE-EN-IRLANDE-2024-PHOTO-IRLANDE-3\" data-e-action-hash=\"#elementor-action%3Aaction%3Dlightbox%26settings%3DeyJpZCI6NjEwMCwidXJsIjoiaHR0cHM6XC9cL2FncmljYW1wdXNsYXJvcXVlLmZyXC93cC1jb250ZW50XC91cGxvYWRzXC8yMDI0XC8wN1wvQVJSSVZFRS1FTi1JUkxBTkRFLTIwMjQtUEhPVE8tSVJMQU5ERS0zLnBuZyIsInNsaWRlc2hvdyI6IjhmYWQ2MzMifQ%3D%3D\" href='https:\/\/agricampuslaroque.fr\/wp-content\/uploads\/2024\/07\/ARRIVEE-EN-IRLANDE-2024-PHOTO-IRLANDE-3.png'><img loading=\"lazy\" decoding=\"async\" width=\"300\" height=\"225\" src=\"https:\/\/agricampuslaroque.fr\/wp-content\/uploads\/2024\/07\/ARRIVEE-EN-IRLANDE-2024-PHOTO-IRLANDE-3-300x225.png\" class=\"attachment-medium size-medium\" alt=\"\" aria-describedby=\"gallery-1-6100\" srcset=\"https:\/\/agricampuslaroque.fr\/wp-content\/uploads\/2024\/07\/ARRIVEE-EN-IRLANDE-2024-PHOTO-IRLANDE-3-300x225.png 300w, https:\/\/agricampuslaroque.fr\/wp-content\/uploads\/2024\/07\/ARRIVEE-EN-IRLANDE-2024-PHOTO-IRLANDE-3-1024x768.png 1024w, https:\/\/agricampuslaroque.fr\/wp-content\/uploads\/2024\/07\/ARRIVEE-EN-IRLANDE-2024-PHOTO-IRLANDE-3-768x576.png 768w, https:\/\/agricampuslaroque.fr\/wp-content\/uploads\/2024\/07\/ARRIVEE-EN-IRLANDE-2024-PHOTO-IRLANDE-3-1536x1152.png 1536w, https:\/\/agricampuslaroque.fr\/wp-content\/uploads\/2024\/07\/ARRIVEE-EN-IRLANDE-2024-PHOTO-IRLANDE-3.png 2040w\" sizes=\"(max-width: 300px) 100vw, 300px\" \/><\/a>\n\t\t\t<\/div>\n\t\t\t\t<figcaption class='wp-caption-text gallery-caption' id='gallery-1-6100'>\n\t\t\t\tARRIVEE-EN-IRLANDE-2024-PHOTO-IRLANDE-3\n\t\t\t\t<\/figcaption><\/figure><figure class='gallery-item'>\n\t\t\t<div class='gallery-icon landscape'>\n\t\t\t\t<a data-elementor-open-lightbox=\"yes\" data-elementor-lightbox-slideshow=\"8fad633\" data-elementor-lightbox-title=\"ARRIVEE-EN-IRLANDE-2024-PHOTO-IRLANDE-4\" data-e-action-hash=\"#elementor-action%3Aaction%3Dlightbox%26settings%3DeyJpZCI6NjEwMSwidXJsIjoiaHR0cHM6XC9cL2FncmljYW1wdXNsYXJvcXVlLmZyXC93cC1jb250ZW50XC91cGxvYWRzXC8yMDI0XC8wN1wvQVJSSVZFRS1FTi1JUkxBTkRFLTIwMjQtUEhPVE8tSVJMQU5ERS00LnBuZyIsInNsaWRlc2hvdyI6IjhmYWQ2MzMifQ%3D%3D\" href='https:\/\/agricampuslaroque.fr\/wp-content\/uploads\/2024\/07\/ARRIVEE-EN-IRLANDE-2024-PHOTO-IRLANDE-4.png'><img loading=\"lazy\" decoding=\"async\" width=\"300\" height=\"225\" src=\"https:\/\/agricampuslaroque.fr\/wp-content\/uploads\/2024\/07\/ARRIVEE-EN-IRLANDE-2024-PHOTO-IRLANDE-4-300x225.png\" class=\"attachment-medium size-medium\" alt=\"\" aria-describedby=\"gallery-1-6101\" srcset=\"https:\/\/agricampuslaroque.fr\/wp-content\/uploads\/2024\/07\/ARRIVEE-EN-IRLANDE-2024-PHOTO-IRLANDE-4-300x225.png 300w, https:\/\/agricampuslaroque.fr\/wp-content\/uploads\/2024\/07\/ARRIVEE-EN-IRLANDE-2024-PHOTO-IRLANDE-4-1024x768.png 1024w, https:\/\/agricampuslaroque.fr\/wp-content\/uploads\/2024\/07\/ARRIVEE-EN-IRLANDE-2024-PHOTO-IRLANDE-4-768x576.png 768w, https:\/\/agricampuslaroque.fr\/wp-content\/uploads\/2024\/07\/ARRIVEE-EN-IRLANDE-2024-PHOTO-IRLANDE-4-1536x1152.png 1536w, https:\/\/agricampuslaroque.fr\/wp-content\/uploads\/2024\/07\/ARRIVEE-EN-IRLANDE-2024-PHOTO-IRLANDE-4.png 1600w\" sizes=\"(max-width: 300px) 100vw, 300px\" \/><\/a>\n\t\t\t<\/div>\n\t\t\t\t<figcaption class='wp-caption-text gallery-caption' id='gallery-1-6101'>\n\t\t\t\tARRIVEE-EN-IRLANDE-2024\n\t\t\t\t<\/figcaption><\/figure><figure class='gallery-item'>\n\t\t\t<div class='gallery-icon landscape'>\n\t\t\t\t<a data-elementor-open-lightbox=\"yes\" data-elementor-lightbox-slideshow=\"8fad633\" data-elementor-lightbox-title=\"JULES-ET-LUCAS-AVEC-MARTA-JUIN-2024-IRLANDE-5\" data-e-action-hash=\"#elementor-action%3Aaction%3Dlightbox%26settings%3DeyJpZCI6NjEwMiwidXJsIjoiaHR0cHM6XC9cL2FncmljYW1wdXNsYXJvcXVlLmZyXC93cC1jb250ZW50XC91cGxvYWRzXC8yMDI0XC8wN1wvSlVMRVMtRVQtTFVDQVMtQVZFQy1NQVJUQS1KVUlOLTIwMjQtSVJMQU5ERS01LnBuZyIsInNsaWRlc2hvdyI6IjhmYWQ2MzMifQ%3D%3D\" href='https:\/\/agricampuslaroque.fr\/wp-content\/uploads\/2024\/07\/JULES-ET-LUCAS-AVEC-MARTA-JUIN-2024-IRLANDE-5.png'><img loading=\"lazy\" decoding=\"async\" width=\"300\" height=\"225\" src=\"https:\/\/agricampuslaroque.fr\/wp-content\/uploads\/2024\/07\/JULES-ET-LUCAS-AVEC-MARTA-JUIN-2024-IRLANDE-5-300x225.png\" class=\"attachment-medium size-medium\" alt=\"\" aria-describedby=\"gallery-1-6102\" srcset=\"https:\/\/agricampuslaroque.fr\/wp-content\/uploads\/2024\/07\/JULES-ET-LUCAS-AVEC-MARTA-JUIN-2024-IRLANDE-5-300x225.png 300w, https:\/\/agricampuslaroque.fr\/wp-content\/uploads\/2024\/07\/JULES-ET-LUCAS-AVEC-MARTA-JUIN-2024-IRLANDE-5-1024x768.png 1024w, https:\/\/agricampuslaroque.fr\/wp-content\/uploads\/2024\/07\/JULES-ET-LUCAS-AVEC-MARTA-JUIN-2024-IRLANDE-5-768x576.png 768w, https:\/\/agricampuslaroque.fr\/wp-content\/uploads\/2024\/07\/JULES-ET-LUCAS-AVEC-MARTA-JUIN-2024-IRLANDE-5-1536x1152.png 1536w, https:\/\/agricampuslaroque.fr\/wp-content\/uploads\/2024\/07\/JULES-ET-LUCAS-AVEC-MARTA-JUIN-2024-IRLANDE-5.png 2040w\" sizes=\"(max-width: 300px) 100vw, 300px\" \/><\/a>\n\t\t\t<\/div>\n\t\t\t\t<figcaption class='wp-caption-text gallery-caption' id='gallery-1-6102'>\n\t\t\t\tJULES-ET-LUCAS-AVEC-MARTA-JUIN-2024-IRLANDE\n\t\t\t\t<\/figcaption><\/figure>\n\t\t<\/div>\n\t\t<\/div>\n\t\t\t\t\t\t<\/div>\n\t\t\t\t<\/div>\n\t\t\t\t\t<\/div>\n\t\t<\/div>\n\t\t\t\t\t<\/div>\n\t\t<\/section>\n\t\t\t\t<\/div>\n\t\t","protected":false},"excerpt":{"rendered":"<p>Irlande Ireland l&rsquo;irlande: une destination importante L&rsquo;Irlande a toujours \u00e9t\u00e9 une forte destination pour les \u00e9tudiants de l&rsquo;AGRICAMPUS LA ROQUE.\u00a0\u00a0 De nombreux \u00e9tudiant.e.s sont partis en stage, en exploitation agricole, en laboratoire ou dans des centres de recherche.\u00a0\u00a0Une mission ERASMUS + juste avant le COVID et un voyage d&rsquo;\u00e9tudes avec la classe de BTS ANABIOTEC avaient permis de finaliser des stages pour une dizaine d&rsquo;\u00e9tudiants de BTS pour l&rsquo;\u00e9t\u00e9 2019.\u00a0Malheureusement, la pand\u00e9mie a frein\u00e9 toute mobilit\u00e9 pendant cette p\u00e9riode mais la dynamique est repartie.\u00a0Une mission Erasmus + ERASMIP en Novembre 2022 a permis de finaliser de nombreux stages pour les \u00e9tudiants de 1\u00e8re et 2 \u00e8me ann\u00e9e (notamment en BTS Anabiotec).\u00a0\u00a0 Les \u00e9tudiants de 1\u00e8re STAV, de BTS P.A et de BTS ANA\/STA peuvent postuler pour des stages bien encadr\u00e9s.\u00a0 2023 constitue un tournant avec l&rsquo;envoi de 33 stagiaires en Irlande (17 BTS ANABIOTEC, 1 BTS STA, 10 1\u00e8re STAV, 5 BTS PA).\u00a0En ce qui concerne les BTS Anabiotec , des partenariats bien encadr\u00e9s dans des laboratoires environementaux\/sant\u00e9 animale vont permettre \u00e0 10 \u00e9tudiants de partir en 1\u00e8re ann\u00e9e et en 2\u00e8me ann\u00e9e.\u00a0 Cela permettra aux \u00e9tudiant(e)s d&rsquo;\u00eatre plus pr\u00e9par\u00e9(e) pour la poursuite d&rsquo;\u00e9tude, notamment pour tout ceux et celles qui veulent devenir ing\u00e9nieur ou v\u00e9t\u00e9rinaire.\u00a0\u00a0Les \u00e9l\u00e8ves de 1\u00e8re STAV b\u00e9n\u00e9ficient d&rsquo;une bourse ERASMUS+ EFP (aucun frais \u00e0 pr\u00e9voir) et sont accompagn\u00e9s sur place par un\/des membres de l&rsquo;\u00e9quipe \u00e9ducative.\u00a0\u00a0 L&rsquo;id\u00e9e est de travailler sur le long terme et d&rsquo;envoyer les apprenants dans des lieux s\u00e9lectionn\u00e9s avec un gros travail pr\u00e9paratoire de l&rsquo;\u00e9quipe enseignante.Une mission pr\u00e9paratoire Fin Sept 2023 (EFP) permettra de pr\u00e9parer la mise en place d&rsquo;une petite vingtaine de stages pour Juin 2024. LEA-ET-LOUNA-IRLANDE-7 ROMEO-ET-SOHAN-AVEC-MARTIN-JUIN-2024-IRLANDE-6 ARRIVEE-EN-IRLANDE-2024-PHOTO-IRLANDE-3 ARRIVEE-EN-IRLANDE-2024 JULES-ET-LUCAS-AVEC-MARTA-JUIN-2024-IRLANDE<\/p>\n","protected":false},"author":2,"featured_media":0,"parent":960,"menu_order":0,"comment_status":"closed","ping_status":"closed","template":"","meta":{"footnotes":""},"class_list":["post-1726","page","type-page","status-publish","hentry"],"jetpack_sharing_enabled":true,"_links":{"self":[{"href":"https:\/\/agricampuslaroque.fr\/index.php\/wp-json\/wp\/v2\/pages\/1726","targetHints":{"allow":["GET"]}}],"collection":[{"href":"https:\/\/agricampuslaroque.fr\/index.php\/wp-json\/wp\/v2\/pages"}],"about":[{"href":"https:\/\/agricampuslaroque.fr\/index.php\/wp-json\/wp\/v2\/types\/page"}],"author":[{"embeddable":true,"href":"https:\/\/agricampuslaroque.fr\/index.php\/wp-json\/wp\/v2\/users\/2"}],"replies":[{"embeddable":true,"href":"https:\/\/agricampuslaroque.fr\/index.php\/wp-json\/wp\/v2\/comments?post=1726"}],"version-history":[{"count":17,"href":"https:\/\/agricampuslaroque.fr\/index.php\/wp-json\/wp\/v2\/pages\/1726\/revisions"}],"predecessor-version":[{"id":6106,"href":"https:\/\/agricampuslaroque.fr\/index.php\/wp-json\/wp\/v2\/pages\/1726\/revisions\/6106"}],"up":[{"embeddable":true,"href":"https:\/\/agricampuslaroque.fr\/index.php\/wp-json\/wp\/v2\/pages\/960"}],"wp:attachment":[{"href":"https:\/\/agricampuslaroque.fr\/index.php\/wp-json\/wp\/v2\/media?parent=1726"}],"curies":[{"name":"wp","href":"https:\/\/api.w.org\/{rel}","templated":true}]}}