{"id":1285,"date":"2023-03-29T15:32:03","date_gmt":"2023-03-29T13:32:03","guid":{"rendered":"https:\/\/agricampuslaroque.fr\/?page_id=1285"},"modified":"2026-04-08T11:31:26","modified_gmt":"2026-04-08T09:31:26","slug":"taxe-apprentissage","status":"publish","type":"page","link":"https:\/\/agricampuslaroque.fr\/index.php\/taxe-apprentissage\/","title":{"rendered":"Taxe Apprentissage"},"content":{"rendered":"<h2>la taxe d&rsquo;apprentissage<\/h2>\n<h2>Investissez votre taxe d&rsquo;apprentissage dans la formation et le d\u00e9veloppement<\/h2>\n<p><img fetchpriority=\"high\" decoding=\"async\" src=\"https:\/\/agricampuslaroque.fr\/wp-content\/uploads\/2025\/02\/IMGP1782_modif-1024x1024.jpg\" sizes=\"(max-width: 960px) 100vw, 960px\" srcset=\"https:\/\/agricampuslaroque.fr\/wp-content\/uploads\/2025\/02\/IMGP1782_modif-1024x1024.jpg 1024w, https:\/\/agricampuslaroque.fr\/wp-content\/uploads\/2025\/02\/IMGP1782_modif-300x300.jpg 300w, https:\/\/agricampuslaroque.fr\/wp-content\/uploads\/2025\/02\/IMGP1782_modif-150x150.jpg 150w, https:\/\/agricampuslaroque.fr\/wp-content\/uploads\/2025\/02\/IMGP1782_modif-768x768.jpg 768w, https:\/\/agricampuslaroque.fr\/wp-content\/uploads\/2025\/02\/IMGP1782_modif-1536x1536.jpg 1536w, https:\/\/agricampuslaroque.fr\/wp-content\/uploads\/2025\/02\/IMGP1782_modif-2048x2048.jpg 2048w\" alt=\"\" width=\"960\" height=\"960\" \/><\/p>\n<h4>Soutenez l\u2019Agricampus Rodez \u2013 La Roque,<\/h4>\n<p>en nous fl\u00e9chant tout ou une partie de votre solde de taxe d\u2019apprentissage.<\/p>\n<p><a href=\"#plaquette\"><br \/>Plaquette taxe d&rsquo;apprentissage<br \/><\/a><\/p>\n<h4>Le mot du directeur :<\/h4>\n<p>\u00abEn nous versant votre taxe vous contribuerez \u00e0 l\u2019effort d\u2019investissement local aveyronnais et \u00e0 la formation de nos \u00e9tudiants face aux grandes m\u00e9tropoles du sud. Vous participerez \u00e0 l\u2019essor et au dynamisme de l\u2019enseignement agricole dans notre d\u00e9partement\u00bb<\/p>\n<p><img decoding=\"async\" src=\"https:\/\/agricampuslaroque.fr\/wp-content\/uploads\/2025\/03\/IMG-20250303-WA0008.jpg\" sizes=\"(max-width: 1600px) 100vw, 1600px\" srcset=\"https:\/\/agricampuslaroque.fr\/wp-content\/uploads\/2025\/03\/IMG-20250303-WA0008.jpg 1600w, https:\/\/agricampuslaroque.fr\/wp-content\/uploads\/2025\/03\/IMG-20250303-WA0008-300x225.jpg 300w, https:\/\/agricampuslaroque.fr\/wp-content\/uploads\/2025\/03\/IMG-20250303-WA0008-1024x768.jpg 1024w, https:\/\/agricampuslaroque.fr\/wp-content\/uploads\/2025\/03\/IMG-20250303-WA0008-768x576.jpg 768w, https:\/\/agricampuslaroque.fr\/wp-content\/uploads\/2025\/03\/IMG-20250303-WA0008-1536x1152.jpg 1536w\" alt=\"\" width=\"1600\" height=\"1200\" \/><\/p>\n<h3>A quoi sert la taxe d&rsquo;apprentissage ?<\/h3>\n<p>Favoriser le d\u00e9veloppement des formations initiales technologiques, professionnelles et l\u2019insertion professionnelle.<\/p>\n<p>Elle permet \u00e0 l\u2019Agricampus La Roque :<\/p>\n<p>&#8211; d\u2019accompagner les apprenants dans des activit\u00e9s p\u00e9dagogiques<\/p>\n<p>&#8211; d\u2019am\u00e9liorer les \u00e9quipements (mat\u00e9riels de laboratoires, informatiques et ateliers techniques&#8230;)<\/p>\n<p>&#8211; d\u2019organiser des visites en entreprises, accueillir des intervenants..<\/p>\n<h3>Comment verser la taxe d&rsquo;apprentissage ?<\/h3>\n<p>1\/ Cr\u00e9ez votre compte sur Net-entreprise.fr et connectez-vous sur la plateforme <strong>SOLT\u00e9A<\/strong><\/p>\n<p>2\/ Recherchez <strong>LEGTA RODEZ LA ROQUE<\/strong> via le moteur de recherche avec l\u2019<strong>UAI : 0120937D<\/strong> ou le <strong>SIRET : 191 209 378 00014<\/strong><\/p>\n<p>3\/ D\u00e9signez <strong>LEGTA RODEZ LA ROQUE<\/strong> comme \u00e9tablissement b\u00e9n\u00e9ficiaire et validez<\/p>\n<h3>LEGTA RODEZ LA ROQUE<\/h3>\n<p><a href=\"#\"><br \/>UAI : 0120937D<br \/><\/a><br \/><a href=\"#\"><br \/>SIRET : 191 209 378 00014<br \/><\/a><br \/><img decoding=\"async\" src=\"https:\/\/agricampuslaroque.fr\/wp-content\/uploads\/2024\/04\/20240404_134910-scaled.jpg\" sizes=\"(max-width: 2560px) 100vw, 2560px\" srcset=\"https:\/\/agricampuslaroque.fr\/wp-content\/uploads\/2024\/04\/20240404_134910-scaled.jpg 2560w, https:\/\/agricampuslaroque.fr\/wp-content\/uploads\/2024\/04\/20240404_134910-300x135.jpg 300w, https:\/\/agricampuslaroque.fr\/wp-content\/uploads\/2024\/04\/20240404_134910-1024x461.jpg 1024w, https:\/\/agricampuslaroque.fr\/wp-content\/uploads\/2024\/04\/20240404_134910-768x346.jpg 768w, https:\/\/agricampuslaroque.fr\/wp-content\/uploads\/2024\/04\/20240404_134910-1536x691.jpg 1536w, https:\/\/agricampuslaroque.fr\/wp-content\/uploads\/2024\/04\/20240404_134910-2048x922.jpg 2048w\" alt=\"\" width=\"2560\" height=\"1152\" \/><br \/><a href=\"https:\/\/agricampuslaroque.fr\/wp-content\/uploads\/2025\/06\/TA_Timeline.png\" data-elementor-open-lightbox=\"yes\" data-elementor-lightbox-title=\"TA_Timeline\" data-e-action-hash=\"#elementor-action%3Aaction%3Dlightbox%26settings%3DeyJpZCI6ODQzNSwidXJsIjoiaHR0cHM6XC9cL2FncmljYW1wdXNsYXJvcXVlLmZyXC93cC1jb250ZW50XC91cGxvYWRzXC8yMDI1XC8wNlwvVEFfVGltZWxpbmUucG5nIn0%3D\"><br \/><img loading=\"lazy\" decoding=\"async\" src=\"https:\/\/agricampuslaroque.fr\/wp-content\/uploads\/2025\/06\/TA_Timeline-1024x183.png\" sizes=\"(max-width: 960px) 100vw, 960px\" srcset=\"https:\/\/agricampuslaroque.fr\/wp-content\/uploads\/2025\/06\/TA_Timeline-1024x183.png 1024w, https:\/\/agricampuslaroque.fr\/wp-content\/uploads\/2025\/06\/TA_Timeline-300x54.png 300w, https:\/\/agricampuslaroque.fr\/wp-content\/uploads\/2025\/06\/TA_Timeline-768x137.png 768w, https:\/\/agricampuslaroque.fr\/wp-content\/uploads\/2025\/06\/TA_Timeline.png 1331w\" alt=\"\" width=\"960\" height=\"172\" \/> <\/a><br \/><img loading=\"lazy\" decoding=\"async\" src=\"https:\/\/agricampuslaroque.fr\/wp-content\/uploads\/2024\/03\/AGRICAMPUS_PAYSAGE_2024-scaled.jpg\" sizes=\"(max-width: 2560px) 100vw, 2560px\" srcset=\"https:\/\/agricampuslaroque.fr\/wp-content\/uploads\/2024\/03\/AGRICAMPUS_PAYSAGE_2024-scaled.jpg 2560w, https:\/\/agricampuslaroque.fr\/wp-content\/uploads\/2024\/03\/AGRICAMPUS_PAYSAGE_2024-300x225.jpg 300w, https:\/\/agricampuslaroque.fr\/wp-content\/uploads\/2024\/03\/AGRICAMPUS_PAYSAGE_2024-1024x768.jpg 1024w, https:\/\/agricampuslaroque.fr\/wp-content\/uploads\/2024\/03\/AGRICAMPUS_PAYSAGE_2024-768x576.jpg 768w, https:\/\/agricampuslaroque.fr\/wp-content\/uploads\/2024\/03\/AGRICAMPUS_PAYSAGE_2024-1536x1152.jpg 1536w, https:\/\/agricampuslaroque.fr\/wp-content\/uploads\/2024\/03\/AGRICAMPUS_PAYSAGE_2024-2048x1536.jpg 2048w\" alt=\"\" width=\"2560\" height=\"1920\" \/><\/p>\n<h3>Quelques chiffres :<\/h3>\n<p>\u00c9l\u00e8ves et \u00e9tudiants : entre 530 et 580 selon les ann\u00e9es<br \/>Taux de r\u00e9ussite aux examens : 95 % sur les derni\u00e8res ann\u00e9es<br \/>Apprentis et stagiaires de la formation continue : 145<br \/>D&rsquo;admis en \u00e9coles d&rsquo;ing\u00e9nieurs ou v\u00e9t\u00e9rinaires : 4 pour V\u00e9to et 9 pour Ing\u00e9nieur<br \/>Apprenants en stages \u00e0 l&rsquo;\u00e9tranger (Irlande, Espagne, Inde, Tha\u00eflande, Cameroun&#8230;) :\u00a0 environ 70 \u00e9l\u00e8ves et \u00e9tudiants.<\/p>\n<h3>L&rsquo;\u00e9tablissement :<\/h3>\n<p>L\u2019Agricampus La Roque accueille des apprenants en formation initiale scolaire, par apprentissage et en formation continue au sein d\u2019un LEGTA, d\u2019un CFPPA et d\u2019un CFA. Deux autres centres constitutifs participent de fa\u00e7on essentielle \u00e0 l\u2019ensemble des formations : l\u2019Exploitation agricole et l\u2019Atelier agroalimentaire.<\/p>\n<p>APRES LA 3\u00e8me :<\/p>\n<ul>\n<li>\u2013 <strong>SECONDE PROFESSIONNELLE<\/strong> \u2013 Production agricole ( en apprentissage)<\/li>\n<li>\u00a0&#8211; <strong>CAPa M\u00e9tiers de l&rsquo;agriculture<\/strong> &#8211; option ruminants (en apprentissage)<\/li>\n<li>\u2013 <strong>SECONDE GENERALE ET TECHNOLOGIQUE<\/strong> \u2013 Option : Ecologie, Agronomie, Territoire, D\u00e9veloppement Durable (EATDD)<\/li>\n<li>\u2013 <strong>BAC GENERAL<\/strong> sp\u00e9cialit\u00e9s : biologie-\u00e9cologie, physique-chimie, math\u00e9matiques + option : Agronomie, Economie et Territoires (AET)<\/li>\n<li>\u2013 <strong>BAC TECHNOLOGIQUE<\/strong> Sciences et technologies de l\u2019agronomie et du vivant. Domaines technologiques : Production, Am\u00e9nagements, Agro\u00e9quipement et Transformation<\/li>\n<li>\u2013 <strong>BAC PROFESSIONNEL \u2013 CGEA<\/strong> : Conduite et Gestion de l\u2019Entreprise Agricole (en apprentissage)\u00a0<\/li>\n<\/ul>\n<p>APRES UN BAC :<\/p>\n<ul>\n<li>\u2013 BTSA \u2013 <strong>Analyses Agricoles, Biologiques et Biotechnologies<\/strong><\/li>\n<li>\u2013 BTSA \u2013 <strong>M\u00e9tiers de l\u2019\u00e9levage<\/strong><\/li>\n<li>\u2013 BTSA \u2013 <strong>BioQUALIM<\/strong> : Qualit\u00e9, Alimentation, Innovation et Ma\u00eetrise sanitaire. Option : Aliments et processus technologiques (voie scolaire et apprentissage)<\/li>\n<li>\u2013 BTSA \u2013 <strong>Technico-commercial<\/strong> : Biens et services pour l\u2019agriculture, Alimentation et boissons, Univers jardin et animaux de compagnie (en apprentissage)<\/li>\n<\/ul>\n<p>APRES UN BAC+2 :<\/p>\n<ul>\n<li>\u2013 <strong>CLASSE Passerelle<\/strong> \u2013 Ecoles v\u00e9t\u00e9rinaires et d\u2019ing\u00e9nieurs agronomes (post BTSA\/BTS)<\/li>\n<li>\u2013 <strong>LICENCE PROFESSIONNELLE<\/strong> \u2013 Technico-commercial en Nutrition Animale et en Agrofournitures\u00a0 (en apprentissage)<\/li>\n<li>\u2013 <strong>LICENCE PROFESSIONNELLE<\/strong> \u2013 Droit et gestion des entreprises du secteur agricole en partenariat avec l\u2019universit\u00e9 Toulouse 1 Capitole (en apprentissage)<\/li>\n<li>&#8211; LICENCE PRO QSA &#8211; Qualit\u00e9 et S\u00e9curit\u00e9 des Aliments et laboratoire (en apprentissage)<\/li>\n<\/ul>\n<h2>T\u00e9l\u00e9charger la plaquette taxe d&rsquo;apprentissage<\/h2>\n<p><a href=\"https:\/\/agricampuslaroque.fr\/wp-content\/uploads\/2025\/06\/TAXE_COMPLET_2025_MAIL.pdf\" target=\"_blank\" rel=\"noopener\"><br \/>Plaquette Taxe d&rsquo;apprentissage<br \/><\/a><br \/><a href=\"https:\/\/agricampuslaroque.fr\/wp-content\/uploads\/2025\/06\/PromesseVersement_TA_2025.pdf\" target=\"_blank\" rel=\"noopener\"><br \/>Promesse de Versement Taxe d&rsquo;apprentissage<br \/><\/a><\/p>\n\n\n<p><\/p>\n","protected":false},"excerpt":{"rendered":"<p>la taxe d&rsquo;apprentissage Investissez votre taxe d&rsquo;apprentissage dans la formation et le d\u00e9veloppement Soutenez l\u2019Agricampus Rodez \u2013 La Roque, en nous fl\u00e9chant tout ou une partie de votre solde de taxe d\u2019apprentissage. Plaquette taxe d&rsquo;apprentissage Le mot du directeur : \u00abEn nous versant votre taxe vous contribuerez \u00e0 l\u2019effort d\u2019investissement local aveyronnais et \u00e0 la formation de nos \u00e9tudiants face aux grandes m\u00e9tropoles du sud. Vous participerez \u00e0 l\u2019essor et au dynamisme de l\u2019enseignement agricole dans notre d\u00e9partement\u00bb A quoi sert la taxe d&rsquo;apprentissage ? Favoriser le d\u00e9veloppement des formations initiales technologiques, professionnelles et l\u2019insertion professionnelle. Elle permet \u00e0 l\u2019Agricampus La Roque : &#8211; d\u2019accompagner les apprenants dans des activit\u00e9s p\u00e9dagogiques &#8211; d\u2019am\u00e9liorer les \u00e9quipements (mat\u00e9riels de laboratoires, informatiques et ateliers techniques&#8230;) &#8211; d\u2019organiser des visites en entreprises, accueillir des intervenants.. Comment verser la taxe d&rsquo;apprentissage ? 1\/ Cr\u00e9ez votre compte sur Net-entreprise.fr et connectez-vous sur la plateforme SOLT\u00e9A 2\/ Recherchez LEGTA RODEZ LA ROQUE via le moteur de recherche avec l\u2019UAI : 0120937D ou le SIRET : 191 209 378 00014 3\/ D\u00e9signez LEGTA RODEZ LA ROQUE comme \u00e9tablissement b\u00e9n\u00e9ficiaire et validez LEGTA RODEZ LA ROQUE UAI : 0120937DSIRET : 191 209 378 00014 Quelques chiffres : \u00c9l\u00e8ves et \u00e9tudiants : entre 530 et 580 selon les ann\u00e9esTaux de r\u00e9ussite aux examens : 95 % sur les derni\u00e8res ann\u00e9esApprentis et stagiaires de la formation continue : 145D&rsquo;admis en \u00e9coles d&rsquo;ing\u00e9nieurs ou v\u00e9t\u00e9rinaires : 4 pour V\u00e9to et 9 pour Ing\u00e9nieurApprenants en stages \u00e0 l&rsquo;\u00e9tranger (Irlande, Espagne, Inde, Tha\u00eflande, Cameroun&#8230;) :\u00a0 environ 70 \u00e9l\u00e8ves et \u00e9tudiants. L&rsquo;\u00e9tablissement : L\u2019Agricampus La Roque accueille des apprenants en formation initiale scolaire, par apprentissage et en formation continue au sein d\u2019un LEGTA, d\u2019un CFPPA et d\u2019un CFA. Deux autres centres constitutifs participent de fa\u00e7on essentielle \u00e0 l\u2019ensemble des formations : l\u2019Exploitation agricole et l\u2019Atelier agroalimentaire. APRES LA 3\u00e8me : \u2013 SECONDE PROFESSIONNELLE \u2013 Production agricole ( en apprentissage) \u00a0&#8211; CAPa M\u00e9tiers de l&rsquo;agriculture &#8211; option ruminants (en apprentissage) \u2013 SECONDE GENERALE ET TECHNOLOGIQUE \u2013 Option : Ecologie, Agronomie, Territoire, D\u00e9veloppement Durable (EATDD) \u2013 BAC GENERAL sp\u00e9cialit\u00e9s : biologie-\u00e9cologie, physique-chimie, math\u00e9matiques + option : Agronomie, Economie et Territoires (AET) \u2013 BAC TECHNOLOGIQUE Sciences et technologies de l\u2019agronomie et du vivant. Domaines technologiques : Production, Am\u00e9nagements, Agro\u00e9quipement et Transformation \u2013 BAC PROFESSIONNEL \u2013 CGEA : Conduite et Gestion de l\u2019Entreprise Agricole (en apprentissage)\u00a0 APRES UN BAC : \u2013 BTSA \u2013 Analyses Agricoles, Biologiques et Biotechnologies \u2013 BTSA \u2013 M\u00e9tiers de l\u2019\u00e9levage \u2013 BTSA \u2013 BioQUALIM : Qualit\u00e9, Alimentation, Innovation et Ma\u00eetrise sanitaire. Option : Aliments et processus technologiques (voie scolaire et apprentissage) \u2013 BTSA \u2013 Technico-commercial : Biens et services pour l\u2019agriculture, Alimentation et boissons, Univers jardin et animaux de compagnie (en apprentissage) APRES UN BAC+2 : \u2013 CLASSE Passerelle \u2013 Ecoles v\u00e9t\u00e9rinaires et d\u2019ing\u00e9nieurs agronomes (post BTSA\/BTS) \u2013 LICENCE PROFESSIONNELLE \u2013 Technico-commercial en Nutrition Animale et en Agrofournitures\u00a0 (en apprentissage) \u2013 LICENCE PROFESSIONNELLE \u2013 Droit et gestion des entreprises du secteur agricole en partenariat avec l\u2019universit\u00e9 Toulouse 1 Capitole (en apprentissage) &#8211; LICENCE PRO QSA &#8211; Qualit\u00e9 et S\u00e9curit\u00e9 des Aliments et laboratoire (en apprentissage) T\u00e9l\u00e9charger la plaquette taxe d&rsquo;apprentissage Plaquette Taxe d&rsquo;apprentissagePromesse de Versement Taxe d&rsquo;apprentissage<\/p>\n","protected":false},"author":2,"featured_media":0,"parent":0,"menu_order":0,"comment_status":"closed","ping_status":"closed","template":"","meta":{"footnotes":""},"class_list":["post-1285","page","type-page","status-publish","hentry"],"jetpack_sharing_enabled":true,"_links":{"self":[{"href":"https:\/\/agricampuslaroque.fr\/index.php\/wp-json\/wp\/v2\/pages\/1285","targetHints":{"allow":["GET"]}}],"collection":[{"href":"https:\/\/agricampuslaroque.fr\/index.php\/wp-json\/wp\/v2\/pages"}],"about":[{"href":"https:\/\/agricampuslaroque.fr\/index.php\/wp-json\/wp\/v2\/types\/page"}],"author":[{"embeddable":true,"href":"https:\/\/agricampuslaroque.fr\/index.php\/wp-json\/wp\/v2\/users\/2"}],"replies":[{"embeddable":true,"href":"https:\/\/agricampuslaroque.fr\/index.php\/wp-json\/wp\/v2\/comments?post=1285"}],"version-history":[{"count":144,"href":"https:\/\/agricampuslaroque.fr\/index.php\/wp-json\/wp\/v2\/pages\/1285\/revisions"}],"predecessor-version":[{"id":9488,"href":"https:\/\/agricampuslaroque.fr\/index.php\/wp-json\/wp\/v2\/pages\/1285\/revisions\/9488"}],"wp:attachment":[{"href":"https:\/\/agricampuslaroque.fr\/index.php\/wp-json\/wp\/v2\/media?parent=1285"}],"curies":[{"name":"wp","href":"https:\/\/api.w.org\/{rel}","templated":true}]}}